{"id":997905,"date":"2025-05-13T14:37:16","date_gmt":"2025-05-13T12:37:16","guid":{"rendered":"https:\/\/osatech.ch\/shop\/index.php\/prodotto\/tansa-tornello-ltf-513s"},"modified":"2025-05-13T14:40:38","modified_gmt":"2025-05-13T12:40:38","slug":"tansa-tornello-ltf-513s","status":"publish","type":"product","link":"https:\/\/osatech.ch\/shop\/index.php\/prodotto\/tansa-tornello-ltf-513s","title":{"rendered":"TANSA Tornello LTF 513S"},"content":{"rendered":"<p>I tornelli a tutta altezza sono generalmente progettati per fornire la massima sicurezza e un facile passaggio in luoghi in cui alcuni utenti potrebbero essere tentati di ricorrere alla forza bruta per l&#8217;accesso. Tuttavia, data l&#8217;ampia variet\u00e0 di modi in cui vengono ridistribuiti, oggi i tornelli a tutta altezza sono installati anche nelle lobby di lussuosi grattacieli e opulenti sedi aziendali. Ecco perch\u00e9 TANSA \u00e8 orgogliosa di offrire LTF 513, un tornello a tutta altezza che esalta il \u201ccurb appeal\u201d anche dello spazio commerciale pi\u00f9 esclusivo. Questo tornello della &#8220;serie firmata&#8221; \u00e8 progettato pensando a quegli ambienti in cui l&#8217;appeal visivo e l&#8217;estetica raffinata sono una priorit\u00e0 assoluta. Una caratteristica distintiva del tornello a tutta altezza LTF 513 \u00e8 il modo in cui le sue ali di vetro negano qualsiasi accesso al personale o al carico quando non viene effettuato alcun tentativo di accesso. Grazie a tale caratteristica, LTF 513 offre il vantaggio della massima sicurezza di accesso migliorando l&#8217;estetica del proprio ambiente. Tutte le parti meccaniche e i sistemi di controllo elettromeccanici dell&#8217;LTF 513 sono prodotti negli impianti di produzione high-tech di TANSA.<\/p>\n<p>&#8211; Tornello a tutta altezza a 3 bracci<br \/>\n&#8211; Completamente  in acciaio inossidabile  qualit\u00e0  AISI  304<br \/>\n&#8211; Ante in vetro temperato  10 mm<br \/>\n&#8211; Larghezza  di passaggio  65 cm.&#8221;<\/p>\n","protected":false},"excerpt":{"rendered":"<p>I tornelli a tutta altezza sono generalmente progettati per fornire la massima sicurezza e un facile passaggio in luoghi in cui alcuni utenti potrebbero essere tentati di ricorrere alla forza bruta per l&#8217;accesso. Tuttavia, data l&#8217;ampia variet\u00e0 di modi in cui vengono ridistribuiti, oggi i tornelli a tutta altezza sono installati anche nelle lobby di [&hellip;]<\/p>\n","protected":false},"featured_media":997904,"template":"","meta":[],"product_brand":[],"product_cat":[3856,4117],"product_tag":[],"yst_prominent_words":[],"class_list":{"0":"post-997905","1":"product","2":"type-product","3":"status-publish","4":"has-post-thumbnail","6":"product_cat-tornelli","7":"product_cat-tornelli-tansa","9":"first","10":"instock","11":"taxable","12":"shipping-taxable","13":"purchasable","14":"product-type-simple"},"_links":{"self":[{"href":"https:\/\/osatech.ch\/shop\/index.php\/wp-json\/wp\/v2\/product\/997905","targetHints":{"allow":["GET"]}}],"collection":[{"href":"https:\/\/osatech.ch\/shop\/index.php\/wp-json\/wp\/v2\/product"}],"about":[{"href":"https:\/\/osatech.ch\/shop\/index.php\/wp-json\/wp\/v2\/types\/product"}],"wp:featuredmedia":[{"embeddable":true,"href":"https:\/\/osatech.ch\/shop\/index.php\/wp-json\/wp\/v2\/media\/997904"}],"wp:attachment":[{"href":"https:\/\/osatech.ch\/shop\/index.php\/wp-json\/wp\/v2\/media?parent=997905"}],"wp:term":[{"taxonomy":"product_brand","embeddable":true,"href":"https:\/\/osatech.ch\/shop\/index.php\/wp-json\/wp\/v2\/product_brand?post=997905"},{"taxonomy":"product_cat","embeddable":true,"href":"https:\/\/osatech.ch\/shop\/index.php\/wp-json\/wp\/v2\/product_cat?post=997905"},{"taxonomy":"product_tag","embeddable":true,"href":"https:\/\/osatech.ch\/shop\/index.php\/wp-json\/wp\/v2\/product_tag?post=997905"},{"taxonomy":"yst_prominent_words","embeddable":true,"href":"https:\/\/osatech.ch\/shop\/index.php\/wp-json\/wp\/v2\/yst_prominent_words?post=997905"}],"curies":[{"name":"wp","href":"https:\/\/api.w.org\/{rel}","templated":true}]}}