{"id":997764,"date":"2025-05-13T14:35:55","date_gmt":"2025-05-13T12:35:55","guid":{"rendered":"https:\/\/osatech.ch\/shop\/index.php\/prodotto\/tansa-tornello-ltt-323-d"},"modified":"2025-05-13T14:39:45","modified_gmt":"2025-05-13T12:39:45","slug":"tansa-tornello-ltt-323-d","status":"publish","type":"product","link":"https:\/\/osatech.ch\/shop\/index.php\/prodotto\/tansa-tornello-ltt-323-d","title":{"rendered":"TANSA Tornello LTT 323 D"},"content":{"rendered":"<p>LTT 323 viene utilizzato per regolare l&#8217;accesso del personale e dei visitatori a spazi opulenti come sedi centrali, istituzioni finanziarie, banche e tutti i siti in cui l&#8217;estetica \u00e8 prioritaria. I tornelli TANSA accettano e funzionano con un&#8217;ampia variet\u00e0 di lettori di prossimit\u00e0, magnetici o biometrici. Il tornello della serie TTT 323, utilizzabile sia internamente che esternamente, \u00e8 costruito in acciaio inox. \u00c8 inoltre disponibile verniciato con vernice a polvere elettrostatica in un colore a scelta. Il pi\u00f9 grande vantaggio del meccanismo \u00e8 la sua costruzione saldata monoblocco. In alcune marche di tornelli, il meccanismo \u00e8 fissato al corpo del tornello mediante bulloni e viti. Al contrario, i meccanismi di testa dei tornelli TANSA sono realizzati come un blocco unico integrato saldato al corpo. Grazie a tale costruzione robusta, nel tempo non si verificano allentamenti o deformazioni nel meccanismo del tornello. Un tornello TANSA pu\u00f2 essere utilizzato sia unidirezionale che bidirezionale grazie al suo design elettromeccanico. La selezione della direzione pu\u00f2 essere configurata facilmente dal personale di sicurezza autorizzato del cliente. Il diritto di accesso pu\u00f2 essere negato o concesso in remoto. Tutta la ferramenta meccanica e i sistemi di controllo elettromeccanici sono prodotti negli stabilimenti di produzione di TANSA<\/p>\n","protected":false},"excerpt":{"rendered":"<p>LTT 323 viene utilizzato per regolare l&#8217;accesso del personale e dei visitatori a spazi opulenti come sedi centrali, istituzioni finanziarie, banche e tutti i siti in cui l&#8217;estetica \u00e8 prioritaria. I tornelli TANSA accettano e funzionano con un&#8217;ampia variet\u00e0 di lettori di prossimit\u00e0, magnetici o biometrici. Il tornello della serie TTT 323, utilizzabile sia internamente [&hellip;]<\/p>\n","protected":false},"featured_media":55302,"template":"","meta":[],"product_brand":[],"product_cat":[3856,4117],"product_tag":[],"yst_prominent_words":[],"class_list":{"0":"post-997764","1":"product","2":"type-product","3":"status-publish","4":"has-post-thumbnail","6":"product_cat-tornelli","7":"product_cat-tornelli-tansa","9":"first","10":"instock","11":"taxable","12":"shipping-taxable","13":"purchasable","14":"product-type-simple"},"_links":{"self":[{"href":"https:\/\/osatech.ch\/shop\/index.php\/wp-json\/wp\/v2\/product\/997764","targetHints":{"allow":["GET"]}}],"collection":[{"href":"https:\/\/osatech.ch\/shop\/index.php\/wp-json\/wp\/v2\/product"}],"about":[{"href":"https:\/\/osatech.ch\/shop\/index.php\/wp-json\/wp\/v2\/types\/product"}],"wp:featuredmedia":[{"embeddable":true,"href":"https:\/\/osatech.ch\/shop\/index.php\/wp-json\/wp\/v2\/media\/55302"}],"wp:attachment":[{"href":"https:\/\/osatech.ch\/shop\/index.php\/wp-json\/wp\/v2\/media?parent=997764"}],"wp:term":[{"taxonomy":"product_brand","embeddable":true,"href":"https:\/\/osatech.ch\/shop\/index.php\/wp-json\/wp\/v2\/product_brand?post=997764"},{"taxonomy":"product_cat","embeddable":true,"href":"https:\/\/osatech.ch\/shop\/index.php\/wp-json\/wp\/v2\/product_cat?post=997764"},{"taxonomy":"product_tag","embeddable":true,"href":"https:\/\/osatech.ch\/shop\/index.php\/wp-json\/wp\/v2\/product_tag?post=997764"},{"taxonomy":"yst_prominent_words","embeddable":true,"href":"https:\/\/osatech.ch\/shop\/index.php\/wp-json\/wp\/v2\/yst_prominent_words?post=997764"}],"curies":[{"name":"wp","href":"https:\/\/api.w.org\/{rel}","templated":true}]}}