{"id":997746,"date":"2025-05-13T14:35:43","date_gmt":"2025-05-13T12:35:43","guid":{"rendered":"https:\/\/osatech.ch\/shop\/index.php\/prodotto\/tansa-tornello-ltf-114-d"},"modified":"2025-05-13T14:39:35","modified_gmt":"2025-05-13T12:39:35","slug":"tansa-tornello-ltf-114-d","status":"publish","type":"product","link":"https:\/\/osatech.ch\/shop\/index.php\/prodotto\/tansa-tornello-ltf-114-d","title":{"rendered":"TANSA Tornello LTF 114 D"},"content":{"rendered":"<p>I tornelli a tutta altezza vengono utilizzati laddove si prevede che un tentativo di accesso mediante l&#8217;uso della forza assoluta sia un fattore. Ci\u00f2 che i tornelli a tutta altezza rendono evidente \u00e8 il fatto che non si pu\u00f2 attraversare saltandoci sopra o saltandoci sopra. In questi tipi di tornelli \u00e8 stata data priorit\u00e0 alla resistenza piuttosto che all&#8217;estetica. Principali tipi di applicazione Carceri e istituti penitenziari Quando nei punti di ingresso e uscita sono installati tornelli a tutta altezza, nessuna persona sprovvista di apposita autorizzazione di accesso pu\u00f2 entrare o uscire dal sito o dall&#8217;edificio.<\/p>\n<p>In questo tipo di installazione non hanno alcun ruolo l&#8217;incuria o la negligenza del personale addetto alla sicurezza della porta in quanto questi tornelli funzionano con lettori di card. Stadi e impianti sportivi Queste strutture richiedono un biglietto costoso per l&#8217;ingresso. Ecco perch\u00e9 i tornelli a tutta altezza TANSA per questi tipi di installazioni sono progettati e realizzati per garantire che non possano essere spinti o aperti dalla forza muscolare. Queste unit\u00e0 trasmettono il messaggio che non vale la pena correre rischi per qualsiasi accesso non autorizzato poich\u00e9 non \u00e8 fisicamente possibile.<\/p>\n","protected":false},"excerpt":{"rendered":"<p>I tornelli a tutta altezza vengono utilizzati laddove si prevede che un tentativo di accesso mediante l&#8217;uso della forza assoluta sia un fattore. Ci\u00f2 che i tornelli a tutta altezza rendono evidente \u00e8 il fatto che non si pu\u00f2 attraversare saltandoci sopra o saltandoci sopra. In questi tipi di tornelli \u00e8 stata data priorit\u00e0 alla [&hellip;]<\/p>\n","protected":false},"featured_media":55398,"template":"","meta":[],"product_brand":[],"product_cat":[3856,4117],"product_tag":[],"yst_prominent_words":[],"class_list":{"0":"post-997746","1":"product","2":"type-product","3":"status-publish","4":"has-post-thumbnail","6":"product_cat-tornelli","7":"product_cat-tornelli-tansa","9":"first","10":"instock","11":"taxable","12":"shipping-taxable","13":"purchasable","14":"product-type-simple"},"_links":{"self":[{"href":"https:\/\/osatech.ch\/shop\/index.php\/wp-json\/wp\/v2\/product\/997746","targetHints":{"allow":["GET"]}}],"collection":[{"href":"https:\/\/osatech.ch\/shop\/index.php\/wp-json\/wp\/v2\/product"}],"about":[{"href":"https:\/\/osatech.ch\/shop\/index.php\/wp-json\/wp\/v2\/types\/product"}],"wp:featuredmedia":[{"embeddable":true,"href":"https:\/\/osatech.ch\/shop\/index.php\/wp-json\/wp\/v2\/media\/55398"}],"wp:attachment":[{"href":"https:\/\/osatech.ch\/shop\/index.php\/wp-json\/wp\/v2\/media?parent=997746"}],"wp:term":[{"taxonomy":"product_brand","embeddable":true,"href":"https:\/\/osatech.ch\/shop\/index.php\/wp-json\/wp\/v2\/product_brand?post=997746"},{"taxonomy":"product_cat","embeddable":true,"href":"https:\/\/osatech.ch\/shop\/index.php\/wp-json\/wp\/v2\/product_cat?post=997746"},{"taxonomy":"product_tag","embeddable":true,"href":"https:\/\/osatech.ch\/shop\/index.php\/wp-json\/wp\/v2\/product_tag?post=997746"},{"taxonomy":"yst_prominent_words","embeddable":true,"href":"https:\/\/osatech.ch\/shop\/index.php\/wp-json\/wp\/v2\/yst_prominent_words?post=997746"}],"curies":[{"name":"wp","href":"https:\/\/api.w.org\/{rel}","templated":true}]}}