{"id":93802,"date":"2024-08-25T19:04:38","date_gmt":"2024-08-25T17:04:38","guid":{"rendered":"https:\/\/osatech.ch\/shop\/index.php\/prodotto\/hikvision-kit-telecamera-di-rete-4g-con-alimentazione-solare-e-proiettile-anpr-da-4-mp-3"},"modified":"2024-09-10T11:07:22","modified_gmt":"2024-09-10T09:07:22","slug":"hikvision-kit-telecamera-di-rete-4g-con-alimentazione-solare-e-proiettile-anpr-da-4-mp-3","status":"publish","type":"product","link":"https:\/\/osatech.ch\/shop\/index.php\/prodotto\/hikvision-kit-telecamera-di-rete-4g-con-alimentazione-solare-e-proiettile-anpr-da-4-mp-3","title":{"rendered":"Hikvision Kit telecamera di rete 4G con alimentazione solare e proiettile ANPR da 4 MP"},"content":{"rendered":"<p>La Hikvision DS-2DE5425IWG-K\/4G \u00e8 una potente telecamera di sicurezza PTZ ad energia solare con risoluzione 4 MP e zoom ottico 25x. Questa telecamera \u00e8 ideale per l&#8217;uso in aree remote dove non \u00e8 presente alimentazione elettrica. Ha un pannello solare da 80WH e supporta sia la modalit\u00e0 prestazioni che la modalit\u00e0 risparmio energetico, consumando solo 3 W in modalit\u00e0 a basso consumo e 0,3 W in modalit\u00e0 sospensione.<\/p>\n<p>Altre caratteristiche includono panoramica e inclinazione a 360\u00b0 (da -15\u00b0 a 90\u00b0 con capovolgimento automatico), illuminazione IR fino a 120 me varie tecnologie di miglioramento dell&#8217;immagine come WDR, BLC e 3D-DNR. La telecamera \u00e8 certificata IP66 e quindi impermeabile e antipolvere. Offre inoltre protezione contro i fulmini integrata e spazio di archiviazione eMMC fino a 256 GB\u200b.<\/p>\n<p>Caratteristiche:<br \/>\nRisoluzione 4MP (2560&#215;1440)<br \/>\nZoom ottico 25x, zoom digitale 16x<br \/>\nPannello solare da 80WH<br \/>\nConsumo energetico estremamente basso (3 W in modalit\u00e0 risparmio energetico, 0,3 W in modalit\u00e0 sospensione)<br \/>\nFunzione panoramica e inclinazione a 360\u00b0 (da -15\u00b0 a 90\u00b0)<br \/>\nIlluminazione IR fino a 120 m<br \/>\nTecnologie di miglioramento delle immagini: WDR, BLC, 3D-DNR<br \/>\nCertificato IP66 (impermeabile e antipolvere)<br \/>\nProtezione contro i fulmini integrata e memoria eMMC da 256 GB<\/p>\n","protected":false},"excerpt":{"rendered":"<p>La Hikvision DS-2DE5425IWG-K\/4G \u00e8 una potente telecamera di sicurezza PTZ ad energia solare con risoluzione 4 MP e zoom ottico 25x. Questa telecamera \u00e8 ideale per l&#8217;uso in aree remote dove non \u00e8 presente alimentazione elettrica. Ha un pannello solare da 80WH e supporta sia la modalit\u00e0 prestazioni che la modalit\u00e0 risparmio energetico, consumando solo [&hellip;]<\/p>\n","protected":false},"featured_media":93801,"template":"","meta":[],"product_brand":[],"product_cat":[4120,4023],"product_tag":[],"yst_prominent_words":[],"class_list":{"0":"post-93802","1":"product","2":"type-product","3":"status-publish","4":"has-post-thumbnail","6":"product_cat-green-hikvision","7":"product_cat-telecamere-hikvision","9":"first","10":"instock","11":"taxable","12":"shipping-taxable","13":"purchasable","14":"product-type-simple"},"_links":{"self":[{"href":"https:\/\/osatech.ch\/shop\/index.php\/wp-json\/wp\/v2\/product\/93802","targetHints":{"allow":["GET"]}}],"collection":[{"href":"https:\/\/osatech.ch\/shop\/index.php\/wp-json\/wp\/v2\/product"}],"about":[{"href":"https:\/\/osatech.ch\/shop\/index.php\/wp-json\/wp\/v2\/types\/product"}],"wp:featuredmedia":[{"embeddable":true,"href":"https:\/\/osatech.ch\/shop\/index.php\/wp-json\/wp\/v2\/media\/93801"}],"wp:attachment":[{"href":"https:\/\/osatech.ch\/shop\/index.php\/wp-json\/wp\/v2\/media?parent=93802"}],"wp:term":[{"taxonomy":"product_brand","embeddable":true,"href":"https:\/\/osatech.ch\/shop\/index.php\/wp-json\/wp\/v2\/product_brand?post=93802"},{"taxonomy":"product_cat","embeddable":true,"href":"https:\/\/osatech.ch\/shop\/index.php\/wp-json\/wp\/v2\/product_cat?post=93802"},{"taxonomy":"product_tag","embeddable":true,"href":"https:\/\/osatech.ch\/shop\/index.php\/wp-json\/wp\/v2\/product_tag?post=93802"},{"taxonomy":"yst_prominent_words","embeddable":true,"href":"https:\/\/osatech.ch\/shop\/index.php\/wp-json\/wp\/v2\/yst_prominent_words?post=93802"}],"curies":[{"name":"wp","href":"https:\/\/api.w.org\/{rel}","templated":true}]}}