{"id":93619,"date":"2024-08-25T18:52:52","date_gmt":"2024-08-25T16:52:52","guid":{"rendered":"https:\/\/osatech.ch\/shop\/index.php\/prodotto\/hikvision-speed-dome-di-rete-a-doppio-spettro-termico-e-ottico"},"modified":"2024-08-28T14:33:17","modified_gmt":"2024-08-28T12:33:17","slug":"hikvision-speed-dome-di-rete-a-doppio-spettro-termico-e-ottico","status":"publish","type":"product","link":"https:\/\/osatech.ch\/shop\/index.php\/prodotto\/hikvision-speed-dome-di-rete-a-doppio-spettro-termico-e-ottico","title":{"rendered":"Hikvision Speed \u200b\u200bDome di rete a doppio spettro termico e ottico"},"content":{"rendered":"<p>Funzione di protezione perimetrale: attraversamento di linea, intrusione, ingresso e uscita dalla zona<br \/>\nAllarme di eccezione della temperatura per la prevenzione degli incendi, da -20\u00b0C a 150\u00b0C (da -4\u00b0F a 302\u00b0F), \u00b1 8\u00b0C (\u00b1 14,4\u00b0F)<br \/>\nAlgoritmo di rilevamento incendi<br \/>\n384 \u00d7 288 (la risoluzione dell&#8217;immagine in uscita \u00e8 1280 \u00d7 720) risoluzione 12 \u03bcm, VOx UFPA, NETD \u2264 35 mK (25 \u00b0C, F# = 1,0)<br \/>\nTecnologia di elaborazione delle immagini: Liner, istogramma e modalit\u00e0 AGC termica autoadattativa, DDE, 3D DNR<br \/>\nRilevatore di alta qualit\u00e0 con 10 anni di garanzia<br \/>\nTracciamento intelligente: tracciamento panoramico, tracciamento degli eventi e tracciamento delle pattuglie multi-scena<br \/>\nCollegamento di tracciamento intelligente: vista termica e vista ottica<br \/>\nRilevazione del fumo per la prevenzione degli incendi<\/p>\n","protected":false},"excerpt":{"rendered":"<p>Funzione di protezione perimetrale: attraversamento di linea, intrusione, ingresso e uscita dalla zona Allarme di eccezione della temperatura per la prevenzione degli incendi, da -20\u00b0C a 150\u00b0C (da -4\u00b0F a 302\u00b0F), \u00b1 8\u00b0C (\u00b1 14,4\u00b0F) Algoritmo di rilevamento incendi 384 \u00d7 288 (la risoluzione dell&#8217;immagine in uscita \u00e8 1280 \u00d7 720) risoluzione 12 \u03bcm, VOx [&hellip;]<\/p>\n","protected":false},"featured_media":93618,"template":"","meta":[],"product_brand":[],"product_cat":[4023,4096],"product_tag":[],"yst_prominent_words":[],"class_list":{"0":"post-93619","1":"product","2":"type-product","3":"status-publish","4":"has-post-thumbnail","6":"product_cat-telecamere-hikvision","7":"product_cat-termiche-hikvision-telecamere-hikvision","9":"first","10":"instock","11":"taxable","12":"shipping-taxable","13":"purchasable","14":"product-type-simple"},"_links":{"self":[{"href":"https:\/\/osatech.ch\/shop\/index.php\/wp-json\/wp\/v2\/product\/93619","targetHints":{"allow":["GET"]}}],"collection":[{"href":"https:\/\/osatech.ch\/shop\/index.php\/wp-json\/wp\/v2\/product"}],"about":[{"href":"https:\/\/osatech.ch\/shop\/index.php\/wp-json\/wp\/v2\/types\/product"}],"wp:featuredmedia":[{"embeddable":true,"href":"https:\/\/osatech.ch\/shop\/index.php\/wp-json\/wp\/v2\/media\/93618"}],"wp:attachment":[{"href":"https:\/\/osatech.ch\/shop\/index.php\/wp-json\/wp\/v2\/media?parent=93619"}],"wp:term":[{"taxonomy":"product_brand","embeddable":true,"href":"https:\/\/osatech.ch\/shop\/index.php\/wp-json\/wp\/v2\/product_brand?post=93619"},{"taxonomy":"product_cat","embeddable":true,"href":"https:\/\/osatech.ch\/shop\/index.php\/wp-json\/wp\/v2\/product_cat?post=93619"},{"taxonomy":"product_tag","embeddable":true,"href":"https:\/\/osatech.ch\/shop\/index.php\/wp-json\/wp\/v2\/product_tag?post=93619"},{"taxonomy":"yst_prominent_words","embeddable":true,"href":"https:\/\/osatech.ch\/shop\/index.php\/wp-json\/wp\/v2\/yst_prominent_words?post=93619"}],"curies":[{"name":"wp","href":"https:\/\/api.w.org\/{rel}","templated":true}]}}