{"id":93583,"date":"2024-08-25T18:52:27","date_gmt":"2024-08-25T16:52:27","guid":{"rendered":"https:\/\/osatech.ch\/shop\/index.php\/prodotto\/hikvision-speed-dome-di-rete-a-spettro-termico-e-ottico-anticorrosione"},"modified":"2024-08-28T14:32:33","modified_gmt":"2024-08-28T12:32:33","slug":"hikvision-speed-dome-di-rete-a-spettro-termico-e-ottico-anticorrosione","status":"publish","type":"product","link":"https:\/\/osatech.ch\/shop\/index.php\/prodotto\/hikvision-speed-dome-di-rete-a-spettro-termico-e-ottico-anticorrosione","title":{"rendered":"Hikvision Speed \u200b\u200bDome di rete a spettro termico e ottico anticorrosione"},"content":{"rendered":"<p>Funzione di protezione perimetrale, basata su algoritmo intelligente: attraversamento linea, intrusione, ingresso e uscita dalla regione<br \/>\nAllarme di eccezione della temperatura per la prevenzione degli incendi<br \/>\nAlgoritmo di rilevamento incendi<br \/>\n640 \u00d7 512 (la risoluzione dell&#8217;immagine in uscita \u00e8 640 \u00d7 512) risoluzione 17 \u03bcm, VOx UFPA, NETD \u2264 40 mK (25 \u00b0C, F# = 1,1)<br \/>\nTecnologia di elaborazione delle immagini: Liner, istogramma e modalit\u00e0 AGC termica autoadattativa, DDE, 3D DNR<br \/>\nNorma NEMA-4X<br \/>\nRilevatore di alta qualit\u00e0 con 10 anni di garanzia<br \/>\nTracciamento intelligente: tracciamento panoramico, tracciamento degli eventi e tracciamento delle pattuglie multi-scena<br \/>\nCollegamento di tracciamento intelligente: vista termica e vista ottica<br \/>\nIl canale termico supporta EIS, in conflitto con la funzione intelligente<br \/>\nRilevazione del fumo per la prevenzione degli incendi<\/p>\n","protected":false},"excerpt":{"rendered":"<p>Funzione di protezione perimetrale, basata su algoritmo intelligente: attraversamento linea, intrusione, ingresso e uscita dalla regione Allarme di eccezione della temperatura per la prevenzione degli incendi Algoritmo di rilevamento incendi 640 \u00d7 512 (la risoluzione dell&#8217;immagine in uscita \u00e8 640 \u00d7 512) risoluzione 17 \u03bcm, VOx UFPA, NETD \u2264 40 mK (25 \u00b0C, F# = [&hellip;]<\/p>\n","protected":false},"featured_media":93582,"template":"","meta":[],"product_brand":[],"product_cat":[4023,4096],"product_tag":[],"yst_prominent_words":[],"class_list":{"0":"post-93583","1":"product","2":"type-product","3":"status-publish","4":"has-post-thumbnail","6":"product_cat-telecamere-hikvision","7":"product_cat-termiche-hikvision-telecamere-hikvision","9":"first","10":"instock","11":"taxable","12":"shipping-taxable","13":"purchasable","14":"product-type-simple"},"_links":{"self":[{"href":"https:\/\/osatech.ch\/shop\/index.php\/wp-json\/wp\/v2\/product\/93583","targetHints":{"allow":["GET"]}}],"collection":[{"href":"https:\/\/osatech.ch\/shop\/index.php\/wp-json\/wp\/v2\/product"}],"about":[{"href":"https:\/\/osatech.ch\/shop\/index.php\/wp-json\/wp\/v2\/types\/product"}],"wp:featuredmedia":[{"embeddable":true,"href":"https:\/\/osatech.ch\/shop\/index.php\/wp-json\/wp\/v2\/media\/93582"}],"wp:attachment":[{"href":"https:\/\/osatech.ch\/shop\/index.php\/wp-json\/wp\/v2\/media?parent=93583"}],"wp:term":[{"taxonomy":"product_brand","embeddable":true,"href":"https:\/\/osatech.ch\/shop\/index.php\/wp-json\/wp\/v2\/product_brand?post=93583"},{"taxonomy":"product_cat","embeddable":true,"href":"https:\/\/osatech.ch\/shop\/index.php\/wp-json\/wp\/v2\/product_cat?post=93583"},{"taxonomy":"product_tag","embeddable":true,"href":"https:\/\/osatech.ch\/shop\/index.php\/wp-json\/wp\/v2\/product_tag?post=93583"},{"taxonomy":"yst_prominent_words","embeddable":true,"href":"https:\/\/osatech.ch\/shop\/index.php\/wp-json\/wp\/v2\/yst_prominent_words?post=93583"}],"curies":[{"name":"wp","href":"https:\/\/api.w.org\/{rel}","templated":true}]}}