{"id":93462,"date":"2024-08-25T18:49:42","date_gmt":"2024-08-25T16:49:42","guid":{"rendered":"https:\/\/osatech.ch\/shop\/index.php\/prodotto\/hikvision-telecamera-ptz-ip-panovu-da-2mp-28-12mm-2mm"},"modified":"2026-02-23T11:37:30","modified_gmt":"2026-02-23T10:37:30","slug":"hikvision-telecamera-ptz-ip-panovu-da-2mp-28-12mm-2mm","status":"publish","type":"product","link":"https:\/\/osatech.ch\/shop\/index.php\/prodotto\/hikvision-telecamera-ptz-ip-panovu-da-2mp-28-12mm-2mm","title":{"rendered":"Hikvision Telecamera PTZ IP PanoVu, da 2MP 2,8-12mm\/2mm"},"content":{"rendered":"<p>La telecamera PT3 Mini PanoVu offre una copertura del campo visivo fino a 360\u00b0 con le sue tre lenti, consentendo un monitoraggio senza punti ciechi. \u00c8 ideale per una variet\u00e0 di spazi interni come negozi al dettaglio, aule, corridoi di uffici, hall di hotel, ecc. Collegandosi a una telecamera PTZ, la telecamera panoramica pu\u00f2 acquisire immagini a 360\u00b0 mentre la telecamera PTZ pu\u00f2 acquisire immagini ravvicinate. Grazie alla sorgente luminosa IR integrata, offre una visibilit\u00e0 di 15 metri, garantendo una buona visibilit\u00e0 anche in condizioni di scarsa illuminazione. L&#8217;efficiente tecnologia di compressione H.265+\/H.265\/H.264+\/H.264 consente di risparmiare spazio di archiviazione e ridurre i requisiti di larghezza di banda.<\/p>\n","protected":false},"excerpt":{"rendered":"<p>La telecamera PT3 Mini PanoVu offre una copertura del campo visivo fino a 360\u00b0 con le sue tre lenti, consentendo un monitoraggio senza punti ciechi. \u00c8 ideale per una variet\u00e0 di spazi interni come negozi al dettaglio, aule, corridoi di uffici, hall di hotel, ecc. Collegandosi a una telecamera PTZ, la telecamera panoramica pu\u00f2 acquisire [&hellip;]<\/p>\n","protected":false},"featured_media":93461,"template":"","meta":[],"product_brand":[],"product_cat":[4053,4023],"product_tag":[],"yst_prominent_words":[],"class_list":{"0":"post-93462","1":"product","2":"type-product","3":"status-publish","4":"has-post-thumbnail","6":"product_cat-ptz-hikvision","7":"product_cat-telecamere-hikvision","9":"first","10":"instock","11":"taxable","12":"shipping-taxable","13":"purchasable","14":"product-type-simple"},"_links":{"self":[{"href":"https:\/\/osatech.ch\/shop\/index.php\/wp-json\/wp\/v2\/product\/93462","targetHints":{"allow":["GET"]}}],"collection":[{"href":"https:\/\/osatech.ch\/shop\/index.php\/wp-json\/wp\/v2\/product"}],"about":[{"href":"https:\/\/osatech.ch\/shop\/index.php\/wp-json\/wp\/v2\/types\/product"}],"wp:featuredmedia":[{"embeddable":true,"href":"https:\/\/osatech.ch\/shop\/index.php\/wp-json\/wp\/v2\/media\/93461"}],"wp:attachment":[{"href":"https:\/\/osatech.ch\/shop\/index.php\/wp-json\/wp\/v2\/media?parent=93462"}],"wp:term":[{"taxonomy":"product_brand","embeddable":true,"href":"https:\/\/osatech.ch\/shop\/index.php\/wp-json\/wp\/v2\/product_brand?post=93462"},{"taxonomy":"product_cat","embeddable":true,"href":"https:\/\/osatech.ch\/shop\/index.php\/wp-json\/wp\/v2\/product_cat?post=93462"},{"taxonomy":"product_tag","embeddable":true,"href":"https:\/\/osatech.ch\/shop\/index.php\/wp-json\/wp\/v2\/product_tag?post=93462"},{"taxonomy":"yst_prominent_words","embeddable":true,"href":"https:\/\/osatech.ch\/shop\/index.php\/wp-json\/wp\/v2\/yst_prominent_words?post=93462"}],"curies":[{"name":"wp","href":"https:\/\/api.w.org\/{rel}","templated":true}]}}