{"id":74544,"date":"2024-08-24T14:46:22","date_gmt":"2024-08-24T12:46:22","guid":{"rendered":"https:\/\/osatech.ch\/shop\/index.php\/prodotto\/hikvision-rivelatore-doppia-tecnologia-cablato"},"modified":"2026-02-26T17:31:31","modified_gmt":"2026-02-26T16:31:31","slug":"hikvision-rivelatore-doppia-tecnologia-cablato","status":"publish","type":"product","link":"https:\/\/osatech.ch\/shop\/index.php\/prodotto\/hikvision-rivelatore-doppia-tecnologia-cablato","title":{"rendered":"HikVision Rivelatore doppia tecnologia cablato"},"content":{"rendered":"<p>Il rilevatore a doppia tecnologia \u00e8 dotato di microonde in banda K da 24 GHz e tecnologia di lenti Fresnel 3D. Il rilevatore pu\u00f2 essere installato e configurato pi\u00f9 rapidamente rispetto ai tradizionali DT, con conseguente risparmio di tempo e costi.<\/p>\n<p>Campo di rilevamento: 12 m \/ 85,9\u00b0<br \/>\nFino a 30 kg immunit\u00e0 agli animali<br \/>\nSensibilit\u00e0 automatica<br \/>\nCompensazione digitale della temperatura<br \/>\nOttica 3D a 52 zone inclusa protezione anti-strisciamento, copertura completa senza punti ciechi<br \/>\nResistenze EOL selezionabili per cablaggio allarme e antimanomissione<br \/>\nL&#8217;ottica sigillata previene le interferenze degli insetti<br \/>\nMicroonde a 24GHz<br \/>\nAmpia regolazione della tensione da 9 a 16 V con protezione da inversione di polarit\u00e0<br \/>\nDisponibili staffe di montaggio a parete\/soffitto (vendute separatamente)<br \/>\nLa tecnologia IFT previene i falsi allarmi<\/p>\n","protected":false},"excerpt":{"rendered":"<p>Il rilevatore a doppia tecnologia \u00e8 dotato di microonde in banda K da 24 GHz e tecnologia di lenti Fresnel 3D. Il rilevatore pu\u00f2 essere installato e configurato pi\u00f9 rapidamente rispetto ai tradizionali DT, con conseguente risparmio di tempo e costi. Campo di rilevamento: 12 m \/ 85,9\u00b0 Fino a 30 kg immunit\u00e0 agli animali [&hellip;]<\/p>\n","protected":false},"featured_media":74586,"template":"","meta":[],"product_brand":[],"product_cat":[4175,4177],"product_tag":[],"yst_prominent_words":[],"class_list":{"0":"post-74544","1":"product","2":"type-product","3":"status-publish","4":"has-post-thumbnail","6":"product_cat-allarmi-casa-e-ufficio-hikvision","7":"product_cat-sensori-hikvision","9":"first","10":"instock","11":"taxable","12":"shipping-taxable","13":"purchasable","14":"product-type-simple"},"_links":{"self":[{"href":"https:\/\/osatech.ch\/shop\/index.php\/wp-json\/wp\/v2\/product\/74544","targetHints":{"allow":["GET"]}}],"collection":[{"href":"https:\/\/osatech.ch\/shop\/index.php\/wp-json\/wp\/v2\/product"}],"about":[{"href":"https:\/\/osatech.ch\/shop\/index.php\/wp-json\/wp\/v2\/types\/product"}],"wp:featuredmedia":[{"embeddable":true,"href":"https:\/\/osatech.ch\/shop\/index.php\/wp-json\/wp\/v2\/media\/74586"}],"wp:attachment":[{"href":"https:\/\/osatech.ch\/shop\/index.php\/wp-json\/wp\/v2\/media?parent=74544"}],"wp:term":[{"taxonomy":"product_brand","embeddable":true,"href":"https:\/\/osatech.ch\/shop\/index.php\/wp-json\/wp\/v2\/product_brand?post=74544"},{"taxonomy":"product_cat","embeddable":true,"href":"https:\/\/osatech.ch\/shop\/index.php\/wp-json\/wp\/v2\/product_cat?post=74544"},{"taxonomy":"product_tag","embeddable":true,"href":"https:\/\/osatech.ch\/shop\/index.php\/wp-json\/wp\/v2\/product_tag?post=74544"},{"taxonomy":"yst_prominent_words","embeddable":true,"href":"https:\/\/osatech.ch\/shop\/index.php\/wp-json\/wp\/v2\/yst_prominent_words?post=74544"}],"curies":[{"name":"wp","href":"https:\/\/api.w.org\/{rel}","templated":true}]}}