{"id":713228,"date":"2025-02-17T14:41:17","date_gmt":"2025-02-17T13:41:17","guid":{"rendered":"https:\/\/osatech.ch\/shop\/index.php\/prodotto\/faac-xmb"},"modified":"2025-02-17T14:41:17","modified_gmt":"2025-02-17T13:41:17","slug":"faac-xmb","status":"publish","type":"product","link":"https:\/\/osatech.ch\/shop\/index.php\/prodotto\/faac-xmb","title":{"rendered":"Faac XMB"},"content":{"rendered":"<p>Faac XMB<\/p>\n<p>Il dispositivo XMB dispone di connessione LTE ed \u00e8 fornito di eSIM (SIM-ON-CHIP) integrata: non \u00e8 necessario acquistare alcuna SIM dati.<br \/>\nI vantaggi di Simply Connect per l\u2019utente: Interazione da remoto tramite web e\/o app con le automazioni connesse alla piattaforma cloud Simply Connect: invio comandi, anche vocali e controllo a distanza della propria automazione e concessione o revoca dei diritti di accesso ad altri utilizzatori.<br \/>\nIl dispositivo \u00e8 inoltre dotato di connettivit\u00e0 BLE per la gestione delle automazioni in prossimit\u00e0 delle stesse (es. in caso di mancanza della connettivit\u00e0 principale WIFI-LAN-LTE).<\/p>\n","protected":false},"excerpt":{"rendered":"<p>Faac XMB Il dispositivo XMB dispone di connessione LTE ed \u00e8 fornito di eSIM (SIM-ON-CHIP) integrata: non \u00e8 necessario acquistare alcuna SIM dati. I vantaggi di Simply Connect per l\u2019utente: Interazione da remoto tramite web e\/o app con le automazioni connesse alla piattaforma cloud Simply Connect: invio comandi, anche vocali e controllo a distanza della [&hellip;]<\/p>\n","protected":false},"featured_media":0,"template":"","meta":[],"product_brand":[],"product_cat":[15],"product_tag":[],"yst_prominent_words":[],"class_list":{"0":"post-713228","1":"product","2":"type-product","3":"status-publish","5":"product_cat-senza-categoria","7":"first","8":"instock","9":"taxable","10":"shipping-taxable","11":"purchasable","12":"product-type-simple"},"_links":{"self":[{"href":"https:\/\/osatech.ch\/shop\/index.php\/wp-json\/wp\/v2\/product\/713228","targetHints":{"allow":["GET"]}}],"collection":[{"href":"https:\/\/osatech.ch\/shop\/index.php\/wp-json\/wp\/v2\/product"}],"about":[{"href":"https:\/\/osatech.ch\/shop\/index.php\/wp-json\/wp\/v2\/types\/product"}],"wp:attachment":[{"href":"https:\/\/osatech.ch\/shop\/index.php\/wp-json\/wp\/v2\/media?parent=713228"}],"wp:term":[{"taxonomy":"product_brand","embeddable":true,"href":"https:\/\/osatech.ch\/shop\/index.php\/wp-json\/wp\/v2\/product_brand?post=713228"},{"taxonomy":"product_cat","embeddable":true,"href":"https:\/\/osatech.ch\/shop\/index.php\/wp-json\/wp\/v2\/product_cat?post=713228"},{"taxonomy":"product_tag","embeddable":true,"href":"https:\/\/osatech.ch\/shop\/index.php\/wp-json\/wp\/v2\/product_tag?post=713228"},{"taxonomy":"yst_prominent_words","embeddable":true,"href":"https:\/\/osatech.ch\/shop\/index.php\/wp-json\/wp\/v2\/yst_prominent_words?post=713228"}],"curies":[{"name":"wp","href":"https:\/\/api.w.org\/{rel}","templated":true}]}}