{"id":61351,"date":"2024-08-23T12:55:54","date_gmt":"2024-08-23T10:55:54","guid":{"rendered":"https:\/\/osatech.ch\/shop\/index.php\/prodotto\/ajax-doppio-pulsante-antipanico-e-di-soccorso-bianco"},"modified":"2025-11-27T16:01:33","modified_gmt":"2025-11-27T15:01:33","slug":"ajax-doppio-pulsante-antipanico-e-di-soccorso-bianco","status":"publish","type":"product","link":"https:\/\/osatech.ch\/shop\/index.php\/prodotto\/ajax-doppio-pulsante-antipanico-e-di-soccorso-bianco","title":{"rendered":"Ajax Doppio Pulsante Antipanico e di Soccorso Bianco"},"content":{"rendered":"<p>DoubleButton \u00e8 un pulsante di emergenza wireless a due pulsanti per un utilizzo flessibile nei sistemi di sicurezza. Comunica in modo affidabile con l&#8217;unit\u00e0 di controllo dell&#8217;hub tramite il protocollo wireless bidirezionale Jeweller e raggiunge una portata fino a 1.300 metri. L&#8217;attivazione dell&#8217;allarme \u00e8 confermata da un LED. Grazie al grado di protezione IP55, pu\u00f2 essere utilizzato sia in ambienti interni che esterni. DoubleButton \u00e8 adatto per il controllo di vari tipi di allarme e dispositivi di automazione.<\/p>\n<p>Caratteristiche<br \/>\nTre modalit\u00e0: controllo allarme, rel\u00e8 e presa, disattivazione allarme antincendio<br \/>\nNon richiede il risveglio prima dell&#8217;attivazione dell&#8217;allarme<br \/>\nConfigurazione nelle app Ajax per smartphone e PC<br \/>\nPulsante di emergenza con 8 tipi di evento<br \/>\nControllo dei dispositivi di automazione<br \/>\nComunicazione bidirezionale crittografata<br \/>\nPortata radio massima fino a 1.300 metri<br \/>\nCollegamento e installazione rapidi<br \/>\nDati tecnici<br \/>\nTipo: Rilevatore di pericoli<br \/>\nSerie: Baseline<br \/>\nTipo di allarme: allarme a pulsante<br \/>\nColore: Bianco<br \/>\nComunicazione: Radio<br \/>\nTipo di connessione: Gioielliere<br \/>\nLuogo di installazione: Interno, Esterno<br \/>\nGrado di protezione: IP55<br \/>\nFonte di energia: Batteria<br \/>\nDimensioni: 47 \u00d7 35 \u00d7 13 mm<br \/>\nPeso: 16 g<br \/>\nTemperatura di esercizio: da -10 \u00b0C a +40 \u00b0C<br \/>\nUmidit\u00e0: fino al 75%<\/p>\n","protected":false},"excerpt":{"rendered":"<p>DoubleButton \u00e8 un pulsante di emergenza wireless a due pulsanti per un utilizzo flessibile nei sistemi di sicurezza. Comunica in modo affidabile con l&#8217;unit\u00e0 di controllo dell&#8217;hub tramite il protocollo wireless bidirezionale Jeweller e raggiunge una portata fino a 1.300 metri. L&#8217;attivazione dell&#8217;allarme \u00e8 confermata da un LED. Grazie al grado di protezione IP55, pu\u00f2 [&hellip;]<\/p>\n","protected":false},"featured_media":15486,"template":"","meta":[],"product_brand":[],"product_cat":[4323,4237],"product_tag":[],"yst_prominent_words":[],"class_list":{"0":"post-61351","1":"product","2":"type-product","3":"status-publish","4":"has-post-thumbnail","6":"product_cat-4250comandi-ajax","7":"product_cat-allarmi-casa-e-ufficio-ajax-2","9":"first","10":"instock","11":"taxable","12":"shipping-taxable","13":"purchasable","14":"product-type-simple"},"_links":{"self":[{"href":"https:\/\/osatech.ch\/shop\/index.php\/wp-json\/wp\/v2\/product\/61351","targetHints":{"allow":["GET"]}}],"collection":[{"href":"https:\/\/osatech.ch\/shop\/index.php\/wp-json\/wp\/v2\/product"}],"about":[{"href":"https:\/\/osatech.ch\/shop\/index.php\/wp-json\/wp\/v2\/types\/product"}],"wp:featuredmedia":[{"embeddable":true,"href":"https:\/\/osatech.ch\/shop\/index.php\/wp-json\/wp\/v2\/media\/15486"}],"wp:attachment":[{"href":"https:\/\/osatech.ch\/shop\/index.php\/wp-json\/wp\/v2\/media?parent=61351"}],"wp:term":[{"taxonomy":"product_brand","embeddable":true,"href":"https:\/\/osatech.ch\/shop\/index.php\/wp-json\/wp\/v2\/product_brand?post=61351"},{"taxonomy":"product_cat","embeddable":true,"href":"https:\/\/osatech.ch\/shop\/index.php\/wp-json\/wp\/v2\/product_cat?post=61351"},{"taxonomy":"product_tag","embeddable":true,"href":"https:\/\/osatech.ch\/shop\/index.php\/wp-json\/wp\/v2\/product_tag?post=61351"},{"taxonomy":"yst_prominent_words","embeddable":true,"href":"https:\/\/osatech.ch\/shop\/index.php\/wp-json\/wp\/v2\/yst_prominent_words?post=61351"}],"curies":[{"name":"wp","href":"https:\/\/api.w.org\/{rel}","templated":true}]}}