{"id":61347,"date":"2024-08-23T12:55:52","date_gmt":"2024-08-23T10:55:52","guid":{"rendered":"https:\/\/osatech.ch\/shop\/index.php\/prodotto\/ajax-rex-range-extender-bianco-eu"},"modified":"2025-11-28T08:43:33","modified_gmt":"2025-11-28T07:43:33","slug":"ajax-rex-range-extender-bianco-eu","status":"publish","type":"product","link":"https:\/\/osatech.ch\/shop\/index.php\/prodotto\/ajax-rex-range-extender-bianco-eu","title":{"rendered":"AJAX Rex &#8211; Range extender Bianco EU"},"content":{"rendered":"<p>AJAX Rex &#8211; Range extender Bianco EU<\/p>\n<p>Supporta l&#8217;intera gamma di dispositivi del sistema di sicurezza AJAX.<br \/>\n&#8211; Aumenta la copertura del sistema fino a 35 km\u00b2.<br \/>\n&#8211; Allarmi trasmessi in 0,3 secondi<br \/>\n&#8211; Connessione al sistema in 2 minuti<br \/>\nPrincipio di funzionamento<br \/>\nReX si basa sul sistema operativo intelligente OS Malevich. Questo sistema operativo ha gi\u00e0 dimostrato la sua affidabilit\u00e0: viene utilizzato negli impianti hub Ajax per proteggere centinaia di migliaia di aree in tutto il mondo. ReX ha le stesse informazioni del pannello di controllo centrale di Ajax, controlla i dispositivi collegati al sistema, prende decisioni alla velocit\u00e0 della luce ed \u00e8 sempre pronto all&#8217;uso. Le capacit\u00e0 e il ruolo di ReX nel sistema di sicurezza continueranno a crescere con gli aggiornamenti di OS Malevich, gratuiti per tutti gli utenti.<br \/>\nCaratteristiche<br \/>\nReX protegge dagli attacchi software e hardware. Il sistema operativo OS Malevich su cui viene eseguito ReX non \u00e8 vulnerabile a virus o abusi, contribuendo a evitare interruzioni derivanti da attacchi di microcodici. Non \u00e8 possibile hackerare ReX intercettando il segnale: le informazioni inviate e ricevute dal dispositivo sono crittografate. Un&#8217;improvvisa interruzione di corrente non \u00e8 un problema: ReX ha una batteria potente che non compromette la sicurezza delle aree protette.<\/p>\n","protected":false},"excerpt":{"rendered":"<p>AJAX Rex &#8211; Range extender Bianco EU Supporta l&#8217;intera gamma di dispositivi del sistema di sicurezza AJAX. &#8211; Aumenta la copertura del sistema fino a 35 km\u00b2. &#8211; Allarmi trasmessi in 0,3 secondi &#8211; Connessione al sistema in 2 minuti Principio di funzionamento ReX si basa sul sistema operativo intelligente OS Malevich. Questo sistema operativo [&hellip;]<\/p>\n","protected":false},"featured_media":15458,"template":"","meta":[],"product_brand":[],"product_cat":[4237,4290],"product_tag":[],"yst_prominent_words":[],"class_list":{"0":"post-61347","1":"product","2":"type-product","3":"status-publish","4":"has-post-thumbnail","6":"product_cat-allarmi-casa-e-ufficio-ajax-2","7":"product_cat-moduli-ajax-allarmi-casa-e-ufficio-ajax-2","9":"first","10":"instock","11":"taxable","12":"shipping-taxable","13":"purchasable","14":"product-type-simple"},"_links":{"self":[{"href":"https:\/\/osatech.ch\/shop\/index.php\/wp-json\/wp\/v2\/product\/61347","targetHints":{"allow":["GET"]}}],"collection":[{"href":"https:\/\/osatech.ch\/shop\/index.php\/wp-json\/wp\/v2\/product"}],"about":[{"href":"https:\/\/osatech.ch\/shop\/index.php\/wp-json\/wp\/v2\/types\/product"}],"wp:featuredmedia":[{"embeddable":true,"href":"https:\/\/osatech.ch\/shop\/index.php\/wp-json\/wp\/v2\/media\/15458"}],"wp:attachment":[{"href":"https:\/\/osatech.ch\/shop\/index.php\/wp-json\/wp\/v2\/media?parent=61347"}],"wp:term":[{"taxonomy":"product_brand","embeddable":true,"href":"https:\/\/osatech.ch\/shop\/index.php\/wp-json\/wp\/v2\/product_brand?post=61347"},{"taxonomy":"product_cat","embeddable":true,"href":"https:\/\/osatech.ch\/shop\/index.php\/wp-json\/wp\/v2\/product_cat?post=61347"},{"taxonomy":"product_tag","embeddable":true,"href":"https:\/\/osatech.ch\/shop\/index.php\/wp-json\/wp\/v2\/product_tag?post=61347"},{"taxonomy":"yst_prominent_words","embeddable":true,"href":"https:\/\/osatech.ch\/shop\/index.php\/wp-json\/wp\/v2\/yst_prominent_words?post=61347"}],"curies":[{"name":"wp","href":"https:\/\/api.w.org\/{rel}","templated":true}]}}