{"id":61274,"date":"2024-08-23T12:47:24","date_gmt":"2024-08-23T10:47:24","guid":{"rendered":"https:\/\/osatech.ch\/shop\/index.php\/prodotto\/ajax-lifequality-rilevatore-di-qualita-dellaria-bianco"},"modified":"2025-11-26T16:08:34","modified_gmt":"2025-11-26T15:08:34","slug":"ajax-lifequality-rilevatore-di-qualita-dellaria-bianco","status":"publish","type":"product","link":"https:\/\/osatech.ch\/shop\/index.php\/prodotto\/ajax-lifequality-rilevatore-di-qualita-dellaria-bianco","title":{"rendered":"AJAX LifeQuality &#8211; Rilevatore di qualit\u00e0 dell&#8217;aria Bianco"},"content":{"rendered":"<p>AJAX LifeQuality &#8211; Rilevatore della qualit\u00e0 dell&#8217;aria Bianco<br \/>\nRilevatore intelligente della qualit\u00e0 dell&#8217;aria Protezione efficace per la vostra produttivit\u00e0<br \/>\nUna scarsa qualit\u00e0 dell&#8217;aria mette a rischio la salute e influisce sulla produttivit\u00e0. \u00c8 stato dimostrato che elevate concentrazioni di anidride carbonica (CO2) causano apatia e vertigini e riducono la capacit\u00e0 di prendere decisioni importanti di oltre il 50%.<br \/>\nLifeQuality \u00e8 un monitor intelligente della qualit\u00e0 dell&#8217;aria con sensori di CO2, umidit\u00e0 e temperatura, che monitora i cambiamenti nella qualit\u00e0 dell&#8217;aria a casa, in ufficio, sul posto di lavoro o in qualsiasi altro locale. Gli utenti beneficiano della precisione delle misurazioni mediche, di informazioni complete in-app e di scenari di automazione. Un sistema di sicurezza Ajax con LifeQuality accende il sistema di ventilazione o l&#8217;umidificatore quando gli indicatori di qualit\u00e0 dell&#8217;aria sono al di sotto di valori adeguati per garantire il tuo comfort.<\/p>\n","protected":false},"excerpt":{"rendered":"<p>AJAX LifeQuality &#8211; Rilevatore della qualit\u00e0 dell&#8217;aria Bianco Rilevatore intelligente della qualit\u00e0 dell&#8217;aria Protezione efficace per la vostra produttivit\u00e0 Una scarsa qualit\u00e0 dell&#8217;aria mette a rischio la salute e influisce sulla produttivit\u00e0. \u00c8 stato dimostrato che elevate concentrazioni di anidride carbonica (CO2) causano apatia e vertigini e riducono la capacit\u00e0 di prendere decisioni importanti di [&hellip;]<\/p>\n","protected":false},"featured_media":0,"template":"","meta":[],"product_brand":[],"product_cat":[4237,4255],"product_tag":[],"yst_prominent_words":[],"class_list":{"0":"post-61274","1":"product","2":"type-product","3":"status-publish","5":"product_cat-allarmi-casa-e-ufficio-ajax-2","6":"product_cat-sensori-ajax-allarmi-casa-e-ufficio-ajax-2","8":"first","9":"instock","10":"taxable","11":"shipping-taxable","12":"purchasable","13":"product-type-simple"},"_links":{"self":[{"href":"https:\/\/osatech.ch\/shop\/index.php\/wp-json\/wp\/v2\/product\/61274","targetHints":{"allow":["GET"]}}],"collection":[{"href":"https:\/\/osatech.ch\/shop\/index.php\/wp-json\/wp\/v2\/product"}],"about":[{"href":"https:\/\/osatech.ch\/shop\/index.php\/wp-json\/wp\/v2\/types\/product"}],"wp:attachment":[{"href":"https:\/\/osatech.ch\/shop\/index.php\/wp-json\/wp\/v2\/media?parent=61274"}],"wp:term":[{"taxonomy":"product_brand","embeddable":true,"href":"https:\/\/osatech.ch\/shop\/index.php\/wp-json\/wp\/v2\/product_brand?post=61274"},{"taxonomy":"product_cat","embeddable":true,"href":"https:\/\/osatech.ch\/shop\/index.php\/wp-json\/wp\/v2\/product_cat?post=61274"},{"taxonomy":"product_tag","embeddable":true,"href":"https:\/\/osatech.ch\/shop\/index.php\/wp-json\/wp\/v2\/product_tag?post=61274"},{"taxonomy":"yst_prominent_words","embeddable":true,"href":"https:\/\/osatech.ch\/shop\/index.php\/wp-json\/wp\/v2\/yst_prominent_words?post=61274"}],"curies":[{"name":"wp","href":"https:\/\/api.w.org\/{rel}","templated":true}]}}