{"id":61220,"date":"2024-08-23T12:23:23","date_gmt":"2024-08-23T10:23:23","guid":{"rendered":"https:\/\/osatech.ch\/shop\/index.php\/prodotto\/ajax-multitrasmettitore-fibra-modulo-espansione-bus-nero"},"modified":"2025-11-26T16:46:33","modified_gmt":"2025-11-26T15:46:33","slug":"ajax-multitrasmettitore-fibra-modulo-espansione-bus-nero","status":"publish","type":"product","link":"https:\/\/osatech.ch\/shop\/index.php\/prodotto\/ajax-multitrasmettitore-fibra-modulo-espansione-bus-nero","title":{"rendered":"AJAX Multitrasmettitore Fibra &#8211; Modulo espansione bus Nero"},"content":{"rendered":"<p>AJAX Multitrasmettitore Fibra &#8211; Modulo di espansione bus Nero |<\/p>\n<p>Modulo di espansione con 18 zone via cavo (NO, NC, EOL) per il collegamento di rilevatori di movimento esterni, barriere IR, rilevatori di livello e gas, rel\u00e8 termici e altri dispositivi con uscita cablata al sistema di sicurezza Ajax.<\/p>\n<p>&#8211; Autenticazione per evitare manomissioni<br \/>\n&#8211; Rilevamento delle interferenze del segnale e crittografia dei canali di comunicazione.<br \/>\n&#8211; Comunicazione bidirezionale<\/p>\n<p>Converte rilevatori di terze parti in dispositivi Ajax completi di funzionalit\u00e0.<\/p>\n<p>Pu\u00f2 essere utilizzato come alimentatore per dispositivi di terze parti<\/p>\n<p>Funziona a temperature comprese tra 40\u00b0C e -10\u00b0C e umidit\u00e0 fino al 75%.<\/p>\n<p>Principio di funzionamento<br \/>\nCon MultiTransmitter \u00e8 possibile impostare il tipo di allarme e la stanza per ciascun dispositivo cablato. Ci\u00f2 rende le notifiche pi\u00f9 informative: non solo sai cosa \u00e8 successo, ma anche dove. Queste informazioni vengono visualizzate nelle notifiche push e nei messaggi SMS e vengono anche inviate al centro servizi di chiamata e di emergenza (NSL) con il codice corrispondente. In totale sono disponibili cinque tipi di allarmi: Intrusione, Incendio, Soccorso medico, Pulsante di emergenza, Allarme gas.<\/p>\n<p>Caratteristiche<br \/>\n\u00c8 protetto da un accelerometro che rileva l&#8217;eventuale rimozione e l&#8217;allarme scatta se il rilevatore collegato al modulo viene aperto.<\/p>\n<p>Installazione e configurazione<br \/>\nMontaggio a parete, come altri dispositivi Ajax, il MultiTransmitter si collega all&#8217;Hub tramite codice QR. Quando si collegano dispositivi cablati, non \u00e8 necessario conoscere i valori di resistenza. Il sistema ti avvisa anche se il dispositivo non \u00e8 collegato correttamente.<\/p>\n<p>Nota: questo \u00e8 un dispositivo della linea di prodotti Cavo Fibra. La messa in servizio pu\u00f2 essere effettuata solo da installatori specializzati certificati AJAX.<\/p>\n","protected":false},"excerpt":{"rendered":"<p>AJAX Multitrasmettitore Fibra &#8211; Modulo di espansione bus Nero | Modulo di espansione con 18 zone via cavo (NO, NC, EOL) per il collegamento di rilevatori di movimento esterni, barriere IR, rilevatori di livello e gas, rel\u00e8 termici e altri dispositivi con uscita cablata al sistema di sicurezza Ajax. &#8211; Autenticazione per evitare manomissioni &#8211; [&hellip;]<\/p>\n","protected":false},"featured_media":0,"template":"","meta":[],"product_brand":[],"product_cat":[4237,4290],"product_tag":[],"yst_prominent_words":[],"class_list":{"0":"post-61220","1":"product","2":"type-product","3":"status-publish","5":"product_cat-allarmi-casa-e-ufficio-ajax-2","6":"product_cat-moduli-ajax-allarmi-casa-e-ufficio-ajax-2","8":"first","9":"instock","10":"taxable","11":"shipping-taxable","12":"purchasable","13":"product-type-simple"},"_links":{"self":[{"href":"https:\/\/osatech.ch\/shop\/index.php\/wp-json\/wp\/v2\/product\/61220","targetHints":{"allow":["GET"]}}],"collection":[{"href":"https:\/\/osatech.ch\/shop\/index.php\/wp-json\/wp\/v2\/product"}],"about":[{"href":"https:\/\/osatech.ch\/shop\/index.php\/wp-json\/wp\/v2\/types\/product"}],"wp:attachment":[{"href":"https:\/\/osatech.ch\/shop\/index.php\/wp-json\/wp\/v2\/media?parent=61220"}],"wp:term":[{"taxonomy":"product_brand","embeddable":true,"href":"https:\/\/osatech.ch\/shop\/index.php\/wp-json\/wp\/v2\/product_brand?post=61220"},{"taxonomy":"product_cat","embeddable":true,"href":"https:\/\/osatech.ch\/shop\/index.php\/wp-json\/wp\/v2\/product_cat?post=61220"},{"taxonomy":"product_tag","embeddable":true,"href":"https:\/\/osatech.ch\/shop\/index.php\/wp-json\/wp\/v2\/product_tag?post=61220"},{"taxonomy":"yst_prominent_words","embeddable":true,"href":"https:\/\/osatech.ch\/shop\/index.php\/wp-json\/wp\/v2\/yst_prominent_words?post=61220"}],"curies":[{"name":"wp","href":"https:\/\/api.w.org\/{rel}","templated":true}]}}