{"id":61184,"date":"2024-08-23T12:13:25","date_gmt":"2024-08-23T10:13:25","guid":{"rendered":"https:\/\/osatech.ch\/shop\/index.php\/prodotto\/ajax-motioncam-fibra-bianco"},"modified":"2025-11-26T17:02:34","modified_gmt":"2025-11-26T16:02:34","slug":"ajax-motioncam-fibra-bianco","status":"publish","type":"product","link":"https:\/\/osatech.ch\/shop\/index.php\/prodotto\/ajax-motioncam-fibra-bianco","title":{"rendered":"AJAX MotionCam Fibra &#8211; Bianco"},"content":{"rendered":"<p>AJAX MotionCam Fibra &#8211; Bianco |<\/p>\n<p>Tecnologia Fibra<\/p>\n<p>La tecnologia di comunicazione Fibra permette di realizzare linee indipendenti con una lunghezza massima di 2 km. Otto linee in un sistema controllato da Hub Hybrid riducono al minimo le possibili interruzioni. Anche in caso di interruzione completa della linea, il sistema di sicurezza \u00e8 ancora operativo all&#8217;87%. E con i sensori wireless, la disponibilit\u00e0 operativa \u00e8 ancora maggiore.<\/p>\n<p>Con Fibra sei flessibile nell&#8217;installazione. Puoi impostare una topologia a stella o creare zone diverse con un massimo di 8 linee.<\/p>\n<p>MotionCam Fibra<\/p>\n<p>Rilevatore di movimento cablato con fotocamera per il controllo degli allarmi. Con MotionCam sarai informato sulla situazione nella tua casa prima ancora che i ladri si accorgano di essere stati catturati. Una serie di foto animate che seguono l&#8217;immediato allarme di rilevamento del movimento consentono di valutare con precisione la situazione.<\/p>\n<p>Nota: questo \u00e8 un dispositivo della linea di prodotti cablati Fibra. La messa in servizio pu\u00f2 essere effettuata solo da installatori specializzati certificati AJAX.<\/p>\n","protected":false},"excerpt":{"rendered":"<p>AJAX MotionCam Fibra &#8211; Bianco | Tecnologia Fibra La tecnologia di comunicazione Fibra permette di realizzare linee indipendenti con una lunghezza massima di 2 km. Otto linee in un sistema controllato da Hub Hybrid riducono al minimo le possibili interruzioni. Anche in caso di interruzione completa della linea, il sistema di sicurezza \u00e8 ancora operativo [&hellip;]<\/p>\n","protected":false},"featured_media":0,"template":"","meta":[],"product_brand":[],"product_cat":[4237,4255],"product_tag":[],"yst_prominent_words":[],"class_list":{"0":"post-61184","1":"product","2":"type-product","3":"status-publish","5":"product_cat-allarmi-casa-e-ufficio-ajax-2","6":"product_cat-sensori-ajax-allarmi-casa-e-ufficio-ajax-2","8":"first","9":"instock","10":"taxable","11":"shipping-taxable","12":"purchasable","13":"product-type-simple"},"_links":{"self":[{"href":"https:\/\/osatech.ch\/shop\/index.php\/wp-json\/wp\/v2\/product\/61184","targetHints":{"allow":["GET"]}}],"collection":[{"href":"https:\/\/osatech.ch\/shop\/index.php\/wp-json\/wp\/v2\/product"}],"about":[{"href":"https:\/\/osatech.ch\/shop\/index.php\/wp-json\/wp\/v2\/types\/product"}],"wp:attachment":[{"href":"https:\/\/osatech.ch\/shop\/index.php\/wp-json\/wp\/v2\/media?parent=61184"}],"wp:term":[{"taxonomy":"product_brand","embeddable":true,"href":"https:\/\/osatech.ch\/shop\/index.php\/wp-json\/wp\/v2\/product_brand?post=61184"},{"taxonomy":"product_cat","embeddable":true,"href":"https:\/\/osatech.ch\/shop\/index.php\/wp-json\/wp\/v2\/product_cat?post=61184"},{"taxonomy":"product_tag","embeddable":true,"href":"https:\/\/osatech.ch\/shop\/index.php\/wp-json\/wp\/v2\/product_tag?post=61184"},{"taxonomy":"yst_prominent_words","embeddable":true,"href":"https:\/\/osatech.ch\/shop\/index.php\/wp-json\/wp\/v2\/yst_prominent_words?post=61184"}],"curies":[{"name":"wp","href":"https:\/\/api.w.org\/{rel}","templated":true}]}}