{"id":61169,"date":"2024-08-23T12:09:23","date_gmt":"2024-08-23T10:09:23","guid":{"rendered":"https:\/\/osatech.ch\/shop\/index.php\/prodotto\/ajax-motioncam-rilevatore-di-movimento-con-telecamera-bianco"},"modified":"2025-11-26T17:06:32","modified_gmt":"2025-11-26T16:06:32","slug":"ajax-motioncam-rilevatore-di-movimento-con-telecamera-bianco","status":"publish","type":"product","link":"https:\/\/osatech.ch\/shop\/index.php\/prodotto\/ajax-motioncam-rilevatore-di-movimento-con-telecamera-bianco","title":{"rendered":"AJAX MotionCam &#8211; Rilevatore di movimento con telecamera Bianco"},"content":{"rendered":"<p>AJAX MotionCam &#8211; Rilevatore di movimento con telecamera Bianco |<\/p>\n<p>Rilevatore di movimento con fotocamera per controllare gli allarmi. Con MotionCam sarai informato sulla situazione nella tua casa prima ancora che i ladri si accorgano di essere stati catturati. Una serie di foto animate che seguono l&#8217;immediato allarme di rilevamento del movimento consentono di valutare con precisione la situazione.<\/p>\n<p>&#8211; Trasmette una foto in meno di 9 secondi.<br \/>\n&#8211; Con visione notturna<br \/>\n&#8211; Funziona fino a 4 anni con batterie preinstallate<br \/>\n&#8211; Funziona fino a una distanza di 1700 m dall&#8217;unit\u00e0 di controllo dell&#8217;hub<\/p>\n<p>Principio di funzionamento<\/p>\n<p>L&#8217;Hub 2 \u00e8 necessario per utilizzare un rilevatore MotionCam. Il rilevatore di movimento non pu\u00f2 scattare foto su richiesta. La telecamera viene attivata solo quando \u00e8 presente un allarme di rilevamento del movimento. Durante tutti i processi di trasmissione e archiviazione, i dati vengono crittografati.<\/p>\n<p>Caratteristiche<\/p>\n<p>MotionCam utilizza due protocolli radio contemporaneamente: Jeweller per l&#8217;invio immediato degli allarmi e Wings per la trasmissione delle immagini in tempo reale. Potrai quindi valutare la situazione gi\u00e0 9 secondi dopo aver rilevato il movimento utilizzando la foto scattata. Riceverai una foto del luogo dell&#8217;evento entro 9 secondi dal rilevamento del movimento e l&#8217;allarme verr\u00e0 inviato entro una frazione di secondo, come prima. Anche se c&#8217;\u00e8 un&#8217;interruzione della comunicazione o un segnale debole.<\/p>\n","protected":false},"excerpt":{"rendered":"<p>AJAX MotionCam &#8211; Rilevatore di movimento con telecamera Bianco | Rilevatore di movimento con fotocamera per controllare gli allarmi. Con MotionCam sarai informato sulla situazione nella tua casa prima ancora che i ladri si accorgano di essere stati catturati. Una serie di foto animate che seguono l&#8217;immediato allarme di rilevamento del movimento consentono di valutare [&hellip;]<\/p>\n","protected":false},"featured_media":0,"template":"","meta":[],"product_brand":[],"product_cat":[4237,4255],"product_tag":[],"yst_prominent_words":[],"class_list":{"0":"post-61169","1":"product","2":"type-product","3":"status-publish","5":"product_cat-allarmi-casa-e-ufficio-ajax-2","6":"product_cat-sensori-ajax-allarmi-casa-e-ufficio-ajax-2","8":"first","9":"instock","10":"taxable","11":"shipping-taxable","12":"purchasable","13":"product-type-simple"},"_links":{"self":[{"href":"https:\/\/osatech.ch\/shop\/index.php\/wp-json\/wp\/v2\/product\/61169","targetHints":{"allow":["GET"]}}],"collection":[{"href":"https:\/\/osatech.ch\/shop\/index.php\/wp-json\/wp\/v2\/product"}],"about":[{"href":"https:\/\/osatech.ch\/shop\/index.php\/wp-json\/wp\/v2\/types\/product"}],"wp:attachment":[{"href":"https:\/\/osatech.ch\/shop\/index.php\/wp-json\/wp\/v2\/media?parent=61169"}],"wp:term":[{"taxonomy":"product_brand","embeddable":true,"href":"https:\/\/osatech.ch\/shop\/index.php\/wp-json\/wp\/v2\/product_brand?post=61169"},{"taxonomy":"product_cat","embeddable":true,"href":"https:\/\/osatech.ch\/shop\/index.php\/wp-json\/wp\/v2\/product_cat?post=61169"},{"taxonomy":"product_tag","embeddable":true,"href":"https:\/\/osatech.ch\/shop\/index.php\/wp-json\/wp\/v2\/product_tag?post=61169"},{"taxonomy":"yst_prominent_words","embeddable":true,"href":"https:\/\/osatech.ch\/shop\/index.php\/wp-json\/wp\/v2\/yst_prominent_words?post=61169"}],"curies":[{"name":"wp","href":"https:\/\/api.w.org\/{rel}","templated":true}]}}