{"id":60350,"date":"2024-08-22T09:21:17","date_gmt":"2024-08-22T07:21:17","guid":{"rendered":"https:\/\/osatech.ch\/shop\/index.php\/prodotto\/ajax-nvr-registratore-16-canali-bianco"},"modified":"2024-08-28T14:51:14","modified_gmt":"2024-08-28T12:51:14","slug":"ajax-nvr-registratore-16-canali-bianco","status":"publish","type":"product","link":"https:\/\/osatech.ch\/shop\/index.php\/prodotto\/ajax-nvr-registratore-16-canali-bianco","title":{"rendered":"AJAX NVR &#8211; Registratore 16 canali Bianco"},"content":{"rendered":"<p>AJAX NVR &#8211; Registratore a 16 canali Bianco|<\/p>\n<p>L&#8217;NVR AJAX offre registrazione video ad alta risoluzione e cattura ogni dettaglio in modo preciso e chiaro. Ci\u00f2 ti garantisce di poter vedere chiaramente tutto ci\u00f2 che accade all&#8217;interno e intorno alla tua propriet\u00e0 e ottenere le prove necessarie in caso di incidente.<\/p>\n<p>Enorme capacit\u00e0 di archiviazione:<\/p>\n<p>con la sua impressionante capacit\u00e0 di archiviazione, l&#8217;NVR AJAX ti consente di registrare e archiviare settimane di video. Ci\u00f2 significa che puoi rivedere i video registrati in qualsiasi momento, se necessario, e ottenere cos\u00ec una panoramica completa degli eventi.<\/p>\n<p>Si prega di notare che il disco rigido non \u00e8 incluso nella consegna!<\/p>\n","protected":false},"excerpt":{"rendered":"<p>AJAX NVR &#8211; Registratore a 16 canali Bianco| L&#8217;NVR AJAX offre registrazione video ad alta risoluzione e cattura ogni dettaglio in modo preciso e chiaro. Ci\u00f2 ti garantisce di poter vedere chiaramente tutto ci\u00f2 che accade all&#8217;interno e intorno alla tua propriet\u00e0 e ottenere le prove necessarie in caso di incidente. Enorme capacit\u00e0 di archiviazione: [&hellip;]<\/p>\n","protected":false},"featured_media":60349,"template":"","meta":[],"product_brand":[],"product_cat":[4292,3971],"product_tag":[],"yst_prominent_words":[],"class_list":{"0":"post-60350","1":"product","2":"type-product","3":"status-publish","4":"has-post-thumbnail","6":"product_cat-registratori-ajax","7":"product_cat-videosorveglianza-registratori","9":"first","10":"instock","11":"taxable","12":"shipping-taxable","13":"purchasable","14":"product-type-simple"},"_links":{"self":[{"href":"https:\/\/osatech.ch\/shop\/index.php\/wp-json\/wp\/v2\/product\/60350","targetHints":{"allow":["GET"]}}],"collection":[{"href":"https:\/\/osatech.ch\/shop\/index.php\/wp-json\/wp\/v2\/product"}],"about":[{"href":"https:\/\/osatech.ch\/shop\/index.php\/wp-json\/wp\/v2\/types\/product"}],"wp:featuredmedia":[{"embeddable":true,"href":"https:\/\/osatech.ch\/shop\/index.php\/wp-json\/wp\/v2\/media\/60349"}],"wp:attachment":[{"href":"https:\/\/osatech.ch\/shop\/index.php\/wp-json\/wp\/v2\/media?parent=60350"}],"wp:term":[{"taxonomy":"product_brand","embeddable":true,"href":"https:\/\/osatech.ch\/shop\/index.php\/wp-json\/wp\/v2\/product_brand?post=60350"},{"taxonomy":"product_cat","embeddable":true,"href":"https:\/\/osatech.ch\/shop\/index.php\/wp-json\/wp\/v2\/product_cat?post=60350"},{"taxonomy":"product_tag","embeddable":true,"href":"https:\/\/osatech.ch\/shop\/index.php\/wp-json\/wp\/v2\/product_tag?post=60350"},{"taxonomy":"yst_prominent_words","embeddable":true,"href":"https:\/\/osatech.ch\/shop\/index.php\/wp-json\/wp\/v2\/yst_prominent_words?post=60350"}],"curies":[{"name":"wp","href":"https:\/\/api.w.org\/{rel}","templated":true}]}}