{"id":60338,"date":"2024-08-22T09:21:11","date_gmt":"2024-08-22T07:21:11","guid":{"rendered":"https:\/\/osatech.ch\/shop\/index.php\/prodotto\/ajax-bulletcam-asp-telecamera-ip-cablata-da-8-mp-28-mm-bianca"},"modified":"2025-11-27T13:17:34","modified_gmt":"2025-11-27T12:17:34","slug":"ajax-bulletcam-asp-telecamera-ip-cablata-da-8-mp-28-mm-bianca","status":"publish","type":"product","link":"https:\/\/osatech.ch\/shop\/index.php\/prodotto\/ajax-bulletcam-asp-telecamera-ip-cablata-da-8-mp-28-mm-bianca","title":{"rendered":"AJAX BulletCam ASP &#8211; Telecamera IP cablata da 8 MP\/2,8 mm Bianca"},"content":{"rendered":"<p>AJAX BulletCam ASP &#8211; Telecamera IP cablata da 8 MP\/2,8 mm Bianca<\/p>\n<p>BulletCam funziona perfettamente utilizzando il cloud Ajax per trasmettere eventi di sistema, mentre la tecnologia proprietaria JetSparrow garantisce una rapida trasmissione di dati video peer-to-peer. Con le funzionalit\u00e0 di analisi AI, BulletCam pu\u00f2 riconoscere e identificare tipi di oggetti come persone, veicoli e animali domestici. Ci\u00f2 consente al sistema di monitoraggio di registrare solo gli eventi rilevanti e di utilizzare meno spazio di archiviazione. Per selezionare con precisione la sorveglianza \u00e8 possibile attivare le telecamere solo ad impianto inserito.<\/p>\n<p>Specifiche della fotocamera:<\/p>\n<p>Risoluzione<br \/>\nModello da 8 MP: fino a 3.840 x 2.160 px a 20 fps (4K UHD)<\/p>\n<p>Obiettivo<br \/>\n&#8211; 2,8 mm: 100\u00b0 Angolo di visione di 110\u00b0<\/p>\n<p>Commutazione giorno\/notte Elaborazione<br \/>\nautomatica delle immagini True WDR (hardware e software) Compressione video H. 265, H.264 Bit rate 100 Mbps full-duplex Visualizzazione live simultanea Fino a 5 canali Accesso utente Fino a 200 utenti Attivazione allarme Rilevazione movimento, rilevamento AI, rilevatore allarme, scenari di automazione<\/p>\n","protected":false},"excerpt":{"rendered":"<p>AJAX BulletCam ASP &#8211; Telecamera IP cablata da 8 MP\/2,8 mm Bianca BulletCam funziona perfettamente utilizzando il cloud Ajax per trasmettere eventi di sistema, mentre la tecnologia proprietaria JetSparrow garantisce una rapida trasmissione di dati video peer-to-peer. Con le funzionalit\u00e0 di analisi AI, BulletCam pu\u00f2 riconoscere e identificare tipi di oggetti come persone, veicoli e [&hellip;]<\/p>\n","protected":false},"featured_media":0,"template":"","meta":[],"product_brand":[],"product_cat":[4237,4291],"product_tag":[],"yst_prominent_words":[],"class_list":{"0":"post-60338","1":"product","2":"type-product","3":"status-publish","5":"product_cat-allarmi-casa-e-ufficio-ajax-2","6":"product_cat-telecamere","8":"first","9":"instock","10":"taxable","11":"shipping-taxable","12":"purchasable","13":"product-type-simple"},"_links":{"self":[{"href":"https:\/\/osatech.ch\/shop\/index.php\/wp-json\/wp\/v2\/product\/60338","targetHints":{"allow":["GET"]}}],"collection":[{"href":"https:\/\/osatech.ch\/shop\/index.php\/wp-json\/wp\/v2\/product"}],"about":[{"href":"https:\/\/osatech.ch\/shop\/index.php\/wp-json\/wp\/v2\/types\/product"}],"wp:attachment":[{"href":"https:\/\/osatech.ch\/shop\/index.php\/wp-json\/wp\/v2\/media?parent=60338"}],"wp:term":[{"taxonomy":"product_brand","embeddable":true,"href":"https:\/\/osatech.ch\/shop\/index.php\/wp-json\/wp\/v2\/product_brand?post=60338"},{"taxonomy":"product_cat","embeddable":true,"href":"https:\/\/osatech.ch\/shop\/index.php\/wp-json\/wp\/v2\/product_cat?post=60338"},{"taxonomy":"product_tag","embeddable":true,"href":"https:\/\/osatech.ch\/shop\/index.php\/wp-json\/wp\/v2\/product_tag?post=60338"},{"taxonomy":"yst_prominent_words","embeddable":true,"href":"https:\/\/osatech.ch\/shop\/index.php\/wp-json\/wp\/v2\/yst_prominent_words?post=60338"}],"curies":[{"name":"wp","href":"https:\/\/api.w.org\/{rel}","templated":true}]}}