{"id":60261,"date":"2024-08-22T09:20:25","date_gmt":"2024-08-22T07:20:25","guid":{"rendered":"https:\/\/osatech.ch\/shop\/index.php\/prodotto\/ajax-unita-centrale-hub-con-connessione-wi-fi-gsm-4g-3g-2g-ethernet-wifi-bianca-eu"},"modified":"2026-03-16T14:22:29","modified_gmt":"2026-03-16T13:22:29","slug":"ajax-unita-centrale-hub-con-connessione-wi-fi-gsm-4g-3g-2g-ethernet-wifi-bianca-eu","status":"publish","type":"product","link":"https:\/\/osatech.ch\/shop\/index.php\/prodotto\/ajax-unita-centrale-hub-con-connessione-wi-fi-gsm-4g-3g-2g-ethernet-wifi-bianca-eu","title":{"rendered":"Ajax Unit\u00e0 Centrale Hub  2 Plus con Connessione Wi-Fi (GSM 4G\/3G\/2G + Ethernet + WiFi) Bianca EU"},"content":{"rendered":"<p>AJAX Hub 2 Plus &#8211; Centro allarmi Biancaro EU<\/p>\n<p>L&#8217;Hub 2 Plus controlla tutti i dispositivi Ajax per avvisare gli utenti di porte aperte, finestre rotte, rischi di incendio o alluvione. Se i ladri entrano in casa tua, Hub 2 Plus trasmette le immagini dai rilevatori MotionCam e avvisa la societ\u00e0 di sicurezza del pericolo. La sorveglianza permanente tramite telecamere di sicurezza non \u00e8 pi\u00f9 obbligatoria per sapere cosa sta succedendo.<\/p>\n<p>&#8211; Compatibile con i rilevatori Ajax MotionCam.<br \/>\n&#8211; Autenticazione per evitare manomissioni<br \/>\n&#8211; Rilevamento interferenze di segnale e crittografia dei canali di comunicazione<br \/>\n&#8211; Allarme manomissione<\/p>\n<p>Utilizza WLAN, Ethernet e doppia SIM con 2G\/3G\/LTE (4 minuti di commutazione) per inviare allarmi al centro di sorveglianza e al proprietario. Il dispositivo invia una notifica in caso di interruzione di corrente e funziona fino a 15 ore con riserva di batteria. Controlla la funzionalit\u00e0 dei rilevatori almeno ogni 12 secondi.<\/p>\n","protected":false},"excerpt":{"rendered":"<p>AJAX Hub 2 Plus &#8211; Centro allarmi Biancaro EU L&#8217;Hub 2 Plus controlla tutti i dispositivi Ajax per avvisare gli utenti di porte aperte, finestre rotte, rischi di incendio o alluvione. Se i ladri entrano in casa tua, Hub 2 Plus trasmette le immagini dai rilevatori MotionCam e avvisa la societ\u00e0 di sicurezza del pericolo. [&hellip;]<\/p>\n","protected":false},"featured_media":0,"template":"","meta":[],"product_brand":[],"product_cat":[4237,4238],"product_tag":[],"yst_prominent_words":[],"class_list":{"0":"post-60261","1":"product","2":"type-product","3":"status-publish","5":"product_cat-allarmi-casa-e-ufficio-ajax-2","6":"product_cat-centrali-ajax-allarmi-casa-e-ufficio-ajax-2","8":"first","9":"instock","10":"taxable","11":"shipping-taxable","12":"purchasable","13":"product-type-simple"},"_links":{"self":[{"href":"https:\/\/osatech.ch\/shop\/index.php\/wp-json\/wp\/v2\/product\/60261","targetHints":{"allow":["GET"]}}],"collection":[{"href":"https:\/\/osatech.ch\/shop\/index.php\/wp-json\/wp\/v2\/product"}],"about":[{"href":"https:\/\/osatech.ch\/shop\/index.php\/wp-json\/wp\/v2\/types\/product"}],"wp:attachment":[{"href":"https:\/\/osatech.ch\/shop\/index.php\/wp-json\/wp\/v2\/media?parent=60261"}],"wp:term":[{"taxonomy":"product_brand","embeddable":true,"href":"https:\/\/osatech.ch\/shop\/index.php\/wp-json\/wp\/v2\/product_brand?post=60261"},{"taxonomy":"product_cat","embeddable":true,"href":"https:\/\/osatech.ch\/shop\/index.php\/wp-json\/wp\/v2\/product_cat?post=60261"},{"taxonomy":"product_tag","embeddable":true,"href":"https:\/\/osatech.ch\/shop\/index.php\/wp-json\/wp\/v2\/product_tag?post=60261"},{"taxonomy":"yst_prominent_words","embeddable":true,"href":"https:\/\/osatech.ch\/shop\/index.php\/wp-json\/wp\/v2\/yst_prominent_words?post=60261"}],"curies":[{"name":"wp","href":"https:\/\/api.w.org\/{rel}","templated":true}]}}