{"id":60210,"date":"2024-08-21T23:17:36","date_gmt":"2024-08-21T21:17:36","guid":{"rendered":"https:\/\/osatech.ch\/shop\/index.php\/prodotto\/ajax-motion-protect-rilevatore-di-movimento-bianco-eu"},"modified":"2026-01-21T11:04:33","modified_gmt":"2026-01-21T10:04:33","slug":"ajax-motion-protect-rilevatore-di-movimento-bianco-eu","status":"publish","type":"product","link":"https:\/\/osatech.ch\/shop\/index.php\/prodotto\/ajax-motion-protect-rilevatore-di-movimento-bianco-eu","title":{"rendered":"AJAX Motion Protect &#8211; Rilevatore di movimento Bianco EU"},"content":{"rendered":"<p>AJAX Motion Protect &#8211; Rilevatore di movimento Bianco EU |<\/p>\n<p>Rilevatore di movimento wireless che informa il proprietario dei primi segnali di intrusione in casa o in ufficio. Il rilevatore viene montato sulla parete davanti a porte, finestre e altri luoghi in cui potrebbe entrare un intruso.<\/p>\n<p>&#8211; Autenticazione per evitare manomissioni<br \/>\n&#8211; Rilevamento delle interferenze del segnale e crittografia dei canali di comunicazione.<br \/>\n&#8211; Allarme manomissione<br \/>\n&#8211; Il dispositivo funziona fino a 7 anni senza cambiare le batterie.<br \/>\n&#8211; Il dispositivo rileva con precisione i movimenti in condizioni calde, anche a una temperatura di +40\u00b0C.<\/p>\n<p>Principio di funzionamento<br \/>\nIl dispositivo rileva la presenza di persone in base al livello IR utilizzando un sensore PIR. I dati ricevuti vengono elaborati digitalmente per evitare falsi allarmi.<\/p>\n<p>Caratteristiche<br \/>\nIl dispositivo aumenta o diminuisce automaticamente la sensibilit\u00e0 del sensore per rilevare con precisione il movimento in climi caldi o freddi.<\/p>\n<p>Installazione e configurazione<br \/>\nPronto per l&#8217;uso immediato: la batteria \u00e8 gi\u00e0 installata, quindi non \u00e8 necessario smontare il rilevatore. Basta un clic per collegarlo all&#8217;hub nell&#8217;app mobile. Si installa in pochi minuti sullo SmartBracket.Tradotto con<\/p>\n","protected":false},"excerpt":{"rendered":"<p>AJAX Motion Protect &#8211; Rilevatore di movimento Bianco EU | Rilevatore di movimento wireless che informa il proprietario dei primi segnali di intrusione in casa o in ufficio. Il rilevatore viene montato sulla parete davanti a porte, finestre e altri luoghi in cui potrebbe entrare un intruso. &#8211; Autenticazione per evitare manomissioni &#8211; Rilevamento delle [&hellip;]<\/p>\n","protected":false},"featured_media":0,"template":"","meta":[],"product_brand":[],"product_cat":[4237,4255],"product_tag":[],"yst_prominent_words":[],"class_list":{"0":"post-60210","1":"product","2":"type-product","3":"status-publish","5":"product_cat-allarmi-casa-e-ufficio-ajax-2","6":"product_cat-sensori-ajax-allarmi-casa-e-ufficio-ajax-2","8":"first","9":"instock","10":"taxable","11":"shipping-taxable","12":"purchasable","13":"product-type-simple"},"_links":{"self":[{"href":"https:\/\/osatech.ch\/shop\/index.php\/wp-json\/wp\/v2\/product\/60210","targetHints":{"allow":["GET"]}}],"collection":[{"href":"https:\/\/osatech.ch\/shop\/index.php\/wp-json\/wp\/v2\/product"}],"about":[{"href":"https:\/\/osatech.ch\/shop\/index.php\/wp-json\/wp\/v2\/types\/product"}],"wp:attachment":[{"href":"https:\/\/osatech.ch\/shop\/index.php\/wp-json\/wp\/v2\/media?parent=60210"}],"wp:term":[{"taxonomy":"product_brand","embeddable":true,"href":"https:\/\/osatech.ch\/shop\/index.php\/wp-json\/wp\/v2\/product_brand?post=60210"},{"taxonomy":"product_cat","embeddable":true,"href":"https:\/\/osatech.ch\/shop\/index.php\/wp-json\/wp\/v2\/product_cat?post=60210"},{"taxonomy":"product_tag","embeddable":true,"href":"https:\/\/osatech.ch\/shop\/index.php\/wp-json\/wp\/v2\/product_tag?post=60210"},{"taxonomy":"yst_prominent_words","embeddable":true,"href":"https:\/\/osatech.ch\/shop\/index.php\/wp-json\/wp\/v2\/yst_prominent_words?post=60210"}],"curies":[{"name":"wp","href":"https:\/\/api.w.org\/{rel}","templated":true}]}}