{"id":60208,"date":"2024-08-21T23:17:35","date_gmt":"2024-08-21T21:17:35","guid":{"rendered":"https:\/\/osatech.ch\/shop\/index.php\/prodotto\/ajax-motion-protect-rilevatore-di-movimento-nero-eu"},"modified":"2025-11-27T11:30:33","modified_gmt":"2025-11-27T10:30:33","slug":"ajax-motion-protect-rilevatore-di-movimento-nero-eu","status":"publish","type":"product","link":"https:\/\/osatech.ch\/shop\/index.php\/prodotto\/ajax-motion-protect-rilevatore-di-movimento-nero-eu","title":{"rendered":"AJAX Motion Protect &#8211; Rilevatore di movimento Nero EU"},"content":{"rendered":"<p>AJAX Motion Protect &#8211; Rilevatore di movimento Nero EU |<\/p>\n<p>Rilevatore di movimento wireless che informa il proprietario dei primi segnali di intrusione in casa o in ufficio. Il rilevatore viene montato sulla parete davanti a porte, finestre e altri luoghi in cui potrebbe entrare un intruso.<\/p>\n<p>&#8211; Autenticazione per evitare manomissioni<br \/>\n&#8211; Rilevamento delle interferenze del segnale e crittografia dei canali di comunicazione.<br \/>\n&#8211; Allarme manomissione<br \/>\n&#8211; Il dispositivo funziona fino a 7 anni senza cambiare le batterie.<br \/>\n&#8211; Il dispositivo rileva con precisione i movimenti in condizioni calde, anche a una temperatura di +40\u00b0C.<\/p>\n<p>Principio di funzionamento<br \/>\nIl dispositivo rileva la presenza di persone in base al livello IR utilizzando un sensore PIR. I dati ricevuti vengono elaborati digitalmente per evitare falsi allarmi.<\/p>\n<p>Caratteristiche<br \/>\nIl dispositivo aumenta o diminuisce automaticamente la sensibilit\u00e0 del sensore per rilevare con precisione il movimento in climi caldi o freddi.<\/p>\n<p>Installazione e configurazione<br \/>\nPronto per l&#8217;uso immediato: la batteria \u00e8 gi\u00e0 installata, quindi non \u00e8 necessario smontare il rilevatore. Basta un clic per collegarlo all&#8217;hub nell&#8217;app mobile. Si installa in pochi minuti sullo SmartBracket.Tradotto con<\/p>\n","protected":false},"excerpt":{"rendered":"<p>AJAX Motion Protect &#8211; Rilevatore di movimento Nero EU | Rilevatore di movimento wireless che informa il proprietario dei primi segnali di intrusione in casa o in ufficio. Il rilevatore viene montato sulla parete davanti a porte, finestre e altri luoghi in cui potrebbe entrare un intruso. &#8211; Autenticazione per evitare manomissioni &#8211; Rilevamento delle [&hellip;]<\/p>\n","protected":false},"featured_media":59949,"template":"","meta":[],"product_brand":[],"product_cat":[4237,4255],"product_tag":[],"yst_prominent_words":[],"class_list":{"0":"post-60208","1":"product","2":"type-product","3":"status-publish","4":"has-post-thumbnail","6":"product_cat-allarmi-casa-e-ufficio-ajax-2","7":"product_cat-sensori-ajax-allarmi-casa-e-ufficio-ajax-2","9":"first","10":"instock","11":"taxable","12":"shipping-taxable","13":"purchasable","14":"product-type-simple"},"_links":{"self":[{"href":"https:\/\/osatech.ch\/shop\/index.php\/wp-json\/wp\/v2\/product\/60208","targetHints":{"allow":["GET"]}}],"collection":[{"href":"https:\/\/osatech.ch\/shop\/index.php\/wp-json\/wp\/v2\/product"}],"about":[{"href":"https:\/\/osatech.ch\/shop\/index.php\/wp-json\/wp\/v2\/types\/product"}],"wp:featuredmedia":[{"embeddable":true,"href":"https:\/\/osatech.ch\/shop\/index.php\/wp-json\/wp\/v2\/media\/59949"}],"wp:attachment":[{"href":"https:\/\/osatech.ch\/shop\/index.php\/wp-json\/wp\/v2\/media?parent=60208"}],"wp:term":[{"taxonomy":"product_brand","embeddable":true,"href":"https:\/\/osatech.ch\/shop\/index.php\/wp-json\/wp\/v2\/product_brand?post=60208"},{"taxonomy":"product_cat","embeddable":true,"href":"https:\/\/osatech.ch\/shop\/index.php\/wp-json\/wp\/v2\/product_cat?post=60208"},{"taxonomy":"product_tag","embeddable":true,"href":"https:\/\/osatech.ch\/shop\/index.php\/wp-json\/wp\/v2\/product_tag?post=60208"},{"taxonomy":"yst_prominent_words","embeddable":true,"href":"https:\/\/osatech.ch\/shop\/index.php\/wp-json\/wp\/v2\/yst_prominent_words?post=60208"}],"curies":[{"name":"wp","href":"https:\/\/api.w.org\/{rel}","templated":true}]}}