{"id":60196,"date":"2024-08-21T23:17:29","date_gmt":"2024-08-21T21:17:29","guid":{"rendered":"https:\/\/osatech.ch\/shop\/index.php\/prodotto\/ajax-glassprotect-fibra-rilevatore-di-rottura-vetro-nero"},"modified":"2025-11-27T11:42:33","modified_gmt":"2025-11-27T10:42:33","slug":"ajax-glassprotect-fibra-rilevatore-di-rottura-vetro-nero","status":"publish","type":"product","link":"https:\/\/osatech.ch\/shop\/index.php\/prodotto\/ajax-glassprotect-fibra-rilevatore-di-rottura-vetro-nero","title":{"rendered":"AJAX GlassProtect Fibra &#8211; Rilevatore di rottura vetro Nero"},"content":{"rendered":"<p>AJAX GlassProtect Fibra &#8211; Rilevatore di rottura vetro Nero<\/p>\n<p>Tecnologia Fibra<br \/>\nLa tecnologia di comunicazione Fibra permette di realizzare linee indipendenti con una lunghezza massima di 2 km. Otto linee in un sistema controllato da Hub Hybrid riducono al minimo le possibili interruzioni. Anche in caso di interruzione completa della linea, il sistema di sicurezza \u00e8 ancora operativo all&#8217;87%. E con i sensori wireless, la disponibilit\u00e0 operativa \u00e8 ancora maggiore.<\/p>\n<p>Con Fibra sei flessibile nell&#8217;installazione. Puoi impostare una topologia a stella o creare zone diverse con un massimo di 8 linee.<\/p>\n<p>GlassProtect FibraIl rilevatore di rottura vetro cablato GlassProtect Fibra rileva i primi segni di rottura del vetro. Pu\u00f2 essere montato su tutti i tipi di finestre. Il rilevatore comunica con l&#8217;Hub Hybrid tramite il protocollo sicuro Fibra. La portata della connessione cablata pu\u00f2 raggiungere i 2000 metri.<\/p>\n<p>Nota: questo \u00e8 un dispositivo della linea di prodotti Cavo Fibra. La messa in servizio pu\u00f2 essere effettuata solo da installatori specializzati certificati AJAX.<\/p>\n","protected":false},"excerpt":{"rendered":"<p>AJAX GlassProtect Fibra &#8211; Rilevatore di rottura vetro Nero Tecnologia Fibra La tecnologia di comunicazione Fibra permette di realizzare linee indipendenti con una lunghezza massima di 2 km. Otto linee in un sistema controllato da Hub Hybrid riducono al minimo le possibili interruzioni. Anche in caso di interruzione completa della linea, il sistema di sicurezza [&hellip;]<\/p>\n","protected":false},"featured_media":0,"template":"","meta":[],"product_brand":[],"product_cat":[4237,4255],"product_tag":[],"yst_prominent_words":[],"class_list":{"0":"post-60196","1":"product","2":"type-product","3":"status-publish","5":"product_cat-allarmi-casa-e-ufficio-ajax-2","6":"product_cat-sensori-ajax-allarmi-casa-e-ufficio-ajax-2","8":"first","9":"instock","10":"taxable","11":"shipping-taxable","12":"purchasable","13":"product-type-simple"},"_links":{"self":[{"href":"https:\/\/osatech.ch\/shop\/index.php\/wp-json\/wp\/v2\/product\/60196","targetHints":{"allow":["GET"]}}],"collection":[{"href":"https:\/\/osatech.ch\/shop\/index.php\/wp-json\/wp\/v2\/product"}],"about":[{"href":"https:\/\/osatech.ch\/shop\/index.php\/wp-json\/wp\/v2\/types\/product"}],"wp:attachment":[{"href":"https:\/\/osatech.ch\/shop\/index.php\/wp-json\/wp\/v2\/media?parent=60196"}],"wp:term":[{"taxonomy":"product_brand","embeddable":true,"href":"https:\/\/osatech.ch\/shop\/index.php\/wp-json\/wp\/v2\/product_brand?post=60196"},{"taxonomy":"product_cat","embeddable":true,"href":"https:\/\/osatech.ch\/shop\/index.php\/wp-json\/wp\/v2\/product_cat?post=60196"},{"taxonomy":"product_tag","embeddable":true,"href":"https:\/\/osatech.ch\/shop\/index.php\/wp-json\/wp\/v2\/product_tag?post=60196"},{"taxonomy":"yst_prominent_words","embeddable":true,"href":"https:\/\/osatech.ch\/shop\/index.php\/wp-json\/wp\/v2\/yst_prominent_words?post=60196"}],"curies":[{"name":"wp","href":"https:\/\/api.w.org\/{rel}","templated":true}]}}