{"id":59802,"date":"2024-08-21T20:03:34","date_gmt":"2024-08-21T18:03:34","guid":{"rendered":"https:\/\/osatech.ch\/shop\/index.php\/prodotto\/dahua-videoregistratore-di-rete-wizsense-a-32-canali-1u-16poe-2hdd"},"modified":"2025-01-20T08:47:18","modified_gmt":"2025-01-20T07:47:18","slug":"dahua-videoregistratore-di-rete-wizsense-a-32-canali-1u-16poe-2hdd","status":"publish","type":"product","link":"https:\/\/osatech.ch\/shop\/index.php\/prodotto\/dahua-videoregistratore-di-rete-wizsense-a-32-canali-1u-16poe-2hdd","title":{"rendered":"Dahua Videoregistratore di rete WizSense a 32 canali 1U 16PoE 2HDD"},"content":{"rendered":"<p>NVR5232-16P-EI| Videoregistratore di rete WizSense a 32 canali 1U 16PoE 2HDD |<\/p>\n<p>Lanciato da Dahua Technology, WizSense \u00e8 una serie di prodotti e soluzioni AI che adottano chip AI indipendenti e algoritmi di deep learning. che adottano chip AI indipendenti e algoritmo di deep learning. Si concentra su esseri umani e veicoli con elevata precisione, consentendo agli utenti di agire rapidamente su obiettivi definiti. agire rapidamente su obiettivi definiti. Basato sulle tecnologie avanzate di Dahua, WizSense fornisce prodotti e soluzioni intelligenti, semplici e inclusivi.<\/p>\n<p>Parametri tecnici:<\/p>\n<p>&#8211; Formato di decodifica Smart H.265+\/H.265\/Smart H.264+\/H.264\/MJPEG.<br \/>\n&#8211; Capacit\u00e0 di decodifica massima: 32 \u00d7 1080p@30 fps o 32 \u00d7 2MP@30 fps.<br \/>\n&#8211; Capacit\u00e0 massima di decodifica. Larghezza di banda in entrata\/registrazione\/uscita 384 Mbps.<br \/>\n&#8211; Supporto per AcuPick con max. 16 canali.<br \/>\n&#8211; Supporto per cluster N+M.<br \/>\n&#8211; AI tramite registratore: rilevamento e riconoscimento facciale su 2 canali, protezione perimetrale su 4 canali e SMD Plus su 8 canali. Protezione perimetrale a 4 canali e SMD Plus a 8 canali.<br \/>\n&#8211; AI tramite telecamera: rilevamento e riconoscimento facciale, protezione perimetrale, SMD Plus, metadati, ANPR e conteggio persone.<br \/>\n&#8211; Livello di sicurezza di base 2.3<\/p>\n","protected":false},"excerpt":{"rendered":"<p>NVR5232-16P-EI| Videoregistratore di rete WizSense a 32 canali 1U 16PoE 2HDD | Lanciato da Dahua Technology, WizSense \u00e8 una serie di prodotti e soluzioni AI che adottano chip AI indipendenti e algoritmi di deep learning. che adottano chip AI indipendenti e algoritmo di deep learning. Si concentra su esseri umani e veicoli con elevata precisione, [&hellip;]<\/p>\n","protected":false},"featured_media":60704,"template":"","meta":[],"product_brand":[],"product_cat":[4088,3971],"product_tag":[],"yst_prominent_words":[],"class_list":{"0":"post-59802","1":"product","2":"type-product","3":"status-publish","4":"has-post-thumbnail","6":"product_cat-registratori-dahua","7":"product_cat-videosorveglianza-registratori","9":"first","10":"instock","11":"taxable","12":"shipping-taxable","13":"purchasable","14":"product-type-simple"},"_links":{"self":[{"href":"https:\/\/osatech.ch\/shop\/index.php\/wp-json\/wp\/v2\/product\/59802","targetHints":{"allow":["GET"]}}],"collection":[{"href":"https:\/\/osatech.ch\/shop\/index.php\/wp-json\/wp\/v2\/product"}],"about":[{"href":"https:\/\/osatech.ch\/shop\/index.php\/wp-json\/wp\/v2\/types\/product"}],"wp:featuredmedia":[{"embeddable":true,"href":"https:\/\/osatech.ch\/shop\/index.php\/wp-json\/wp\/v2\/media\/60704"}],"wp:attachment":[{"href":"https:\/\/osatech.ch\/shop\/index.php\/wp-json\/wp\/v2\/media?parent=59802"}],"wp:term":[{"taxonomy":"product_brand","embeddable":true,"href":"https:\/\/osatech.ch\/shop\/index.php\/wp-json\/wp\/v2\/product_brand?post=59802"},{"taxonomy":"product_cat","embeddable":true,"href":"https:\/\/osatech.ch\/shop\/index.php\/wp-json\/wp\/v2\/product_cat?post=59802"},{"taxonomy":"product_tag","embeddable":true,"href":"https:\/\/osatech.ch\/shop\/index.php\/wp-json\/wp\/v2\/product_tag?post=59802"},{"taxonomy":"yst_prominent_words","embeddable":true,"href":"https:\/\/osatech.ch\/shop\/index.php\/wp-json\/wp\/v2\/yst_prominent_words?post=59802"}],"curies":[{"name":"wp","href":"https:\/\/api.w.org\/{rel}","templated":true}]}}