{"id":59796,"date":"2024-08-21T20:03:31","date_gmt":"2024-08-21T18:03:31","guid":{"rendered":"https:\/\/osatech.ch\/shop\/index.php\/prodotto\/dahua-videoregistratore-di-rete-wizsense-a-16-canali-1u-16poe-2hdd"},"modified":"2025-01-20T08:45:44","modified_gmt":"2025-01-20T07:45:44","slug":"dahua-videoregistratore-di-rete-wizsense-a-16-canali-1u-16poe-2hdd","status":"publish","type":"product","link":"https:\/\/osatech.ch\/shop\/index.php\/prodotto\/dahua-videoregistratore-di-rete-wizsense-a-16-canali-1u-16poe-2hdd","title":{"rendered":"Dahua Videoregistratore di rete WizSense a 16 canali 1U 16PoE 2HDD"},"content":{"rendered":"<p>WizSense \u00e8 stato lanciato da Dahua Technology e offre una gamma di prodotti e soluzioni AI che utilizzano un chip AI indipendente e un algoritmo di deep learning. Si concentra su persone e veicoli con elevata precisione, consentendo agli utenti di rispondere rapidamente a obiettivi definiti. Basato sulle tecnologie avanzate di Dahua, WizSense offre prodotti e soluzioni intelligenti, semplici e completi.<\/p>\n<p>Parametri tecnici:<\/p>\n<p>&#8211; Formato di decodifica Smart H.265+\/H.265\/Smart H.264+\/H.264\/MJPEG.<br \/>\n-Numero massimo Capacit\u00e0 di decodifica: 32 \u00d7 1080p@30 fps o 16 \u00d7 4MP@30 fps &#8211; Larghezza di banda max. 384 Mbps (in entrata\/registrazione\/in uscita).<br \/>\n&#8211; Supporto per AcuPick con max. 16 canali.<br \/>\n&#8211; Supporta cluster N+M.<br \/>\n&#8211; AI attraverso il registratore: rilevamento e riconoscimento facciale a 2 canali, protezione perimetrale a 4 canali e CMS Plus a 8 canali.<br \/>\n&#8211; AI by camera: rilevamento e riconoscimento facciale, protezione perimetrale, CMS Plus, metadati, ANPR e conteggio persone.<br \/>\n&#8211; Sicurezza di base 2.3<\/p>\n","protected":false},"excerpt":{"rendered":"<p>WizSense \u00e8 stato lanciato da Dahua Technology e offre una gamma di prodotti e soluzioni AI che utilizzano un chip AI indipendente e un algoritmo di deep learning. Si concentra su persone e veicoli con elevata precisione, consentendo agli utenti di rispondere rapidamente a obiettivi definiti. Basato sulle tecnologie avanzate di Dahua, WizSense offre prodotti [&hellip;]<\/p>\n","protected":false},"featured_media":60698,"template":"","meta":[],"product_brand":[],"product_cat":[4088,3971],"product_tag":[],"yst_prominent_words":[],"class_list":{"0":"post-59796","1":"product","2":"type-product","3":"status-publish","4":"has-post-thumbnail","6":"product_cat-registratori-dahua","7":"product_cat-videosorveglianza-registratori","9":"first","10":"instock","11":"taxable","12":"shipping-taxable","13":"purchasable","14":"product-type-simple"},"_links":{"self":[{"href":"https:\/\/osatech.ch\/shop\/index.php\/wp-json\/wp\/v2\/product\/59796","targetHints":{"allow":["GET"]}}],"collection":[{"href":"https:\/\/osatech.ch\/shop\/index.php\/wp-json\/wp\/v2\/product"}],"about":[{"href":"https:\/\/osatech.ch\/shop\/index.php\/wp-json\/wp\/v2\/types\/product"}],"wp:featuredmedia":[{"embeddable":true,"href":"https:\/\/osatech.ch\/shop\/index.php\/wp-json\/wp\/v2\/media\/60698"}],"wp:attachment":[{"href":"https:\/\/osatech.ch\/shop\/index.php\/wp-json\/wp\/v2\/media?parent=59796"}],"wp:term":[{"taxonomy":"product_brand","embeddable":true,"href":"https:\/\/osatech.ch\/shop\/index.php\/wp-json\/wp\/v2\/product_brand?post=59796"},{"taxonomy":"product_cat","embeddable":true,"href":"https:\/\/osatech.ch\/shop\/index.php\/wp-json\/wp\/v2\/product_cat?post=59796"},{"taxonomy":"product_tag","embeddable":true,"href":"https:\/\/osatech.ch\/shop\/index.php\/wp-json\/wp\/v2\/product_tag?post=59796"},{"taxonomy":"yst_prominent_words","embeddable":true,"href":"https:\/\/osatech.ch\/shop\/index.php\/wp-json\/wp\/v2\/yst_prominent_words?post=59796"}],"curies":[{"name":"wp","href":"https:\/\/api.w.org\/{rel}","templated":true}]}}