{"id":59676,"date":"2024-08-21T18:29:12","date_gmt":"2024-08-21T16:29:12","guid":{"rendered":"https:\/\/osatech.ch\/shop\/index.php\/prodotto\/dahua-telecamera-di-rete-bullet-ir-wizmind-da-4-mp"},"modified":"2024-08-28T14:20:03","modified_gmt":"2024-08-28T12:20:03","slug":"dahua-telecamera-di-rete-bullet-ir-wizmind-da-4-mp","status":"publish","type":"product","link":"https:\/\/osatech.ch\/shop\/index.php\/prodotto\/dahua-telecamera-di-rete-bullet-ir-wizmind-da-4-mp","title":{"rendered":"Dahua Telecamera di rete bullet IR WizMind da 4 MP"},"content":{"rendered":"<p>HFW7442HP-Z-2712F-X| Telecamera di rete bullet IR WizMind da 4 MP |<\/p>\n<p>Lanciato da Dahua Technology, Dahua WizMind \u00e8 un portafoglio di soluzioni completo composto da prodotti orientati al progetto. Include IPC, IVSS, NVR, PTZ, XVR, termica e una piattaforma software basata su algoritmi di deep learning all&#8217;avanguardia.<br \/>\nConcentrandosi sui clienti, WizMind offre soluzioni AI precise, affidabili e complete per i settori verticali.<\/p>\n<p>Parametri tecnici:<\/p>\n<p>&#8211; Sensore di immagine CMOS da 4 MP 1\/1,8&#8243;, immagine a bassa luminanza e ad alta risoluzione.<br \/>\n&#8211; Fornisce max. 4 MP (2688 \u00d7 1520) a 50\/60 fps.<br \/>\n&#8211; LED IR integrato, l&#8217;illuminazione massima della distanza \u00e8 60 m.<br \/>\n&#8211; La tecnologia di esposizione a divisione di tempo garantisce che quando la fotocamera effettua pi\u00f9 scatti di pi\u00f9 di un soggetto, la qualit\u00e0 degli scatti non viene influenzata. Pu\u00f2 anche essere utilizzata per regolare la luminosit\u00e0, la velocit\u00e0 e altri obiettivi per produrre risultati elevati -istantanee di qualit\u00e0<br \/>\n&#8211; ROI, codifica flessibile, applicabile a diverse larghezze di banda e ambienti di archiviazione. &#8211; Due funzioni intelligenti possono essere attivate simultaneamente, come il rilevamento dei volti+ e il rilevamento DPI+IVS<br \/>\n&#8211; Con algoritmo di deep learning, supporta: riconoscimento facciale, IVS, conteggio persone, metadati video, riconoscimento DPI, gestione parcheggi e ANPR, ecc.<br \/>\n&#8211; Tutela della privacy: \u00e8 possibile posizionare automaticamente dei mosaici sul viso o sul corpo di una persona per tutelarne la privacy.<br \/>\n&#8211; Allarme: 3 ingressi, 2 uscite; audio: 1 ingresso, 1 uscita; RS-485, BNC; Supporta una scheda Micro SD massima da 512 GB.<br \/>\n&#8211; Alimentazione 12 VCC\/24 VCA\/PoE+\/ePoE, uscita alimentazione 12 VCC, max. Corrente di picco 165 mA e 700 mA, facile da installare.<br \/>\n&#8211; Indice di protezione IP67 e IK10.<br \/>\n&#8211; Rivestimento anticorrosione (opzionale).<br \/>\n&#8211; Protezione della privacy: i mosaici possono essere posizionati automaticamente sul viso o sul corpo di una persona per proteggerne la privacy.<\/p>\n","protected":false},"excerpt":{"rendered":"<p>HFW7442HP-Z-2712F-X| Telecamera di rete bullet IR WizMind da 4 MP | Lanciato da Dahua Technology, Dahua WizMind \u00e8 un portafoglio di soluzioni completo composto da prodotti orientati al progetto. Include IPC, IVSS, NVR, PTZ, XVR, termica e una piattaforma software basata su algoritmi di deep learning all&#8217;avanguardia. Concentrandosi sui clienti, WizMind offre soluzioni AI precise, [&hellip;]<\/p>\n","protected":false},"featured_media":60766,"template":"","meta":[],"product_brand":[],"product_cat":[4252,4240],"product_tag":[],"yst_prominent_words":[],"class_list":{"0":"post-59676","1":"product","2":"type-product","3":"status-publish","4":"has-post-thumbnail","6":"product_cat-intelligenza-artificiale-dahua-telecamere-dahua","7":"product_cat-telecamere-dahua","9":"first","10":"instock","11":"taxable","12":"shipping-taxable","13":"purchasable","14":"product-type-simple"},"_links":{"self":[{"href":"https:\/\/osatech.ch\/shop\/index.php\/wp-json\/wp\/v2\/product\/59676","targetHints":{"allow":["GET"]}}],"collection":[{"href":"https:\/\/osatech.ch\/shop\/index.php\/wp-json\/wp\/v2\/product"}],"about":[{"href":"https:\/\/osatech.ch\/shop\/index.php\/wp-json\/wp\/v2\/types\/product"}],"wp:featuredmedia":[{"embeddable":true,"href":"https:\/\/osatech.ch\/shop\/index.php\/wp-json\/wp\/v2\/media\/60766"}],"wp:attachment":[{"href":"https:\/\/osatech.ch\/shop\/index.php\/wp-json\/wp\/v2\/media?parent=59676"}],"wp:term":[{"taxonomy":"product_brand","embeddable":true,"href":"https:\/\/osatech.ch\/shop\/index.php\/wp-json\/wp\/v2\/product_brand?post=59676"},{"taxonomy":"product_cat","embeddable":true,"href":"https:\/\/osatech.ch\/shop\/index.php\/wp-json\/wp\/v2\/product_cat?post=59676"},{"taxonomy":"product_tag","embeddable":true,"href":"https:\/\/osatech.ch\/shop\/index.php\/wp-json\/wp\/v2\/product_tag?post=59676"},{"taxonomy":"yst_prominent_words","embeddable":true,"href":"https:\/\/osatech.ch\/shop\/index.php\/wp-json\/wp\/v2\/yst_prominent_words?post=59676"}],"curies":[{"name":"wp","href":"https:\/\/api.w.org\/{rel}","templated":true}]}}