{"id":59667,"date":"2024-08-21T18:29:08","date_gmt":"2024-08-21T16:29:08","guid":{"rendered":"https:\/\/osatech.ch\/shop\/index.php\/prodotto\/dahua-telecamera-di-rete-bidirezionale-wizmind-2x4-mp"},"modified":"2024-08-28T14:19:46","modified_gmt":"2024-08-28T12:19:46","slug":"dahua-telecamera-di-rete-bidirezionale-wizmind-2x4-mp","status":"publish","type":"product","link":"https:\/\/osatech.ch\/shop\/index.php\/prodotto\/dahua-telecamera-di-rete-bidirezionale-wizmind-2x4-mp","title":{"rendered":"Dahua Telecamera di rete bidirezionale WizMind 2\u00d74 MP"},"content":{"rendered":"<p>HDBW5441FP-AS-E2-0280B| Telecamera di rete bidirezionale WizMind 2\u00d74 MP |<\/p>\n<p>Dahua WizMind \u00e8 stato introdotto da Dahua Technology ed \u00e8 un portafoglio completo di soluzioni. Soluzioni composte da prodotti orientati al progetto come IPC, NVR, PTZ, XVR, Thermal e una piattaforma software che utilizza algoritmi di deep learning leader del settore. Il focus \u00e8 sulle esigenze del cliente. WizMind offre soluzioni AI precise, affidabili e complete per i settori verticali.<\/p>\n<p>Con la soluzione Starlight e l&#8217;algoritmo di deep learning, la telecamera di rete Dahua WizMind Serie 5 offre diverse funzioni intelligenti, tra cui il riconoscimento facciale, la protezione perimetrale e il conteggio delle persone, che migliorano significativamente la precisione dell&#8217;analisi video. Le telecamere della serie supportano funzioni di protezione da polvere, acqua e atti vandalici e sono conformi agli standard IP67 e IK10 (supportati da alcuni modelli selezionati).<\/p>\n<p>Parametri tecnici:<\/p>\n<p>&#8211; Sensore di immagine CMOS da 4 MP 1\/2,7&#8243;, immagine a bassa luminanza e ad alta risoluzione.<br \/>\n&#8211; Uscita massima 4 MP (2560 \u00d7 1440) a 25\/30 fps.<br \/>\n&#8211; LED IR integrato e la distanza di illuminazione massima \u00e8 di 30 m<br \/>\n&#8211; ROI, SMART H.264+\/H.265+, AI H.264\/H.265, codifica flessibile, adatta a diverse larghezze di banda e ambienti di archiviazione<br \/>\n&#8211; Modalit\u00e0 rotazione, WDR, 3D NR, HLC, BLC, filigrana digitale, adatta per diversi call center di servizi di emergenza<br \/>\n&#8211; Monitoraggio intelligente: Intrusione, Tripwire, Fast Moving (tutte e tre le funzioni supportano la classificazione precisa dei veicoli e il rilevamento di oggetti abbandonati, oggetti scomparsi, rilevamento di vagabondaggio, assembramenti di persone e rilevamento di parcheggi<br \/>\n&#8211; Volto ); riconoscimento: tracciamento, snapshot, ottimizzazione degli snapshot, caricamento ottimale degli snapshot, miglioramento del volto e dell&#8217;esposizione<br \/>\n&#8211; Conteggio persone: gestione code, conteggio persone in zona, conteggio persone in entrata\/uscita e creazione ed esportazione di report (giorno\/mese\/anno). .<br \/>\n&#8211; L&#8217;intelligenza a doppio canale pu\u00f2 essere attivata simultaneamente e indipendentemente l&#8217;una dall&#8217;altra. indipendentemente l&#8217;uno dall&#8217;altro.<br \/>\n&#8211; Supporta immagini a due canali visualizzate nel primo canale, riducendo i costi di licenza.<br \/>\n&#8211; Allarme: 2 ingressi, 2 uscite; audio: 1 ingresso, 1 uscita; Supporta una scheda Micro SD massima da 256 GB. ; MICROFONO incorporato.<br \/>\n&#8211; Alimentazione 12 VCC\/PoE.<br \/>\n&#8211; IP67 e IK10.<br \/>\n-CMS 3.0.0<\/p>\n","protected":false},"excerpt":{"rendered":"<p>HDBW5441FP-AS-E2-0280B| Telecamera di rete bidirezionale WizMind 2\u00d74 MP | Dahua WizMind \u00e8 stato introdotto da Dahua Technology ed \u00e8 un portafoglio completo di soluzioni. Soluzioni composte da prodotti orientati al progetto come IPC, NVR, PTZ, XVR, Thermal e una piattaforma software che utilizza algoritmi di deep learning leader del settore. Il focus \u00e8 sulle esigenze [&hellip;]<\/p>\n","protected":false},"featured_media":60774,"template":"","meta":[],"product_brand":[],"product_cat":[4252,4240],"product_tag":[],"yst_prominent_words":[],"class_list":{"0":"post-59667","1":"product","2":"type-product","3":"status-publish","4":"has-post-thumbnail","6":"product_cat-intelligenza-artificiale-dahua-telecamere-dahua","7":"product_cat-telecamere-dahua","9":"first","10":"instock","11":"taxable","12":"shipping-taxable","13":"purchasable","14":"product-type-simple"},"_links":{"self":[{"href":"https:\/\/osatech.ch\/shop\/index.php\/wp-json\/wp\/v2\/product\/59667","targetHints":{"allow":["GET"]}}],"collection":[{"href":"https:\/\/osatech.ch\/shop\/index.php\/wp-json\/wp\/v2\/product"}],"about":[{"href":"https:\/\/osatech.ch\/shop\/index.php\/wp-json\/wp\/v2\/types\/product"}],"wp:featuredmedia":[{"embeddable":true,"href":"https:\/\/osatech.ch\/shop\/index.php\/wp-json\/wp\/v2\/media\/60774"}],"wp:attachment":[{"href":"https:\/\/osatech.ch\/shop\/index.php\/wp-json\/wp\/v2\/media?parent=59667"}],"wp:term":[{"taxonomy":"product_brand","embeddable":true,"href":"https:\/\/osatech.ch\/shop\/index.php\/wp-json\/wp\/v2\/product_brand?post=59667"},{"taxonomy":"product_cat","embeddable":true,"href":"https:\/\/osatech.ch\/shop\/index.php\/wp-json\/wp\/v2\/product_cat?post=59667"},{"taxonomy":"product_tag","embeddable":true,"href":"https:\/\/osatech.ch\/shop\/index.php\/wp-json\/wp\/v2\/product_tag?post=59667"},{"taxonomy":"yst_prominent_words","embeddable":true,"href":"https:\/\/osatech.ch\/shop\/index.php\/wp-json\/wp\/v2\/yst_prominent_words?post=59667"}],"curies":[{"name":"wp","href":"https:\/\/api.w.org\/{rel}","templated":true}]}}