{"id":59640,"date":"2024-08-21T18:28:58","date_gmt":"2024-08-21T16:28:58","guid":{"rendered":"https:\/\/osatech.ch\/shop\/index.php\/prodotto\/dahua-telecamera-di-rete-wizsense-bullet-a-fuoco-fisso-2x4mp-tioc-duo-splice-2"},"modified":"2024-08-28T14:19:10","modified_gmt":"2024-08-28T12:19:10","slug":"dahua-telecamera-di-rete-wizsense-bullet-a-fuoco-fisso-2x4mp-tioc-duo-splice-2","status":"publish","type":"product","link":"https:\/\/osatech.ch\/shop\/index.php\/prodotto\/dahua-telecamera-di-rete-wizsense-bullet-a-fuoco-fisso-2x4mp-tioc-duo-splice-2","title":{"rendered":"Dahua Telecamera di rete WizSense Bullet a fuoco fisso 2x4MP TiOC Duo Splice"},"content":{"rendered":"<p>PFW3849S-A180-AS-PV| Telecamera di rete WizSense Bullet a fuoco fisso 2x4MP TiOC Duo Splice |<\/p>\n<p>WizSense \u00e8 stato lanciato da Dahua Technology e offre una gamma di prodotti e soluzioni AI che utilizzano un chip AI indipendente e un algoritmo di deep learning. Si concentra su persone e veicoli con elevata precisione, consentendo agli utenti di rispondere rapidamente a obiettivi definiti. Basato sulle tecnologie avanzate di Dahua, WizSense offre prodotti e soluzioni intelligenti, semplici e completi.<\/p>\n<p>Parametri tecnici:<\/p>\n<p>&#8211; Produce un&#8217;immagine di giunzione grandangolare di 180\u00b0.<br \/>\n&#8211; Uscite massime 8 MP (4096 \u00d7 1860) a 20 fps.<br \/>\n&#8211; Codec H.265, tasso di compressione elevato, bit rate molto basso.<br \/>\n&#8211; LED IR integrato e luce calda, la distanza massima di illuminazione IR \u00e8 di 25 m. La distanza di illuminazione IR \u00e8 di 25 metri e la distanza di luce calda \u00e8 di 20 metri. e la distanza della luce calda \u00e8 di 20 m.<br \/>\n&#8211; ROI, SMART H.264+\/H.265+, AI H.264\/H.265, codifica flessibile, applicabile a vari ambienti di larghezza di banda e archiviazione. a diversi ambienti di larghezza di banda e di archiviazione.<br \/>\n&#8211; WDR, 3D NR, HLC, BLC, filigrana digitale, applicabile a varie scene di sorveglianza. scene di sorveglianza.<br \/>\n&#8211; Allarme: 1 ingresso, 1 uscita; audio: 1 ingresso, 1 uscita; supporto per max. Micro SD da 256 GB 256 GB; doppio microfono incorporato; Altoparlante incorporato, che supporta conversazioni bidirezionali.<br \/>\n&#8211; Alimentazione 12 VDC\/PoE, facile da installare.<br \/>\n&#8211; Protezione IP67.<br \/>\n&#8211; Allarme sonoro e luminoso (luci rosse e blu).<br \/>\n&#8211; EPTZ: ampliamento e monitoraggio degli obiettivi di allarme intelligenti.<br \/>\n-SMD 4.0.<br \/>\n&#8211; Inserimento\/disinserimento tramite ingresso allarme one-touch.<\/p>\n","protected":false},"excerpt":{"rendered":"<p>PFW3849S-A180-AS-PV| Telecamera di rete WizSense Bullet a fuoco fisso 2x4MP TiOC Duo Splice | WizSense \u00e8 stato lanciato da Dahua Technology e offre una gamma di prodotti e soluzioni AI che utilizzano un chip AI indipendente e un algoritmo di deep learning. Si concentra su persone e veicoli con elevata precisione, consentendo agli utenti di [&hellip;]<\/p>\n","protected":false},"featured_media":60801,"template":"","meta":[],"product_brand":[],"product_cat":[4252,4240],"product_tag":[],"yst_prominent_words":[],"class_list":{"0":"post-59640","1":"product","2":"type-product","3":"status-publish","4":"has-post-thumbnail","6":"product_cat-intelligenza-artificiale-dahua-telecamere-dahua","7":"product_cat-telecamere-dahua","9":"first","10":"instock","11":"taxable","12":"shipping-taxable","13":"purchasable","14":"product-type-simple"},"_links":{"self":[{"href":"https:\/\/osatech.ch\/shop\/index.php\/wp-json\/wp\/v2\/product\/59640","targetHints":{"allow":["GET"]}}],"collection":[{"href":"https:\/\/osatech.ch\/shop\/index.php\/wp-json\/wp\/v2\/product"}],"about":[{"href":"https:\/\/osatech.ch\/shop\/index.php\/wp-json\/wp\/v2\/types\/product"}],"wp:featuredmedia":[{"embeddable":true,"href":"https:\/\/osatech.ch\/shop\/index.php\/wp-json\/wp\/v2\/media\/60801"}],"wp:attachment":[{"href":"https:\/\/osatech.ch\/shop\/index.php\/wp-json\/wp\/v2\/media?parent=59640"}],"wp:term":[{"taxonomy":"product_brand","embeddable":true,"href":"https:\/\/osatech.ch\/shop\/index.php\/wp-json\/wp\/v2\/product_brand?post=59640"},{"taxonomy":"product_cat","embeddable":true,"href":"https:\/\/osatech.ch\/shop\/index.php\/wp-json\/wp\/v2\/product_cat?post=59640"},{"taxonomy":"product_tag","embeddable":true,"href":"https:\/\/osatech.ch\/shop\/index.php\/wp-json\/wp\/v2\/product_tag?post=59640"},{"taxonomy":"yst_prominent_words","embeddable":true,"href":"https:\/\/osatech.ch\/shop\/index.php\/wp-json\/wp\/v2\/yst_prominent_words?post=59640"}],"curies":[{"name":"wp","href":"https:\/\/api.w.org\/{rel}","templated":true}]}}