{"id":59571,"date":"2024-08-21T18:28:31","date_gmt":"2024-08-21T16:28:31","guid":{"rendered":"https:\/\/osatech.ch\/shop\/index.php\/prodotto\/dahua-telecamera-di-rete-dome-a-infrarossi-wizsense-da-5-mp-con-fuoco-fisso"},"modified":"2024-08-28T14:17:53","modified_gmt":"2024-08-28T12:17:53","slug":"dahua-telecamera-di-rete-dome-a-infrarossi-wizsense-da-5-mp-con-fuoco-fisso","status":"publish","type":"product","link":"https:\/\/osatech.ch\/shop\/index.php\/prodotto\/dahua-telecamera-di-rete-dome-a-infrarossi-wizsense-da-5-mp-con-fuoco-fisso","title":{"rendered":"Dahua Telecamera di rete dome a infrarossi WizSense da 5 MP con fuoco fisso"},"content":{"rendered":"<p>HDBW2541EP-S-0280B-S2| Telecamera di rete dome a infrarossi WizSense da 5 MP con fuoco fisso |<\/p>\n<p>WizSense \u00e8 stato lanciato da Dahua Technology e offre una gamma di prodotti e soluzioni AI che utilizzano un chip AI indipendente e un algoritmo di deep learning. Si concentra su persone e veicoli con elevata precisione, consentendo agli utenti di rispondere rapidamente a obiettivi definiti. Basato sulle tecnologie avanzate di Dahua, WizSense offre prodotti e soluzioni intelligenti, semplici e completi.<\/p>\n<p>Parametri tecnici:<\/p>\n<p>*I parametri e le schede tecniche seguenti possono applicarsi solo alla serie 2541-S2.<\/p>\n<p>&#8211; Sensore di immagine CMOS da 5 MP da 1\/2,7&#8243;, bassa luminanza e alta risoluzione ad alta definizione.<br \/>\n&#8211; Produce immagini max. 5 MP (2960 \u00d7 1668) a 20 fps e supporta 2688 \u00d7 1520 (2688 \u00d7 1520)) a 25\/ 30 fotogrammi al secondo<br \/>\n&#8211; Codec H.265, tasso di compressione elevato, bit rate molto basso<br \/>\n&#8211; LED IR integrato, distanza di illuminazione massima di 30 m<br \/>\n265+, codifica flessibile, applicabile a varie larghezze di banda e ambienti di archiviazione<br \/>\n&#8211; Modalit\u00e0 rotazione, WDR, 3D NR, HLC, BLC, filigrana digitale, applicabili a varie scene di monitoraggio &#8211; Monitoraggio intelligente: Intrusione, filo di allarme (entrambe le funzioni supportano la classificazione e il rilevamento precisi di veicoli e persone &#8211; Rilevamento di anomalie: rilevamento di movimento, video)<br \/>\n.<br \/>\nmanomissione, rilevamento audio, nessuna scheda SD, scheda SD piena, rilevamento audio errore scheda SD, nessuna scheda SD, scheda SD piena, errore scheda SD, disconnessione di rete, conflitto IP, accesso illegale, ecc. e rilevamento della tensione<br \/>\n&#8211; Supporta la scheda Micro SD max. Micro SD da 256 GB; MICROFONO incorporato.<br \/>\n&#8211; Alimentazione 12 VDC\/PoE, facile da installare.<br \/>\n&#8211; Protezione IP67, IK10.<br \/>\n-SMD Plus<\/p>\n","protected":false},"excerpt":{"rendered":"<p>HDBW2541EP-S-0280B-S2| Telecamera di rete dome a infrarossi WizSense da 5 MP con fuoco fisso | WizSense \u00e8 stato lanciato da Dahua Technology e offre una gamma di prodotti e soluzioni AI che utilizzano un chip AI indipendente e un algoritmo di deep learning. Si concentra su persone e veicoli con elevata precisione, consentendo agli utenti [&hellip;]<\/p>\n","protected":false},"featured_media":60882,"template":"","meta":[],"product_brand":[],"product_cat":[4250,4240],"product_tag":[],"yst_prominent_words":[],"class_list":{"0":"post-59571","1":"product","2":"type-product","3":"status-publish","4":"has-post-thumbnail","6":"product_cat-bullet-dome-dahua-telecamere-dahua","7":"product_cat-telecamere-dahua","9":"first","10":"instock","11":"taxable","12":"shipping-taxable","13":"purchasable","14":"product-type-simple"},"_links":{"self":[{"href":"https:\/\/osatech.ch\/shop\/index.php\/wp-json\/wp\/v2\/product\/59571","targetHints":{"allow":["GET"]}}],"collection":[{"href":"https:\/\/osatech.ch\/shop\/index.php\/wp-json\/wp\/v2\/product"}],"about":[{"href":"https:\/\/osatech.ch\/shop\/index.php\/wp-json\/wp\/v2\/types\/product"}],"wp:featuredmedia":[{"embeddable":true,"href":"https:\/\/osatech.ch\/shop\/index.php\/wp-json\/wp\/v2\/media\/60882"}],"wp:attachment":[{"href":"https:\/\/osatech.ch\/shop\/index.php\/wp-json\/wp\/v2\/media?parent=59571"}],"wp:term":[{"taxonomy":"product_brand","embeddable":true,"href":"https:\/\/osatech.ch\/shop\/index.php\/wp-json\/wp\/v2\/product_brand?post=59571"},{"taxonomy":"product_cat","embeddable":true,"href":"https:\/\/osatech.ch\/shop\/index.php\/wp-json\/wp\/v2\/product_cat?post=59571"},{"taxonomy":"product_tag","embeddable":true,"href":"https:\/\/osatech.ch\/shop\/index.php\/wp-json\/wp\/v2\/product_tag?post=59571"},{"taxonomy":"yst_prominent_words","embeddable":true,"href":"https:\/\/osatech.ch\/shop\/index.php\/wp-json\/wp\/v2\/yst_prominent_words?post=59571"}],"curies":[{"name":"wp","href":"https:\/\/api.w.org\/{rel}","templated":true}]}}