{"id":57499,"date":"2024-08-21T13:41:21","date_gmt":"2024-08-21T11:41:21","guid":{"rendered":"https:\/\/osatech.ch\/shop\/index.php\/prodotto\/jablotron-ja-115a-sirena-bus-esterna"},"modified":"2025-04-29T10:00:13","modified_gmt":"2025-04-29T08:00:13","slug":"jablotron-ja-115a-sirena-bus-esterna","status":"publish","type":"product","link":"https:\/\/osatech.ch\/shop\/index.php\/prodotto\/jablotron-ja-115a-sirena-bus-esterna","title":{"rendered":"Jablotron JA-115A Sirena bus esterna"},"content":{"rendered":"<p>JA-115A| Sirena bus esterna |<\/p>\n<p>SENZA identificazione del marchio<br \/>\nConsiste in un pannello di base e un coperchioBatteria non inclusa<\/p>\n<p>La sirena JA-115A del sistema JABLOTRON 100+ \u00e8 alimentata da una batteria al litio. \u00c8 completamente autonomo, quindi non \u00e8 necessaria alcuna alimentazione esterna.<\/p>\n<p>Dispone di accumulatore quando manca l&#8217;alimentazione elettrica ed \u00e8 inoltre dotato di livella a bolla per un posizionamento preciso e facile durante l&#8217;installazione.<\/p>\n<p>Ha un indirizzo e occupa una posizione nel sistema di sicurezza.<\/p>\n","protected":false},"excerpt":{"rendered":"<p>JA-115A| Sirena bus esterna | SENZA identificazione del marchio Consiste in un pannello di base e un coperchioBatteria non inclusa La sirena JA-115A del sistema JABLOTRON 100+ \u00e8 alimentata da una batteria al litio. \u00c8 completamente autonomo, quindi non \u00e8 necessaria alcuna alimentazione esterna. Dispone di accumulatore quando manca l&#8217;alimentazione elettrica ed \u00e8 inoltre dotato [&hellip;]<\/p>\n","protected":false},"featured_media":57502,"template":"","meta":[],"product_brand":[],"product_cat":[3999,4106],"product_tag":[],"yst_prominent_words":[],"class_list":{"0":"post-57499","1":"product","2":"type-product","3":"status-publish","4":"has-post-thumbnail","6":"product_cat-allarmi-casa-e-ufficio-jablotron","7":"product_cat-sirene-jablotron-allarmi-casa-e-ufficio-jablotron","9":"first","10":"instock","11":"taxable","12":"shipping-taxable","13":"purchasable","14":"product-type-simple"},"_links":{"self":[{"href":"https:\/\/osatech.ch\/shop\/index.php\/wp-json\/wp\/v2\/product\/57499","targetHints":{"allow":["GET"]}}],"collection":[{"href":"https:\/\/osatech.ch\/shop\/index.php\/wp-json\/wp\/v2\/product"}],"about":[{"href":"https:\/\/osatech.ch\/shop\/index.php\/wp-json\/wp\/v2\/types\/product"}],"wp:featuredmedia":[{"embeddable":true,"href":"https:\/\/osatech.ch\/shop\/index.php\/wp-json\/wp\/v2\/media\/57502"}],"wp:attachment":[{"href":"https:\/\/osatech.ch\/shop\/index.php\/wp-json\/wp\/v2\/media?parent=57499"}],"wp:term":[{"taxonomy":"product_brand","embeddable":true,"href":"https:\/\/osatech.ch\/shop\/index.php\/wp-json\/wp\/v2\/product_brand?post=57499"},{"taxonomy":"product_cat","embeddable":true,"href":"https:\/\/osatech.ch\/shop\/index.php\/wp-json\/wp\/v2\/product_cat?post=57499"},{"taxonomy":"product_tag","embeddable":true,"href":"https:\/\/osatech.ch\/shop\/index.php\/wp-json\/wp\/v2\/product_tag?post=57499"},{"taxonomy":"yst_prominent_words","embeddable":true,"href":"https:\/\/osatech.ch\/shop\/index.php\/wp-json\/wp\/v2\/yst_prominent_words?post=57499"}],"curies":[{"name":"wp","href":"https:\/\/api.w.org\/{rel}","templated":true}]}}