{"id":57336,"date":"2024-08-20T18:12:22","date_gmt":"2024-08-20T16:12:22","guid":{"rendered":"https:\/\/osatech.ch\/shop\/index.php\/prodotto\/jablotron-bus-rivelatore-combinato-fumo-e-calore"},"modified":"2024-08-27T18:32:20","modified_gmt":"2024-08-27T16:32:20","slug":"jablotron-bus-rivelatore-combinato-fumo-e-calore","status":"publish","type":"product","link":"https:\/\/osatech.ch\/shop\/index.php\/prodotto\/jablotron-bus-rivelatore-combinato-fumo-e-calore","title":{"rendered":"Jablotron Bus- Rivelatore combinato fumo e calore"},"content":{"rendered":"<p>|SD-283ST| Rivelatore combinato di fumo e calore, cablaggio convenzionale, sirena inclusa. Non pu\u00f2 essere utilizzato tramite JA-100+ BUS.<\/p>\n<p>Il pericolo viene segnalato dal rilevatore tramite il LED integrato, visivamente e acusticamente. Il rilevatore pu\u00f2 essere alimentato da una sorgente esterna a 12 V DC o dalla centrale del sistema di allarme e dispone di uscite ALARM e TMP (sabotaggio). Se il rilevatore \u00e8 alimentato da batterie (3x 1,5 V AA), continua a funzionare come rilevatore autonomo in caso di perdita di tensione esterna di 12 V CC.<\/p>\n<p>Il prodotto combina due rilevatori indipendenti: un sensore ottico di fumo e un sensore di calore. Il sensore ottico funziona secondo il principio della luce diffusa. Reagisce in modo molto sensibile alle particelle grandi, caratteristiche del fumo denso. Il sensore \u00e8 invece meno sensibile alle piccole particelle prodotte dalla combustione di liquidi come l&#8217;alcol. Questo deficit \u00e8 compensato dal sensore di calore integrato. Sebbene questo sensore reagisca pi\u00f9 tardi del sensore di fumo, reagisce molto meglio agli incendi che si riscaldano rapidamente e producono poco fumo. I rilevatori di incendio devono essere installati da un tecnico qualificato con un certificato valido del produttore.<\/p>\n","protected":false},"excerpt":{"rendered":"<p>|SD-283ST| Rivelatore combinato di fumo e calore, cablaggio convenzionale, sirena inclusa. Non pu\u00f2 essere utilizzato tramite JA-100+ BUS. Il pericolo viene segnalato dal rilevatore tramite il LED integrato, visivamente e acusticamente. Il rilevatore pu\u00f2 essere alimentato da una sorgente esterna a 12 V DC o dalla centrale del sistema di allarme e dispone di uscite [&hellip;]<\/p>\n","protected":false},"featured_media":57339,"template":"","meta":[],"product_brand":[],"product_cat":[3999,4105],"product_tag":[],"yst_prominent_words":[],"class_list":{"0":"post-57336","1":"product","2":"type-product","3":"status-publish","4":"has-post-thumbnail","6":"product_cat-allarmi-casa-e-ufficio-jablotron","7":"product_cat-sensori-jablotron-allarmi","9":"first","10":"instock","11":"taxable","12":"shipping-taxable","13":"purchasable","14":"product-type-simple"},"_links":{"self":[{"href":"https:\/\/osatech.ch\/shop\/index.php\/wp-json\/wp\/v2\/product\/57336","targetHints":{"allow":["GET"]}}],"collection":[{"href":"https:\/\/osatech.ch\/shop\/index.php\/wp-json\/wp\/v2\/product"}],"about":[{"href":"https:\/\/osatech.ch\/shop\/index.php\/wp-json\/wp\/v2\/types\/product"}],"wp:featuredmedia":[{"embeddable":true,"href":"https:\/\/osatech.ch\/shop\/index.php\/wp-json\/wp\/v2\/media\/57339"}],"wp:attachment":[{"href":"https:\/\/osatech.ch\/shop\/index.php\/wp-json\/wp\/v2\/media?parent=57336"}],"wp:term":[{"taxonomy":"product_brand","embeddable":true,"href":"https:\/\/osatech.ch\/shop\/index.php\/wp-json\/wp\/v2\/product_brand?post=57336"},{"taxonomy":"product_cat","embeddable":true,"href":"https:\/\/osatech.ch\/shop\/index.php\/wp-json\/wp\/v2\/product_cat?post=57336"},{"taxonomy":"product_tag","embeddable":true,"href":"https:\/\/osatech.ch\/shop\/index.php\/wp-json\/wp\/v2\/product_tag?post=57336"},{"taxonomy":"yst_prominent_words","embeddable":true,"href":"https:\/\/osatech.ch\/shop\/index.php\/wp-json\/wp\/v2\/yst_prominent_words?post=57336"}],"curies":[{"name":"wp","href":"https:\/\/api.w.org\/{rel}","templated":true}]}}