{"id":57219,"date":"2024-08-20T13:31:26","date_gmt":"2024-08-20T11:31:26","guid":{"rendered":"https:\/\/osatech.ch\/shop\/index.php\/prodotto\/jablotron-modulo-di-accesso-wireless-con-tastiera-e-rfid-antracite"},"modified":"2025-11-28T14:51:38","modified_gmt":"2025-11-28T13:51:38","slug":"jablotron-modulo-di-accesso-wireless-con-tastiera-e-rfid-antracite","status":"publish","type":"product","link":"https:\/\/osatech.ch\/shop\/index.php\/prodotto\/jablotron-modulo-di-accesso-wireless-con-tastiera-e-rfid-antracite","title":{"rendered":"Jablotron Modulo di accesso wireless con tastiera e RFID &#8211; antracite"},"content":{"rendered":"<p>JA-153E-AN| Modulo di accesso wireless con tastiera e RFID &#8211; antracite<\/p>\n<p>JA-153E \u00e8 un modulo di accesso wireless bidirezionale con tastiera e lettore RFID per il controllo del sistema di sicurezza.<\/p>\n<p>Contiene un segmento di controllo e, se necessario, pu\u00f2 essere equipaggiato con un massimo di 20 segmenti di controllo JA-192E. Permette il controllo del sistema di sicurezza tramite segmenti. La funzione implementata di attivazione radio intelligente tramite l&#8217;ingresso Smart Radio Wake-up (SRW) consente la conclusione automatica della modalit\u00e0 di sospensione nel sistema inserito per il ritardo di ingresso. Il modulo \u00e8 alimentato da batterie alcaline. Il modulo \u00e8 indirizzabile e occupa una posizione nel sistema di sicurezza.<\/p>\n<p>Nota: le batterie non sono incluse nella consegna.<br \/>\n2 pezzi. Batterie alcaline AA (LR6) 1,5 V\/2400 mAh<\/p>\n","protected":false},"excerpt":{"rendered":"<p>JA-153E-AN| Modulo di accesso wireless con tastiera e RFID &#8211; antracite JA-153E \u00e8 un modulo di accesso wireless bidirezionale con tastiera e lettore RFID per il controllo del sistema di sicurezza. Contiene un segmento di controllo e, se necessario, pu\u00f2 essere equipaggiato con un massimo di 20 segmenti di controllo JA-192E. Permette il controllo del [&hellip;]<\/p>\n","protected":false},"featured_media":0,"template":"","meta":[],"product_brand":[],"product_cat":[3999,4104],"product_tag":[],"yst_prominent_words":[],"class_list":{"0":"post-57219","1":"product","2":"type-product","3":"status-publish","5":"product_cat-allarmi-casa-e-ufficio-jablotron","6":"product_cat-tastiere-jablotron-allarmi-casa-e-ufficio-jablotron","8":"first","9":"instock","10":"taxable","11":"shipping-taxable","12":"purchasable","13":"product-type-simple"},"_links":{"self":[{"href":"https:\/\/osatech.ch\/shop\/index.php\/wp-json\/wp\/v2\/product\/57219","targetHints":{"allow":["GET"]}}],"collection":[{"href":"https:\/\/osatech.ch\/shop\/index.php\/wp-json\/wp\/v2\/product"}],"about":[{"href":"https:\/\/osatech.ch\/shop\/index.php\/wp-json\/wp\/v2\/types\/product"}],"wp:attachment":[{"href":"https:\/\/osatech.ch\/shop\/index.php\/wp-json\/wp\/v2\/media?parent=57219"}],"wp:term":[{"taxonomy":"product_brand","embeddable":true,"href":"https:\/\/osatech.ch\/shop\/index.php\/wp-json\/wp\/v2\/product_brand?post=57219"},{"taxonomy":"product_cat","embeddable":true,"href":"https:\/\/osatech.ch\/shop\/index.php\/wp-json\/wp\/v2\/product_cat?post=57219"},{"taxonomy":"product_tag","embeddable":true,"href":"https:\/\/osatech.ch\/shop\/index.php\/wp-json\/wp\/v2\/product_tag?post=57219"},{"taxonomy":"yst_prominent_words","embeddable":true,"href":"https:\/\/osatech.ch\/shop\/index.php\/wp-json\/wp\/v2\/yst_prominent_words?post=57219"}],"curies":[{"name":"wp","href":"https:\/\/api.w.org\/{rel}","templated":true}]}}