{"id":57085,"date":"2024-08-19T17:49:22","date_gmt":"2024-08-19T15:49:22","guid":{"rendered":"https:\/\/osatech.ch\/shop\/index.php\/prodotto\/jablotron-centrale-107kr-incluso-trasmettitore-lan-e-modulo-radio"},"modified":"2025-11-28T14:53:33","modified_gmt":"2025-11-28T13:53:33","slug":"jablotron-centrale-107kr-incluso-trasmettitore-lan-e-modulo-radio","status":"publish","type":"product","link":"https:\/\/osatech.ch\/shop\/index.php\/prodotto\/jablotron-centrale-107kr-incluso-trasmettitore-lan-e-modulo-radio","title":{"rendered":"Jablotron Centrale 107KR incluso trasmettitore LAN e modulo radio"},"content":{"rendered":"<p>JA-107KR Unit\u00e0 centrale del sistema di allarme JABLOTRON 100+, incluso trasmettitore LAN e modulo radio<\/p>\n<p>Il nuovo JA-107KR con dispositivo di trasmissione LAN e modulo radio (JA-111R) \u00e8 gi\u00e0 integrato. Questa centrale elettrica \u00e8 adatta per oggetti di grandi dimensioni. Questa nuova generazione di oltre 100 unit\u00e0 di controllo ha ancora pi\u00f9 funzioni e possibilit\u00e0 di programmazione. Questa centrale \u00e8 quindi adatta per soluzioni complete nel campo dell&#8217;allarme, della domotica e del controllo accessi. Il nuovo sistema di sicurezza JABLOTRON 100+ \u00e8 adatto per grandi edifici residenziali, edifici commerciali, ma anche per asili, scuole e altri esercizi pubblici. Questa unit\u00e0 centrale pu\u00f2 integrare fino a 230 componenti e gestire 600 utenti.<\/p>\n<p>Caratteristiche prestazionali:<\/p>\n<p>&#8211; include modulo radio (JA-111R)<br \/>\n&#8211; Possibile espansione con modulo di comunicazione 2G-GSM (JA-192Y) o modulo di comunicazione 4G (JA-194Y)<br \/>\n&#8211; Scheda di memoria da 4 GB per la memorizzazione di eventi e immagini di allarme<br \/>\n&#8211; innovativa e sicura utilizzare tramite l&#8217;app e il portale \u201cMyJABLOTRON\u201d.<br \/>\n&#8211; 230 componenti di cui 120 radio e 110 bus<br \/>\n&#8211; 600 codici utente<br \/>\n&#8211; 15 zone di sicurezza<br \/>\n&#8211; 128 uscite PG programmabili (32 per radio)<br \/>\n&#8211; 64 funzioni calendario indipendenti l&#8217;una dall&#8217;altra<br \/>\n&#8211; Messaggi di sistema fino a 600 utenti<br \/>\n&#8211; 4 centri di ricezione allarmi regolabili ( AES)<br \/>\n&#8211; 5 protocolli selezionabili per call center di emergenza \/ AES<br \/>\n&#8211; 2 morsettiere per il sistema bus<br \/>\n&#8211; 1 connessione interna per un modulo radio (JA-111R)<br \/>\n&#8211; 1 connettore LAN<br \/>\n&#8211; 1 connettore USB per impostazioni e lettura foto<br \/>\n&#8211; 1 plug- in collegamento con un altro modulo di comunicazione (es. RTC)<\/p>\n<p>Caratteristiche tecniche:<\/p>\n<p>&#8211; Alimentazione: 110 &#8211; 230 V \/ 50 &#8211; 60 Hz<br \/>\n&#8211; Tempo massimo di ricarica della batteria 72 ore<br \/>\n&#8211; Carica max Consumo continuo della centralina 2000 mA in continuo<br \/>\n&#8211; 3000 mA per un periodo di 60 min.<br \/>\n&#8211; (2000 mA max. con bus)<br \/>\n&#8211; Max. Consumo permanente per 12 ore in modalit\u00e0 backup 1100 mA senza LAN<br \/>\n&#8211; 1072 mA con LAN attiva (con batteria da 18 Ah)<br \/>\n&#8211; Max. Numero di dispositivi: 230<br \/>\n&#8211; Interfaccia di comunicazione LAN Ethernet, 10 \/ 100BASE-T<br \/>\n&#8211; Dimensioni: 357 \u00d7 297 \u00d7 105 mm<br \/>\n&#8211; Peso con batteria \/ senza AKU 7025 g \/ 1820 g<br \/>\n&#8211; Cronologia eventi: ca. 7 milioni di ultimi eventi, con data e ora<br \/>\n&#8211; Alimentazione A (\u00c8SN EN 50131-6)<br \/>\n&#8211; Grado di sicurezza 2 \/ classificazione classe ambientale II (conforme alla norma EN 50131-1)<br \/>\n&#8211; Campo di temperatura di funzionamento: da -10 a +40 \u00b0C<br \/>\n&#8211; Temperatura media di funzionamento 75% UR, senza condensa<br \/>\n&#8211; Conforme alla norma EN 50131-1 ed. 2+A1+A2,<br \/>\n&#8211; EN 50131-3, EN 50131-5-3A1, EN 50131-6 ed. 2+A,EN 50136-1,EN 50136-2, EN 50581<br \/>\n&#8211; Frequenza radio (con modulo tipo JA-11xR) 868,1 MHz<br \/>\n&#8211; Emissioni radio: ETSI EN 300 220-1-2 (modulo R),<br \/>\n&#8211; ETSI EN 301 419-1, ETSI EN 301 511 (GSM)EMC EN 5013<\/p>\n<p>Nota: le batterie non sono incluse nella consegna.<br \/>\n|SA214-18| Batteria Alarmguard 12V 18Ah o<br \/>\n|SA214-7-VDS| Batteria PBQ VDS 12V 7Ah<\/p>\n","protected":false},"excerpt":{"rendered":"<p>JA-107KR Unit\u00e0 centrale del sistema di allarme JABLOTRON 100+, incluso trasmettitore LAN e modulo radio Il nuovo JA-107KR con dispositivo di trasmissione LAN e modulo radio (JA-111R) \u00e8 gi\u00e0 integrato. Questa centrale elettrica \u00e8 adatta per oggetti di grandi dimensioni. Questa nuova generazione di oltre 100 unit\u00e0 di controllo ha ancora pi\u00f9 funzioni e possibilit\u00e0 [&hellip;]<\/p>\n","protected":false},"featured_media":57088,"template":"","meta":[],"product_brand":[],"product_cat":[3999,4000],"product_tag":[],"yst_prominent_words":[],"class_list":{"0":"post-57085","1":"product","2":"type-product","3":"status-publish","4":"has-post-thumbnail","6":"product_cat-allarmi-casa-e-ufficio-jablotron","7":"product_cat-centrali-jablotron","9":"first","10":"instock","11":"taxable","12":"shipping-taxable","13":"purchasable","14":"product-type-simple"},"_links":{"self":[{"href":"https:\/\/osatech.ch\/shop\/index.php\/wp-json\/wp\/v2\/product\/57085","targetHints":{"allow":["GET"]}}],"collection":[{"href":"https:\/\/osatech.ch\/shop\/index.php\/wp-json\/wp\/v2\/product"}],"about":[{"href":"https:\/\/osatech.ch\/shop\/index.php\/wp-json\/wp\/v2\/types\/product"}],"wp:featuredmedia":[{"embeddable":true,"href":"https:\/\/osatech.ch\/shop\/index.php\/wp-json\/wp\/v2\/media\/57088"}],"wp:attachment":[{"href":"https:\/\/osatech.ch\/shop\/index.php\/wp-json\/wp\/v2\/media?parent=57085"}],"wp:term":[{"taxonomy":"product_brand","embeddable":true,"href":"https:\/\/osatech.ch\/shop\/index.php\/wp-json\/wp\/v2\/product_brand?post=57085"},{"taxonomy":"product_cat","embeddable":true,"href":"https:\/\/osatech.ch\/shop\/index.php\/wp-json\/wp\/v2\/product_cat?post=57085"},{"taxonomy":"product_tag","embeddable":true,"href":"https:\/\/osatech.ch\/shop\/index.php\/wp-json\/wp\/v2\/product_tag?post=57085"},{"taxonomy":"yst_prominent_words","embeddable":true,"href":"https:\/\/osatech.ch\/shop\/index.php\/wp-json\/wp\/v2\/yst_prominent_words?post=57085"}],"curies":[{"name":"wp","href":"https:\/\/api.w.org\/{rel}","templated":true}]}}