{"id":56930,"date":"2024-08-19T12:38:22","date_gmt":"2024-08-19T10:38:22","guid":{"rendered":"https:\/\/osatech.ch\/shop\/index.php\/prodotto\/jablotron-155p-rivelatore-volumetrico-pir-wireless-da-soffitto"},"modified":"2025-11-28T15:51:34","modified_gmt":"2025-11-28T14:51:34","slug":"jablotron-155p-rivelatore-volumetrico-pir-wireless-da-soffitto","status":"publish","type":"product","link":"https:\/\/osatech.ch\/shop\/index.php\/prodotto\/jablotron-155p-rivelatore-volumetrico-pir-wireless-da-soffitto","title":{"rendered":"Jablotron 155P Rivelatore volumetrico PIR wireless da soffitto"},"content":{"rendered":"<p>Il prodotto \u00e8 un dispositivo wireless del sistema JABLOTRON 100+. \u00c8 progettato per rilevare i movimenti delle persone all&#8217;interno degli edifici. Questo rilevatore \u00e8 progettato per l&#8217;installazione a soffitto, rispetto ai rilevatori volumetrici standard della gamma JABLOTRON 100+.<br \/>\nSi installa a soffitto e la sua copertura di rilevamento garantita \u00e8 di 360\u00b0 con un raggio di copertura fino a 5,5 m per un&#8217;altezza di montaggio di 3,5 m.<br \/>\nLa resistenza ai falsi allarmi \u00e8 regolabile su due livelli.<br \/>\nIl rilevatore ha una reazione all&#8217;impulso e occupa una posizione nel sistema.<br \/>\nIl distanziatore di montaggio (PLV-P-ST) \u00e8 un accessorio approvato per sensori a soffitto, che pu\u00f2 essere utilizzato con sensori wireless per separare l&#8217;antenna dalla superficie di montaggio e potenzialmente migliorare la portata.<br \/>\nNota: le batterie non sono incluse nella consegna.<br \/>\n2 batterie al litio tipo CR123A (3 V\/1500 mAh)<\/p>\n","protected":false},"excerpt":{"rendered":"<p>Il prodotto \u00e8 un dispositivo wireless del sistema JABLOTRON 100+. \u00c8 progettato per rilevare i movimenti delle persone all&#8217;interno degli edifici. Questo rilevatore \u00e8 progettato per l&#8217;installazione a soffitto, rispetto ai rilevatori volumetrici standard della gamma JABLOTRON 100+. Si installa a soffitto e la sua copertura di rilevamento garantita \u00e8 di 360\u00b0 con un raggio [&hellip;]<\/p>\n","protected":false},"featured_media":0,"template":"","meta":[],"product_brand":[],"product_cat":[3999,4105],"product_tag":[],"yst_prominent_words":[],"class_list":{"0":"post-56930","1":"product","2":"type-product","3":"status-publish","5":"product_cat-allarmi-casa-e-ufficio-jablotron","6":"product_cat-sensori-jablotron-allarmi","8":"first","9":"instock","10":"taxable","11":"shipping-taxable","12":"purchasable","13":"product-type-simple"},"_links":{"self":[{"href":"https:\/\/osatech.ch\/shop\/index.php\/wp-json\/wp\/v2\/product\/56930","targetHints":{"allow":["GET"]}}],"collection":[{"href":"https:\/\/osatech.ch\/shop\/index.php\/wp-json\/wp\/v2\/product"}],"about":[{"href":"https:\/\/osatech.ch\/shop\/index.php\/wp-json\/wp\/v2\/types\/product"}],"wp:attachment":[{"href":"https:\/\/osatech.ch\/shop\/index.php\/wp-json\/wp\/v2\/media?parent=56930"}],"wp:term":[{"taxonomy":"product_brand","embeddable":true,"href":"https:\/\/osatech.ch\/shop\/index.php\/wp-json\/wp\/v2\/product_brand?post=56930"},{"taxonomy":"product_cat","embeddable":true,"href":"https:\/\/osatech.ch\/shop\/index.php\/wp-json\/wp\/v2\/product_cat?post=56930"},{"taxonomy":"product_tag","embeddable":true,"href":"https:\/\/osatech.ch\/shop\/index.php\/wp-json\/wp\/v2\/product_tag?post=56930"},{"taxonomy":"yst_prominent_words","embeddable":true,"href":"https:\/\/osatech.ch\/shop\/index.php\/wp-json\/wp\/v2\/yst_prominent_words?post=56930"}],"curies":[{"name":"wp","href":"https:\/\/api.w.org\/{rel}","templated":true}]}}