{"id":56332,"date":"2024-08-17T15:18:22","date_gmt":"2024-08-17T13:18:22","guid":{"rendered":"https:\/\/osatech.ch\/shop\/index.php\/prodotto\/samsung-monitor-videowall-55-samsung-vh55r-r-2x2"},"modified":"2024-08-28T14:05:59","modified_gmt":"2024-08-28T12:05:59","slug":"samsung-monitor-videowall-55-samsung-vh55r-r-2x2","status":"publish","type":"product","link":"https:\/\/osatech.ch\/shop\/index.php\/prodotto\/samsung-monitor-videowall-55-samsung-vh55r-r-2x2","title":{"rendered":"Samsung Monitor Videowall 55&#8243; Samsung VH55R-R 2&#215;2"},"content":{"rendered":"<p>Configurazione multi-schermo impeccabile con cornice ultra sottile<\/p>\n<p>Grazie alla cornice ultra sottile di soli 0,44 mm e alla tecnologia avanzata di Samsung per il miglioramento delle immagini, la serie VHR-R garantisce un&#8217;esperienza visiva uniforme e coinvolgente. Il suo design moderno e raffinato si integra perfettamente in qualsiasi ambiente aziendale.<\/p>\n<p>Cornice quasi impercettibile da 0,44 mm<\/p>\n<p>Con una cornice di appena 0,44 mm e uno spazio tra i display di soli 0,88 mm, questo schermo consente di visualizzare i contenuti come un&#8217;unica immagine continua, senza interruzioni. Questo design riduce al minimo le distorsioni visive, offrendo una visione pi\u00f9 immersiva e uniforme.<\/p>\n<p>Visibilit\u00e0 ottimale da ogni angolazione<\/p>\n<p>Grazie ai suoi ampi angoli di visione, la serie VHR-R assicura che i contenuti siano chiaramente visibili da qualsiasi posizione, indipendentemente dalla disposizione del videowall. Le informazioni rimangono nitide e accurate, garantendo un&#8217;esperienza di visione eccellente da ogni punto.<\/p>\n<p>Tecnologia avanzata per immagini nitide<\/p>\n<p>La tecnologia di miglioramento delle immagini di Samsung assicura che ogni contenuto sia vivido e dettagliato. La modalit\u00e0 Picture Enhancer aumenta la saturazione e il contrasto dei colori, mentre la modalit\u00e0 Black Equalizer schiarisce le aree scure, rendendo i dettagli pi\u00f9 visibili e migliorando la qualit\u00e0 complessiva dell&#8217;immagine.<\/p>\n<p>Design sottile ed elegante<\/p>\n<p>I display VHR-R vantano un design sottile e contemporaneo, con una profondit\u00e0 inferiore a 70 mm. Questa caratteristica li rende ideali per negozi e spazi pubblici, offrendo un look pulito e moderno che si adatta a qualsiasi contesto.<\/p>\n<p>Immagini nitide 24\/7<\/p>\n<p>Con una luminosit\u00e0 di 700 nit, questi display offrono immagini brillanti e chiare in ogni momento della giornata. La loro capacit\u00e0 di funzionare 24 ore su 24, 7 giorni su 7, garantisce che i messaggi vengano trasmessi in modo efficace e costante. I pannelli antiriflesso migliorano ulteriormente la visibilit\u00e0 in qualsiasi condizione di luce ambientale.<\/p>\n<p>Calibrazione mobile semplice e rapida<\/p>\n<p>Con l&#8217;app Color Expert Pro Mobile di Samsung, calibrare i videowall diventa un&#8217;operazione veloce e intuitiva utilizzando la fotocamera dello smartphone. Anche gli utenti meno esperti possono regolare facilmente il bilanciamento del bianco su configurazioni fino a 5&#215;5 schermi.<\/p>\n<p>Calibrazione completa e personalizzata<\/p>\n<p>La serie VHR-R viene calibrata in fabbrica tramite un processo multifase per assicurare uniformit\u00e0 di luminosit\u00e0 e colore su tutti i display. Gli utenti possono inoltre eseguire regolazioni dettagliate con il software gratuito Color Expert Pro di Samsung, per mantenere un&#8217;elevata qualit\u00e0 dell&#8217;immagine nel tempo.<\/p>\n<p>Prestazioni UHD avanzate<\/p>\n<p>I videowall Samsung offrono un&#8217;esperienza di visualizzazione in UHD con estrema facilit\u00e0. Utilizzando le porte DisplayPort 1.2 o HDMI, la serie VHR-R permette di riprodurre contenuti UHD su videowall fino a configurazioni 5&#215;5 senza la necessit\u00e0 di una scheda grafica esterna o splitter UHD.<\/p>\n<p>Certificazioni di settore<\/p>\n<p>La serie VHR-R \u00e8 conforme agli standard EMC di classe B per le emissioni elettromagnetiche e possiede la certificazione IP5x per la protezione contro la polvere. Anche l&#8217;imballaggio del prodotto \u00e8 progettato per garantire sicurezza, grazie ai severi test multifase certificati ISTA, riducendo al minimo i danni durante la consegna.<\/p>\n<p>Operazioni semplificate in un&#8217;unica soluzione<\/p>\n<p>L&#8217;UHD Signage Player Box integra tutte le funzioni di elaborazione e gestione dei contenuti in una singola piattaforma, semplificando le operazioni. Con un peso di soli 0,6 kg e dotato di MagicINFO S Player 6 e SSSP 6, questa soluzione compatta offre prestazioni eccellenti in uno spazio ridotto.<\/p>\n<p>Pollici 55&#8243; Samsung<br \/>\nRisoluzione 1920&#215;1080 (per monitor)<br \/>\nLuminosit\u00e0\/Candelaggio 700 CDm2<br \/>\nIngombro 242 x 136 x 7 cm<br \/>\nTouch screen No<br \/>\nPeso 67.2 Kg<\/p>\n","protected":false},"excerpt":{"rendered":"<p>Configurazione multi-schermo impeccabile con cornice ultra sottile Grazie alla cornice ultra sottile di soli 0,44 mm e alla tecnologia avanzata di Samsung per il miglioramento delle immagini, la serie VHR-R garantisce un&#8217;esperienza visiva uniforme e coinvolgente. Il suo design moderno e raffinato si integra perfettamente in qualsiasi ambiente aziendale. Cornice quasi impercettibile da 0,44 mm [&hellip;]<\/p>\n","protected":false},"featured_media":56331,"template":"","meta":[],"product_brand":[],"product_cat":[4286,4285],"product_tag":[],"yst_prominent_words":[],"class_list":{"0":"post-56332","1":"product","2":"type-product","3":"status-publish","4":"has-post-thumbnail","6":"product_cat-da-interno","7":"product_cat-soluzioni-tv-e-multischermo","9":"first","10":"instock","11":"taxable","12":"shipping-taxable","13":"purchasable","14":"product-type-simple"},"_links":{"self":[{"href":"https:\/\/osatech.ch\/shop\/index.php\/wp-json\/wp\/v2\/product\/56332","targetHints":{"allow":["GET"]}}],"collection":[{"href":"https:\/\/osatech.ch\/shop\/index.php\/wp-json\/wp\/v2\/product"}],"about":[{"href":"https:\/\/osatech.ch\/shop\/index.php\/wp-json\/wp\/v2\/types\/product"}],"wp:featuredmedia":[{"embeddable":true,"href":"https:\/\/osatech.ch\/shop\/index.php\/wp-json\/wp\/v2\/media\/56331"}],"wp:attachment":[{"href":"https:\/\/osatech.ch\/shop\/index.php\/wp-json\/wp\/v2\/media?parent=56332"}],"wp:term":[{"taxonomy":"product_brand","embeddable":true,"href":"https:\/\/osatech.ch\/shop\/index.php\/wp-json\/wp\/v2\/product_brand?post=56332"},{"taxonomy":"product_cat","embeddable":true,"href":"https:\/\/osatech.ch\/shop\/index.php\/wp-json\/wp\/v2\/product_cat?post=56332"},{"taxonomy":"product_tag","embeddable":true,"href":"https:\/\/osatech.ch\/shop\/index.php\/wp-json\/wp\/v2\/product_tag?post=56332"},{"taxonomy":"yst_prominent_words","embeddable":true,"href":"https:\/\/osatech.ch\/shop\/index.php\/wp-json\/wp\/v2\/yst_prominent_words?post=56332"}],"curies":[{"name":"wp","href":"https:\/\/api.w.org\/{rel}","templated":true}]}}