{"id":56251,"date":"2024-08-17T15:06:24","date_gmt":"2024-08-17T13:06:24","guid":{"rendered":"https:\/\/osatech.ch\/shop\/index.php\/prodotto\/samsung-monitor-videowall-55-samsung-vm55b-r-2x2"},"modified":"2024-08-28T14:05:43","modified_gmt":"2024-08-28T12:05:43","slug":"samsung-monitor-videowall-55-samsung-vm55b-r-2x2","status":"publish","type":"product","link":"https:\/\/osatech.ch\/shop\/index.php\/prodotto\/samsung-monitor-videowall-55-samsung-vm55b-r-2x2","title":{"rendered":"Samsung Monitor Videowall 55&#8243; Samsung VM55B-R 2&#215;2"},"content":{"rendered":"<p>Pareti video senza interruzioni grazie a cornici sottilissime<\/p>\n<p>Con una cornice ultra sottile di appena 0,44 mm e una tecnologia di miglioramento dell&#8217;immagine avanzata, il modello VMB-R di Samsung offre un&#8217;esperienza visiva fluida e d&#8217;impatto. Il suo design elegante si adatta perfettamente a qualsiasi ambiente aziendale, assicurando una visualizzazione immersiva e moderna.<\/p>\n<p>Cornice quasi invisibile da 0,44 mm<\/p>\n<p>Il display presenta una cornice incredibilmente sottile di 0,44 mm, con una distanza complessiva tra le cornici di soli 0,88 mm, permettendo di creare un&#8217;immagine continua senza interruzioni. Questa caratteristica elimina la distorsione visiva, offrendo un&#8217;esperienza visiva uniforme e coinvolgente.<\/p>\n<p>Chiarezza da ogni angolazione<\/p>\n<p>Grazie agli ampi angoli di visualizzazione, i contenuti restano chiari e leggibili da qualsiasi posizione, permettendo agli spettatori di ottenere informazioni precise e nitide anche quando non sono direttamente di fronte al video wall.<\/p>\n<p>Tecnologia avanzata di miglioramento dell&#8217;immagine<\/p>\n<p>La tecnologia di Samsung rende ogni contenuto vibrante e nitido. La modalit\u00e0 Picture Enhancer migliora la saturazione del colore e il contrasto, mentre la modalit\u00e0 Black Equalizer schiarisce le immagini pi\u00f9 scure, permettendo di visualizzare ogni dettaglio con maggiore chiarezza.<\/p>\n<p>Design snello e moderno<\/p>\n<p>Il design sottile dei display VMB-R, con una profondit\u00e0 inferiore a 70 mm, non solo risparmia spazio, ma offre anche un aspetto elegante e moderno, perfetto per negozi o ambienti pubblici, garantendo un tocco estetico e funzionale.<\/p>\n<p>Immagini luminose 24\/7<\/p>\n<p>Grazie a una luminosit\u00e0 di 500 nit e a pannelli antiriflesso, i display VMB-R offrono immagini vivide e chiare 24 ore su 24, 7 giorni su 7, indipendentemente dalle condizioni di luce ambientale. Questo garantisce che le informazioni cruciali siano sempre visibili.<\/p>\n<p>Calibrazione semplice con dispositivi mobili<\/p>\n<p>La soluzione Color Expert Pro Mobile di Samsung consente una calibrazione rapida e intuitiva del video wall tramite una fotocamera mobile. Anche gli utenti meno esperti possono regolare il bilanciamento del bianco su configurazioni fino a 5&#215;5 schermi senza necessit\u00e0 di attrezzature aggiuntive.<\/p>\n<p>Calibrazione accurata e uniforme<\/p>\n<p>La calibrazione di fabbrica in pi\u00f9 fasi assicura uniformit\u00e0 di luminosit\u00e0 e colore su tutti i display del video wall. Oltre alla calibrazione iniziale, gli utenti possono mantenere l&#8217;uniformit\u00e0 dei contenuti tramite il software gratuito Color Expert Pro, gestendo in modo efficiente la luminosit\u00e0 e il colore.<\/p>\n<p>Visualizzazione UHD ottimizzata<\/p>\n<p>I video wall di Samsung offrono una visualizzazione UHD di alta qualit\u00e0 senza complicazioni. Grazie al design daisy chain e alle porte DisplayPort 1.2 e HDMI, \u00e8 possibile proiettare contenuti UHD su una configurazione fino a 5&#215;5 schermi senza necessit\u00e0 di hardware aggiuntivo come schede grafiche esterne o splitter UHD.<\/p>\n<p>Certificazioni di settore<\/p>\n<p>La serie VMB-R rispetta gli standard di classe A EMC per le emissioni elettromagnetiche ed \u00e8 certificata IP5x per la protezione dalla polvere. Inoltre, l&#8217;imballaggio ha superato i rigorosi test ISTA, garantendo una consegna sicura e senza danni.<\/p>\n<p>Gestione operativa semplificata<\/p>\n<p>L&#8217;UHD Signage Player Box integra in un&#8217;unica piattaforma sia la gestione dei contenuti che l&#8217;elaborazione delle informazioni, rendendo le operazioni pi\u00f9 efficienti. Con un peso di soli 0,6 kg, e dotato di MagicINFO S Player 6 e SSSP 6, questa soluzione compatta \u00e8 perfetta per una gestione semplice e veloce dei display.<\/p>\n<p>Pollici 55&#8243; Samsung<br \/>\nRisoluzione 1920&#215;1080 (per monitor)<br \/>\nLuminosit\u00e0\/Candelaggio 500 CDm2<br \/>\nIngombro 242 x 136 x 7 cm<br \/>\nTouch screen No<br \/>\nPeso 67.2 Kg<\/p>\n","protected":false},"excerpt":{"rendered":"<p>Pareti video senza interruzioni grazie a cornici sottilissime Con una cornice ultra sottile di appena 0,44 mm e una tecnologia di miglioramento dell&#8217;immagine avanzata, il modello VMB-R di Samsung offre un&#8217;esperienza visiva fluida e d&#8217;impatto. Il suo design elegante si adatta perfettamente a qualsiasi ambiente aziendale, assicurando una visualizzazione immersiva e moderna. Cornice quasi invisibile [&hellip;]<\/p>\n","protected":false},"featured_media":56250,"template":"","meta":[],"product_brand":[],"product_cat":[4286,4285],"product_tag":[],"yst_prominent_words":[],"class_list":{"0":"post-56251","1":"product","2":"type-product","3":"status-publish","4":"has-post-thumbnail","6":"product_cat-da-interno","7":"product_cat-soluzioni-tv-e-multischermo","9":"first","10":"instock","11":"taxable","12":"shipping-taxable","13":"purchasable","14":"product-type-simple"},"_links":{"self":[{"href":"https:\/\/osatech.ch\/shop\/index.php\/wp-json\/wp\/v2\/product\/56251","targetHints":{"allow":["GET"]}}],"collection":[{"href":"https:\/\/osatech.ch\/shop\/index.php\/wp-json\/wp\/v2\/product"}],"about":[{"href":"https:\/\/osatech.ch\/shop\/index.php\/wp-json\/wp\/v2\/types\/product"}],"wp:featuredmedia":[{"embeddable":true,"href":"https:\/\/osatech.ch\/shop\/index.php\/wp-json\/wp\/v2\/media\/56250"}],"wp:attachment":[{"href":"https:\/\/osatech.ch\/shop\/index.php\/wp-json\/wp\/v2\/media?parent=56251"}],"wp:term":[{"taxonomy":"product_brand","embeddable":true,"href":"https:\/\/osatech.ch\/shop\/index.php\/wp-json\/wp\/v2\/product_brand?post=56251"},{"taxonomy":"product_cat","embeddable":true,"href":"https:\/\/osatech.ch\/shop\/index.php\/wp-json\/wp\/v2\/product_cat?post=56251"},{"taxonomy":"product_tag","embeddable":true,"href":"https:\/\/osatech.ch\/shop\/index.php\/wp-json\/wp\/v2\/product_tag?post=56251"},{"taxonomy":"yst_prominent_words","embeddable":true,"href":"https:\/\/osatech.ch\/shop\/index.php\/wp-json\/wp\/v2\/yst_prominent_words?post=56251"}],"curies":[{"name":"wp","href":"https:\/\/api.w.org\/{rel}","templated":true}]}}