{"id":56166,"date":"2024-08-17T14:40:22","date_gmt":"2024-08-17T12:40:22","guid":{"rendered":"https:\/\/osatech.ch\/shop\/index.php\/prodotto\/samsung-monitor-videowall-55-samsung-vm55b-e-2x1"},"modified":"2024-08-28T14:04:58","modified_gmt":"2024-08-28T12:04:58","slug":"samsung-monitor-videowall-55-samsung-vm55b-e-2x1","status":"publish","type":"product","link":"https:\/\/osatech.ch\/shop\/index.php\/prodotto\/samsung-monitor-videowall-55-samsung-vm55b-e-2x1","title":{"rendered":"Samsung Monitor Videowall 55&#8243; Samsung VM55B-E 2X1"},"content":{"rendered":"<p>Soluzione sempre attiva e compatta con cornici ultra sottili<\/p>\n<p>La serie VMB-E di Samsung offre un&#8217;esperienza visiva immersiva e affidabile, attiva 24 ore su 24, 7 giorni su 7. Con una profondit\u00e0 ridotta e una luminosit\u00e0 di 500 nit, questi display garantiscono immagini chiare e messaggi leggibili in diversi ambienti, dai centri commerciali alle lobby, sale riunioni e sale di controllo.<\/p>\n<p>Trasforma ogni spazio con immagini d&#8217;impatto<\/p>\n<p>Grazie al design sottile e alla profondit\u00e0 di soli 70,4 mm, la serie VMB-E offre grande flessibilit\u00e0 nell&#8217;installazione. Le cornici ultra sottili da 1,8 mm creano un&#8217;immagine continua e senza interruzioni, offrendo infinite possibilit\u00e0 per un&#8217;esperienza visiva mozzafiato.<\/p>\n<p>Contenuti visibili da ogni angolazione<\/p>\n<p>Gli ampi angoli di visione assicurano che i contenuti siano chiaramente visibili anche per chi non si trova direttamente di fronte al display. Indipendentemente dalla posizione dello spettatore, i colori restano vividi e i dettagli ben definiti.<\/p>\n<p>Immagini nitide in ogni condizione di luce<\/p>\n<p>I pannelli antiriflesso distribuiscono la luce in modo uniforme sullo schermo, mantenendo i contenuti vibranti e accurati. Con un elevato rapporto di contrasto e un funzionamento continuo 24\/7, le immagini restano luminose e coinvolgenti in qualsiasi condizione di luce.<\/p>\n<p>Tecnologia avanzata di miglioramento delle immagini<\/p>\n<p>La tecnologia di Samsung assicura che i contenuti siano sempre nitidi e vivaci. La modalit\u00e0 Picture Enhancer migliora la saturazione del colore e il contrasto, mentre la modalit\u00e0 Black Equalizer schiarisce le aree scure, rendendo i dettagli pi\u00f9 visibili e precisi.<\/p>\n<p>Calibrazione precisa per prestazioni ottimali<\/p>\n<p>La calibrazione di fabbrica multilivello garantisce uniformit\u00e0 di colore e luminosit\u00e0. Con il software gratuito Color Expert Pro, gli utenti possono regolare le impostazioni avanzate. L&#8217;app Color Expert Pro Mobile facilita la calibrazione del bilanciamento del bianco per configurazioni fino a 5&#215;5 schermi, utilizzando una fotocamera mobile.<\/p>\n<p>Presentazione avanzata e gestione semplificata<\/p>\n<p>Il design daisy chain tramite DisplayPort 1.2 o HDMI consente di visualizzare contenuti UHD su pi\u00f9 schermi senza bisogno di una scheda grafica esterna. L&#8217;UHD Signage Player Box di Samsung combina lettore multimediale e software di gestione dei contenuti, semplificando l&#8217;operativit\u00e0.<\/p>\n<p>Resistente e facile da gestire<\/p>\n<p>La serie VMB-E \u00e8 certificata IP5x, offrendo una protezione efficace contro la polvere, rendendola ideale per ambienti impegnativi senza bisogno di protezioni aggiuntive. Il ricevitore IR integrato e centralizzato permette un controllo facile e flessibile del display, migliorando la gestione complessiva.<\/p>\n<p>Pollici 55&#8243; Samsung<br \/>\nRisoluzione 1920&#215;1080 (per monitor)<br \/>\nLuminosit\u00e0\/Candelaggio 500 cd\/m\u00b2<br \/>\nIngombro 242 x 68,2 x 7 cm<br \/>\nTouch screen No<br \/>\nPeso 39 Kg<\/p>\n","protected":false},"excerpt":{"rendered":"<p>Soluzione sempre attiva e compatta con cornici ultra sottili La serie VMB-E di Samsung offre un&#8217;esperienza visiva immersiva e affidabile, attiva 24 ore su 24, 7 giorni su 7. Con una profondit\u00e0 ridotta e una luminosit\u00e0 di 500 nit, questi display garantiscono immagini chiare e messaggi leggibili in diversi ambienti, dai centri commerciali alle lobby, [&hellip;]<\/p>\n","protected":false},"featured_media":56165,"template":"","meta":[],"product_brand":[],"product_cat":[4286,4285],"product_tag":[],"yst_prominent_words":[],"class_list":{"0":"post-56166","1":"product","2":"type-product","3":"status-publish","4":"has-post-thumbnail","6":"product_cat-da-interno","7":"product_cat-soluzioni-tv-e-multischermo","9":"first","10":"instock","11":"taxable","12":"shipping-taxable","13":"purchasable","14":"product-type-simple"},"_links":{"self":[{"href":"https:\/\/osatech.ch\/shop\/index.php\/wp-json\/wp\/v2\/product\/56166","targetHints":{"allow":["GET"]}}],"collection":[{"href":"https:\/\/osatech.ch\/shop\/index.php\/wp-json\/wp\/v2\/product"}],"about":[{"href":"https:\/\/osatech.ch\/shop\/index.php\/wp-json\/wp\/v2\/types\/product"}],"wp:featuredmedia":[{"embeddable":true,"href":"https:\/\/osatech.ch\/shop\/index.php\/wp-json\/wp\/v2\/media\/56165"}],"wp:attachment":[{"href":"https:\/\/osatech.ch\/shop\/index.php\/wp-json\/wp\/v2\/media?parent=56166"}],"wp:term":[{"taxonomy":"product_brand","embeddable":true,"href":"https:\/\/osatech.ch\/shop\/index.php\/wp-json\/wp\/v2\/product_brand?post=56166"},{"taxonomy":"product_cat","embeddable":true,"href":"https:\/\/osatech.ch\/shop\/index.php\/wp-json\/wp\/v2\/product_cat?post=56166"},{"taxonomy":"product_tag","embeddable":true,"href":"https:\/\/osatech.ch\/shop\/index.php\/wp-json\/wp\/v2\/product_tag?post=56166"},{"taxonomy":"yst_prominent_words","embeddable":true,"href":"https:\/\/osatech.ch\/shop\/index.php\/wp-json\/wp\/v2\/yst_prominent_words?post=56166"}],"curies":[{"name":"wp","href":"https:\/\/api.w.org\/{rel}","templated":true}]}}