{"id":56130,"date":"2024-08-17T14:18:38","date_gmt":"2024-08-17T12:18:38","guid":{"rendered":"https:\/\/osatech.ch\/shop\/index.php\/prodotto\/samsung-monitor-videowall-46-samsung-vm46b-u-2x1"},"modified":"2024-08-28T14:04:15","modified_gmt":"2024-08-28T12:04:15","slug":"samsung-monitor-videowall-46-samsung-vm46b-u-2x1","status":"publish","type":"product","link":"https:\/\/osatech.ch\/shop\/index.php\/prodotto\/samsung-monitor-videowall-46-samsung-vm46b-u-2x1","title":{"rendered":"Samsung Monitor Videowall 46&#8243; Samsung VM46B-U 2&#215;1"},"content":{"rendered":"<p>Soluzione continua e compatta con cornici ultra sottili<\/p>\n<p>Sperimenta una visualizzazione immersiva e affidabile, attiva 24\/7, con i display della serie VMB-U di Samsung. Grazie alla ridotta profondit\u00e0 del dispositivo e a una luminosit\u00e0 di 500 nit, le immagini restano nitide e chiare in diversi ambienti, dai centri commerciali alle sale riunioni e di controllo, offrendo messaggi sempre visibili e leggibili.<\/p>\n<p>Trasforma ogni spazio con immagini d\u2019impatto<\/p>\n<p>Il design sottile, con una profondit\u00e0 di soli 69,9 mm, consente installazioni flessibili e l&#8217;ultra sottile cornice da 3,5 mm garantisce un\u2019immagine continua e uniforme, ideale per creare un&#8217;esperienza visiva sorprendente e coinvolgente in qualsiasi spazio.<\/p>\n<p>Contenuti chiari da ogni angolazione<\/p>\n<p>Grazie ai suoi ampi angoli di visione, la serie VMB-U assicura una visualizzazione ottimale dei contenuti da qualsiasi posizione. I colori restano brillanti e i dettagli nitidi anche per chi non si trova direttamente di fronte allo schermo.<\/p>\n<p>Immagini vibranti in qualsiasi condizione di luce<\/p>\n<p>I pannelli antiriflesso distribuiscono la luce uniformemente, mantenendo vividi i contenuti su schermo. L&#8217;elevato rapporto di contrasto e il funzionamento continuo, giorno e notte, garantiscono immagini accattivanti in ogni condizione di illuminazione.<\/p>\n<p>Tecnologia di miglioramento delle immagini<\/p>\n<p>La tecnologia avanzata di Samsung migliora la qualit\u00e0 delle immagini, rendendole pi\u00f9 vivaci e nitide. La modalit\u00e0 Picture Enhancer aumenta la saturazione dei colori e il contrasto, mentre la modalit\u00e0 Black Equalizer schiarisce le aree scure per mettere in risalto ogni dettaglio.<\/p>\n<p>Calibrazione precisa per prestazioni ottimali<\/p>\n<p>La calibrazione di fabbrica multilivello assicura una resa uniforme di colore e luminosit\u00e0. Con il software gratuito Color Expert Pro, gli utenti possono regolare facilmente le impostazioni avanzate, mentre l&#8217;app Color Expert Pro Mobile consente una rapida calibrazione del bilanciamento del bianco fino a configurazioni di schermi 5&#215;5, utilizzando una fotocamera mobile.<\/p>\n<p>Presentazione avanzata e gestione semplificata<\/p>\n<p>Il design daisy chain tramite porte DisplayPort 1.2 o HDMI permette di visualizzare contenuti UHD su pi\u00f9 schermi senza bisogno di una scheda grafica esterna. L&#8217;UHD Signage Player Box di Samsung combina lettore multimediale e software di gestione dei contenuti in un\u2019unica soluzione pratica.<\/p>\n<p>Resistente e facile da gestire<\/p>\n<p>La serie VMB-U, certificata IP5x, \u00e8 protetta dalla polvere, rendendola adatta anche agli ambienti pi\u00f9 difficili senza richiedere custodie aggiuntive. Inoltre, il ricevitore infrarossi centralizzato facilita il controllo del display, offrendo un&#8217;interfaccia utente pi\u00f9 comoda e flessibile.<\/p>\n<p>Pollici 46&#8243; Samsung<br \/>\nRisoluzione 1920&#215;1080 (per monitor)<br \/>\nLuminosit\u00e0\/Candelaggio 500 CDm2<br \/>\nIngombro 2044 x 577 x 69.9 mm<br \/>\nTouch screen No<br \/>\nPeso 31.4 Kg<\/p>\n","protected":false},"excerpt":{"rendered":"<p>Soluzione continua e compatta con cornici ultra sottili Sperimenta una visualizzazione immersiva e affidabile, attiva 24\/7, con i display della serie VMB-U di Samsung. Grazie alla ridotta profondit\u00e0 del dispositivo e a una luminosit\u00e0 di 500 nit, le immagini restano nitide e chiare in diversi ambienti, dai centri commerciali alle sale riunioni e di controllo, [&hellip;]<\/p>\n","protected":false},"featured_media":56129,"template":"","meta":[],"product_brand":[],"product_cat":[4286,4285],"product_tag":[],"yst_prominent_words":[],"class_list":{"0":"post-56130","1":"product","2":"type-product","3":"status-publish","4":"has-post-thumbnail","6":"product_cat-da-interno","7":"product_cat-soluzioni-tv-e-multischermo","9":"first","10":"instock","11":"taxable","12":"shipping-taxable","13":"purchasable","14":"product-type-simple"},"_links":{"self":[{"href":"https:\/\/osatech.ch\/shop\/index.php\/wp-json\/wp\/v2\/product\/56130","targetHints":{"allow":["GET"]}}],"collection":[{"href":"https:\/\/osatech.ch\/shop\/index.php\/wp-json\/wp\/v2\/product"}],"about":[{"href":"https:\/\/osatech.ch\/shop\/index.php\/wp-json\/wp\/v2\/types\/product"}],"wp:featuredmedia":[{"embeddable":true,"href":"https:\/\/osatech.ch\/shop\/index.php\/wp-json\/wp\/v2\/media\/56129"}],"wp:attachment":[{"href":"https:\/\/osatech.ch\/shop\/index.php\/wp-json\/wp\/v2\/media?parent=56130"}],"wp:term":[{"taxonomy":"product_brand","embeddable":true,"href":"https:\/\/osatech.ch\/shop\/index.php\/wp-json\/wp\/v2\/product_brand?post=56130"},{"taxonomy":"product_cat","embeddable":true,"href":"https:\/\/osatech.ch\/shop\/index.php\/wp-json\/wp\/v2\/product_cat?post=56130"},{"taxonomy":"product_tag","embeddable":true,"href":"https:\/\/osatech.ch\/shop\/index.php\/wp-json\/wp\/v2\/product_tag?post=56130"},{"taxonomy":"yst_prominent_words","embeddable":true,"href":"https:\/\/osatech.ch\/shop\/index.php\/wp-json\/wp\/v2\/yst_prominent_words?post=56130"}],"curies":[{"name":"wp","href":"https:\/\/api.w.org\/{rel}","templated":true}]}}