{"id":56102,"date":"2024-08-17T14:18:27","date_gmt":"2024-08-17T12:18:27","guid":{"rendered":"https:\/\/osatech.ch\/shop\/index.php\/prodotto\/samsung-tv-monitor-55-om55n-ds-da-vetrina-bifacciale-professionale"},"modified":"2024-08-28T14:03:30","modified_gmt":"2024-08-28T12:03:30","slug":"samsung-tv-monitor-55-om55n-ds-da-vetrina-bifacciale-professionale","status":"publish","type":"product","link":"https:\/\/osatech.ch\/shop\/index.php\/prodotto\/samsung-tv-monitor-55-om55n-ds-da-vetrina-bifacciale-professionale","title":{"rendered":"Samsung TV Monitor 55&#8243; OM55N-DS da vetrina bifacciale professionale"},"content":{"rendered":"<p>Attira i clienti con una straordinaria visibilit\u00e0<\/p>\n<p>Cattura l&#8217;attenzione del pubblico grazie a vetrine ad altissima luminosit\u00e0 e colori vibranti in risoluzione UHD. Perfettamente visibile anche sotto la luce diretta del sole, il modello OM55B combina un design sottile con un lettore multimediale integrato, offrendo un&#8217;ottimizzazione dello spazio e una gestione dei contenuti semplice ed efficace per i negozi.<\/p>\n<p>Valorizza le promozioni con immagini di alta qualit\u00e0<\/p>\n<p>Progettato per esaltare le promozioni in vetrina, l&#8217;OM55B garantisce immagini in UHD che rendono ogni offerta pi\u00f9 accattivante. L&#8217;elevata luminosit\u00e0 e il supporto per occhiali da sole polarizzati assicurano una visione chiara e senza disturbi, offrendo un&#8217;esperienza visiva di altissimo livello.<\/p>\n<p>Upscaling intelligente a risoluzione UHD<\/p>\n<p>Grazie al processore Crystal 4K, l&#8217;OM55B \u00e8 in grado di migliorare la qualit\u00e0 dei contenuti a bassa risoluzione, portandoli a un livello UHD. Questo garantisce una migliore leggibilit\u00e0 e chiarezza di immagini e testi su schermo.<\/p>\n<p>Colori realistici e coinvolgenti<\/p>\n<p>Con la tecnologia Dynamic Crystal Display, i clienti vengono immersi in una gamma di colori pi\u00f9 ampia e realistica, che rende ogni dettaglio visibile e nitido, arricchendo l&#8217;esperienza visiva.<\/p>\n<p>Un design sottile e moderno per uno spazio ottimizzato<\/p>\n<p>Il design sottile dell&#8217;OM55B non solo migliora la qualit\u00e0 delle immagini, ma si integra perfettamente in qualsiasi ambiente retail, liberando spazio prezioso per esporre i prodotti.<\/p>\n<p>Gestione dei contenuti semplificata<\/p>\n<p>Il MagicINFO Player integrato di Samsung ottimizza le prestazioni del display, facilitando la gestione dei contenuti e assicurando una riproduzione fluida e continua.<\/p>\n<p>Resistenza e prestazioni a lungo termine<\/p>\n<p>Con una protezione dalla polvere certificata IP5X e una tecnologia avanzata di controllo della temperatura, la serie OMB \u00e8 progettata per garantire prestazioni durevoli e affidabili anche in condizioni ambientali difficili.<\/p>\n<p>Pollici 55&#8243; Samsung<br \/>\nRisoluzione 1920 x 1080<br \/>\nLuminosit\u00e0\/Candelaggio 3000 \/ 1000 nit<br \/>\nIngombro 726.8 x 1299 x 69.5 mm<br \/>\nPlayer Integrato Samsung MagicInfo<br \/>\nTouch screen No<br \/>\nPeso 42 Kg<\/p>\n","protected":false},"excerpt":{"rendered":"<p>Attira i clienti con una straordinaria visibilit\u00e0 Cattura l&#8217;attenzione del pubblico grazie a vetrine ad altissima luminosit\u00e0 e colori vibranti in risoluzione UHD. Perfettamente visibile anche sotto la luce diretta del sole, il modello OM55B combina un design sottile con un lettore multimediale integrato, offrendo un&#8217;ottimizzazione dello spazio e una gestione dei contenuti semplice ed [&hellip;]<\/p>\n","protected":false},"featured_media":56101,"template":"","meta":[],"product_brand":[],"product_cat":[4286,4285],"product_tag":[],"yst_prominent_words":[],"class_list":{"0":"post-56102","1":"product","2":"type-product","3":"status-publish","4":"has-post-thumbnail","6":"product_cat-da-interno","7":"product_cat-soluzioni-tv-e-multischermo","9":"first","10":"instock","11":"taxable","12":"shipping-taxable","13":"purchasable","14":"product-type-simple"},"_links":{"self":[{"href":"https:\/\/osatech.ch\/shop\/index.php\/wp-json\/wp\/v2\/product\/56102","targetHints":{"allow":["GET"]}}],"collection":[{"href":"https:\/\/osatech.ch\/shop\/index.php\/wp-json\/wp\/v2\/product"}],"about":[{"href":"https:\/\/osatech.ch\/shop\/index.php\/wp-json\/wp\/v2\/types\/product"}],"wp:featuredmedia":[{"embeddable":true,"href":"https:\/\/osatech.ch\/shop\/index.php\/wp-json\/wp\/v2\/media\/56101"}],"wp:attachment":[{"href":"https:\/\/osatech.ch\/shop\/index.php\/wp-json\/wp\/v2\/media?parent=56102"}],"wp:term":[{"taxonomy":"product_brand","embeddable":true,"href":"https:\/\/osatech.ch\/shop\/index.php\/wp-json\/wp\/v2\/product_brand?post=56102"},{"taxonomy":"product_cat","embeddable":true,"href":"https:\/\/osatech.ch\/shop\/index.php\/wp-json\/wp\/v2\/product_cat?post=56102"},{"taxonomy":"product_tag","embeddable":true,"href":"https:\/\/osatech.ch\/shop\/index.php\/wp-json\/wp\/v2\/product_tag?post=56102"},{"taxonomy":"yst_prominent_words","embeddable":true,"href":"https:\/\/osatech.ch\/shop\/index.php\/wp-json\/wp\/v2\/yst_prominent_words?post=56102"}],"curies":[{"name":"wp","href":"https:\/\/api.w.org\/{rel}","templated":true}]}}