{"id":55460,"date":"2024-08-14T10:57:22","date_gmt":"2024-08-14T08:57:22","guid":{"rendered":"https:\/\/osatech.ch\/shop\/index.php\/prodotto\/tornello-a-tutta-altezza-winsertech-wr-432-vpe-2"},"modified":"2024-08-28T14:36:58","modified_gmt":"2024-08-28T12:36:58","slug":"tornello-a-tutta-altezza-winsertech-wr-432-vpe-2","status":"publish","type":"product","link":"https:\/\/osatech.ch\/shop\/index.php\/prodotto\/tornello-a-tutta-altezza-winsertech-wr-432-vpe-2","title":{"rendered":"Tornello a tutta altezza WINSERTECH WR-342D-VPE"},"content":{"rendered":"<p>I tornelli di grandi dimensioni WR-342 sono progettati per essere utilizzati in situazioni in cui il passaggio di gruppi affollati di persone, come stadi e grandi centri di intrattenimento, deve essere rigorosamente controllato.<\/p>\n<p>I tornelli WR-342 Light sono solitamente montati uno accanto all&#8217;altro e sono progettati per soddisfare gruppi affollati e sono una soluzione economica quando l&#8217;estetica non \u00e8 importante. Con le sue opzioni a 3 e 4 bracci, offre l&#8217;opportunit\u00e0 di scegliere tra il comfort e la sicurezza della transizione.<\/p>\n<p>Grazie alle strutture meccaniche dei tornelli WR-342 Height, \u00e8 possibile utilizzarli in semplici operazioni di ingresso-uscita o in operazioni di ingresso-uscita pi\u00f9 complesse, avvalendosi di dispositivi di controllo elettronici.<\/p>\n<p>Due lettori di carte WR-551 Mifare possono essere integrati sul tornello SC-342 Height. Il tornello WR-342 pu\u00f2 essere utilizzato come singolo o doppio lato. La selezione della direzione pu\u00f2 essere effettuata facilmente dagli utenti. Pu\u00f2 emettere un avviso acustico quando richiesto. La funzione di memoria pu\u00f2 essere utilizzata in pi\u00f9 passaggi. L&#8217;accesso remoto pu\u00f2 essere concesso o rimosso indipendentemente dalla persona che effettua il passaggio.<\/p>\n<p>Grazie ai sensori sensibili, \u00e8 possibile ottenere informazioni sulla posizione, il movimento e la direzione dei bracci del tornello WR-342. Durante la commutazione, l&#8217;output dei dati \u00e8 disponibile per i venditori o altri sistemi di controllo.<\/p>\n<p>Tutte le parti meccaniche e i sistemi di controllo elettromeccanici sono prodotti nei nostri stabilimenti. La serie di tornelli di altezza WR-342, che pu\u00f2 essere utilizzata all&#8217;interno e all&#8217;esterno, \u00e8 generalmente prodotta con vernice a polvere elettrostatica per essere economica. Facoltativamente, pu\u00f2 essere prodotta completamente in acciaio inossidabile oppure la parte del rotore pu\u00f2 essere prodotta in acciaio inossidabile e la parte del corpo verniciata a polvere elettrostatica.<\/p>\n<p>VPE = Verniciatura a polvere elettrostatica<\/p>\n","protected":false},"excerpt":{"rendered":"<p>I tornelli di grandi dimensioni WR-342 sono progettati per essere utilizzati in situazioni in cui il passaggio di gruppi affollati di persone, come stadi e grandi centri di intrattenimento, deve essere rigorosamente controllato. I tornelli WR-342 Light sono solitamente montati uno accanto all&#8217;altro e sono progettati per soddisfare gruppi affollati e sono una soluzione economica [&hellip;]<\/p>\n","protected":false},"featured_media":55463,"template":"","meta":[],"product_brand":[],"product_cat":[3856,4283],"product_tag":[],"yst_prominent_words":[],"class_list":{"0":"post-55460","1":"product","2":"type-product","3":"status-publish","4":"has-post-thumbnail","6":"product_cat-tornelli","7":"product_cat-tornelli-winsertech","9":"first","10":"instock","11":"taxable","12":"shipping-taxable","13":"purchasable","14":"product-type-simple"},"_links":{"self":[{"href":"https:\/\/osatech.ch\/shop\/index.php\/wp-json\/wp\/v2\/product\/55460","targetHints":{"allow":["GET"]}}],"collection":[{"href":"https:\/\/osatech.ch\/shop\/index.php\/wp-json\/wp\/v2\/product"}],"about":[{"href":"https:\/\/osatech.ch\/shop\/index.php\/wp-json\/wp\/v2\/types\/product"}],"wp:featuredmedia":[{"embeddable":true,"href":"https:\/\/osatech.ch\/shop\/index.php\/wp-json\/wp\/v2\/media\/55463"}],"wp:attachment":[{"href":"https:\/\/osatech.ch\/shop\/index.php\/wp-json\/wp\/v2\/media?parent=55460"}],"wp:term":[{"taxonomy":"product_brand","embeddable":true,"href":"https:\/\/osatech.ch\/shop\/index.php\/wp-json\/wp\/v2\/product_brand?post=55460"},{"taxonomy":"product_cat","embeddable":true,"href":"https:\/\/osatech.ch\/shop\/index.php\/wp-json\/wp\/v2\/product_cat?post=55460"},{"taxonomy":"product_tag","embeddable":true,"href":"https:\/\/osatech.ch\/shop\/index.php\/wp-json\/wp\/v2\/product_tag?post=55460"},{"taxonomy":"yst_prominent_words","embeddable":true,"href":"https:\/\/osatech.ch\/shop\/index.php\/wp-json\/wp\/v2\/yst_prominent_words?post=55460"}],"curies":[{"name":"wp","href":"https:\/\/api.w.org\/{rel}","templated":true}]}}