{"id":55405,"date":"2024-08-13T15:43:21","date_gmt":"2024-08-13T13:43:21","guid":{"rendered":"https:\/\/osatech.ch\/shop\/index.php\/prodotto\/tornello-a-tutta-altezza-winsertech-wr-442-d-vpe"},"modified":"2024-08-28T14:36:14","modified_gmt":"2024-08-28T12:36:14","slug":"tornello-a-tutta-altezza-winsertech-wr-442-d-vpe","status":"publish","type":"product","link":"https:\/\/osatech.ch\/shop\/index.php\/prodotto\/tornello-a-tutta-altezza-winsertech-wr-442-d-vpe","title":{"rendered":"Tornello a tutta altezza WINSERTECH WR-442-D VPE"},"content":{"rendered":"<p>I tornelli di grandi dimensioni WR-442 sono progettati per essere utilizzati in situazioni in cui il passaggio di gruppi affollati di persone, come stadi e grandi centri di intrattenimento, deve essere rigorosamente controllato.<\/p>\n<p>I tornelli WR-442 Light sono solitamente montati uno accanto all&#8217;altro e sono progettati per soddisfare gruppi affollati e sono una soluzione economica quando l&#8217;estetica non \u00e8 importante. Con le sue opzioni a 3 e 4 bracci, offre l&#8217;opportunit\u00e0 di scegliere tra il comfort e la sicurezza della transizione.<\/p>\n<p>WR-442 Grazie alla struttura meccanica del tornello WR-442 Height, pu\u00f2 essere utilizzato in semplici operazioni di entrata-uscita o in operazioni di entrata-uscita pi\u00f9 complesse mediante l&#8217;impiego di dispositivi di controllo elettronici.<\/p>\n<p>Due lettori di carte WR-551 Mifare possono essere integrati sul tornello WR-442 Height. Il tornello WR-442 pu\u00f2 essere utilizzato come singolo o doppio lato. La selezione della direzione pu\u00f2 essere effettuata facilmente dagli utenti. Pu\u00f2 emettere un avviso acustico quando richiesto. La funzione di memoria pu\u00f2 essere utilizzata in pi\u00f9 passaggi. L&#8217;accesso remoto pu\u00f2 essere concesso o rimosso indipendentemente dalla persona che effettua il passaggio.<\/p>\n<p>Grazie ai sensori sensibili, \u00e8 possibile ottenere informazioni sulla posizione, il movimento e la direzione dei bracci del tornello di altezza WR-442. Durante la commutazione, l&#8217;output dei dati \u00e8 disponibile per i venditori o altri sistemi di controllo.<\/p>\n<p>Tutte le parti meccaniche e i sistemi di controllo elettromeccanici sono prodotti nei nostri stabilimenti. La serie di tornelli di altezza WR-442, che pu\u00f2 essere utilizzata all&#8217;interno e all&#8217;esterno, \u00e8 generalmente prodotta con vernice a polvere elettrostatica per essere economica. Facoltativamente, pu\u00f2 essere prodotta completamente in acciaio inossidabile oppure la parte del rotore pu\u00f2 essere prodotta in acciaio inossidabile e la parte del corpo verniciata a polvere elettrostatica.<\/p>\n<p>Il corpo \u00e8 costruito su supporti principali da 100x40x2 mm, supportati da profili da 40x40x2 mm, rinforzati con un separatore, verniciati a polvere elettrostatica su acciaio o acciaio inox, il coperchio di protezione superiore \u00e8 impermeabile<br \/>\nBraccia 38&#215;1,5 mm Verniciate a polvere elettrostatica o acciaio inox, saldate al rotore centrale, 10 file di bracci in totale<br \/>\nPeso ~370 kg<br \/>\nIndicatori Gli indicatori di guida sono disponibili di serie<br \/>\nTemperatura di esercizio &#8211; 20 \/ + 60 \u00b0C<br \/>\nAccessori Completamente verniciato a polvere, corpo verniciato a polvere, maniglie in acciaio inox, tutto in acciaio inox, scatola lettore, unit\u00e0 monete<br \/>\nEnergia 176-264 VAC 50 Hz Standby 50 W &#8211; Transizione 30 W<\/p>\n<p>VPE = Verniciatura a polvere elettrostatica<\/p>\n","protected":false},"excerpt":{"rendered":"<p>I tornelli di grandi dimensioni WR-442 sono progettati per essere utilizzati in situazioni in cui il passaggio di gruppi affollati di persone, come stadi e grandi centri di intrattenimento, deve essere rigorosamente controllato. I tornelli WR-442 Light sono solitamente montati uno accanto all&#8217;altro e sono progettati per soddisfare gruppi affollati e sono una soluzione economica [&hellip;]<\/p>\n","protected":false},"featured_media":55408,"template":"","meta":[],"product_brand":[],"product_cat":[3856,4283],"product_tag":[],"yst_prominent_words":[],"class_list":{"0":"post-55405","1":"product","2":"type-product","3":"status-publish","4":"has-post-thumbnail","6":"product_cat-tornelli","7":"product_cat-tornelli-winsertech","9":"first","10":"instock","11":"taxable","12":"shipping-taxable","13":"purchasable","14":"product-type-simple"},"_links":{"self":[{"href":"https:\/\/osatech.ch\/shop\/index.php\/wp-json\/wp\/v2\/product\/55405","targetHints":{"allow":["GET"]}}],"collection":[{"href":"https:\/\/osatech.ch\/shop\/index.php\/wp-json\/wp\/v2\/product"}],"about":[{"href":"https:\/\/osatech.ch\/shop\/index.php\/wp-json\/wp\/v2\/types\/product"}],"wp:featuredmedia":[{"embeddable":true,"href":"https:\/\/osatech.ch\/shop\/index.php\/wp-json\/wp\/v2\/media\/55408"}],"wp:attachment":[{"href":"https:\/\/osatech.ch\/shop\/index.php\/wp-json\/wp\/v2\/media?parent=55405"}],"wp:term":[{"taxonomy":"product_brand","embeddable":true,"href":"https:\/\/osatech.ch\/shop\/index.php\/wp-json\/wp\/v2\/product_brand?post=55405"},{"taxonomy":"product_cat","embeddable":true,"href":"https:\/\/osatech.ch\/shop\/index.php\/wp-json\/wp\/v2\/product_cat?post=55405"},{"taxonomy":"product_tag","embeddable":true,"href":"https:\/\/osatech.ch\/shop\/index.php\/wp-json\/wp\/v2\/product_tag?post=55405"},{"taxonomy":"yst_prominent_words","embeddable":true,"href":"https:\/\/osatech.ch\/shop\/index.php\/wp-json\/wp\/v2\/yst_prominent_words?post=55405"}],"curies":[{"name":"wp","href":"https:\/\/api.w.org\/{rel}","templated":true}]}}