{"id":55263,"date":"2024-08-12T21:20:22","date_gmt":"2024-08-12T19:20:22","guid":{"rendered":"https:\/\/osatech.ch\/shop\/index.php\/prodotto\/tornello-tripoide-winsertech-wr-214d"},"modified":"2024-08-28T14:35:57","modified_gmt":"2024-08-28T12:35:57","slug":"tornello-tripoide-winsertech-wr-214d","status":"publish","type":"product","link":"https:\/\/osatech.ch\/shop\/index.php\/prodotto\/tornello-tripoide-winsertech-wr-214d","title":{"rendered":"Tornello tripoide WINSERTECH WR-214D"},"content":{"rendered":"<p>Il tornello WR-214-D \u00e8 progettato per accogliere gruppi affollati grazie alla sua sezione superiore pi\u00f9 lunga rispetto ad altri modelli.<\/p>\n<p>Due lettori di carte Mifare WR-551 o WR-553 possono essere integrati sul tornello WR-214-D. Il tornello WR-214-D pu\u00f2 essere utilizzato come singolo o doppio lato. La selezione della direzione pu\u00f2 essere effettuata facilmente dagli utenti. Pu\u00f2 emettere un avviso acustico quando richiesto. La funzione di memoria pu\u00f2 essere utilizzata in pi\u00f9 passaggi. L&#8217;accesso remoto pu\u00f2 essere concesso o rimosso indipendentemente dalla persona che effettua il passaggio.<\/p>\n<p>Corpo Corpo esterno protetto dall&#8217;acqua 1,2 mm in acciaio inox 304<br \/>\nBraccia smontabili e montabili singolarmente Braccio in alluminio 35&#215;3 mm \/ Ops. Acciaio inossidabile<br \/>\nPeso ~60 kg<br \/>\nIndicatori Gli indicatori di deviazione sono disponibili di serie<br \/>\nTemperatura di esercizio &#8211; 20 \/ + 60 \u00b0C<br \/>\nAccessori Braccio di caduta automatico\/Unit\u00e0 di controllo remoto\/Pulsante di controllo\/Contatore\/Lettore di schede\/Fotocellula di perdita<br \/>\nEnergia 176-264 V 50-60 Hz AC\/24 V DC Standby ~15 W. max. Istantaneo ~60 W<br \/>\nDimensioni 500 x 840 x 980 mm<\/p>\n","protected":false},"excerpt":{"rendered":"<p>Il tornello WR-214-D \u00e8 progettato per accogliere gruppi affollati grazie alla sua sezione superiore pi\u00f9 lunga rispetto ad altri modelli. Due lettori di carte Mifare WR-551 o WR-553 possono essere integrati sul tornello WR-214-D. Il tornello WR-214-D pu\u00f2 essere utilizzato come singolo o doppio lato. La selezione della direzione pu\u00f2 essere effettuata facilmente dagli utenti. [&hellip;]<\/p>\n","protected":false},"featured_media":55262,"template":"","meta":[],"product_brand":[],"product_cat":[3856,4283],"product_tag":[],"yst_prominent_words":[],"class_list":{"0":"post-55263","1":"product","2":"type-product","3":"status-publish","4":"has-post-thumbnail","6":"product_cat-tornelli","7":"product_cat-tornelli-winsertech","9":"first","10":"instock","11":"taxable","12":"shipping-taxable","13":"purchasable","14":"product-type-simple"},"_links":{"self":[{"href":"https:\/\/osatech.ch\/shop\/index.php\/wp-json\/wp\/v2\/product\/55263","targetHints":{"allow":["GET"]}}],"collection":[{"href":"https:\/\/osatech.ch\/shop\/index.php\/wp-json\/wp\/v2\/product"}],"about":[{"href":"https:\/\/osatech.ch\/shop\/index.php\/wp-json\/wp\/v2\/types\/product"}],"wp:featuredmedia":[{"embeddable":true,"href":"https:\/\/osatech.ch\/shop\/index.php\/wp-json\/wp\/v2\/media\/55262"}],"wp:attachment":[{"href":"https:\/\/osatech.ch\/shop\/index.php\/wp-json\/wp\/v2\/media?parent=55263"}],"wp:term":[{"taxonomy":"product_brand","embeddable":true,"href":"https:\/\/osatech.ch\/shop\/index.php\/wp-json\/wp\/v2\/product_brand?post=55263"},{"taxonomy":"product_cat","embeddable":true,"href":"https:\/\/osatech.ch\/shop\/index.php\/wp-json\/wp\/v2\/product_cat?post=55263"},{"taxonomy":"product_tag","embeddable":true,"href":"https:\/\/osatech.ch\/shop\/index.php\/wp-json\/wp\/v2\/product_tag?post=55263"},{"taxonomy":"yst_prominent_words","embeddable":true,"href":"https:\/\/osatech.ch\/shop\/index.php\/wp-json\/wp\/v2\/yst_prominent_words?post=55263"}],"curies":[{"name":"wp","href":"https:\/\/api.w.org\/{rel}","templated":true}]}}