{"id":55240,"date":"2024-08-12T21:08:21","date_gmt":"2024-08-12T19:08:21","guid":{"rendered":"https:\/\/osatech.ch\/shop\/index.php\/prodotto\/tornello-tripoide-winsertech-wr-242"},"modified":"2024-08-28T14:35:44","modified_gmt":"2024-08-28T12:35:44","slug":"tornello-tripoide-winsertech-wr-242","status":"publish","type":"product","link":"https:\/\/osatech.ch\/shop\/index.php\/prodotto\/tornello-tripoide-winsertech-wr-242","title":{"rendered":"Tornello tripoide WINSERTECH WR-242"},"content":{"rendered":"<p>Il modello WR-242 \u00e8 progettato per gli ambienti in cui l&#8217;aspetto decorativo \u00e8 in primo piano, grazie al design del piede cilindrico e alla parte superiore inclinata.<\/p>\n<p>Due lettori di carte WR-553 Mifare possono essere integrati sul tornello WR-242. Il tornello WR-242 pu\u00f2 essere utilizzato come singolo o doppio lato. La selezione della direzione pu\u00f2 essere effettuata facilmente dagli utenti. Pu\u00f2 emettere un avviso acustico quando richiesto. La funzione di memoria pu\u00f2 essere utilizzata in pi\u00f9 passaggi. L&#8217;accesso remoto pu\u00f2 essere concesso o rimosso indipendentemente dalla persona che effettua il passaggio.<\/p>\n<p>Grazie ai sensori sensibili, \u00e8 possibile ottenere informazioni sulla posizione, il movimento e la direzione dei bracci del tornello WR-242. Durante la commutazione, l&#8217;output dei dati \u00e8 disponibile per i venditori o altri sistemi di controllo.<\/p>\n<p>Tutte le parti meccaniche e i sistemi di controllo elettromeccanici sono prodotti nei nostri stabilimenti. La serie WR-242, che pu\u00f2 essere utilizzata all&#8217;interno e all&#8217;esterno, \u00e8 generalmente prodotta in acciaio inossidabile. Facoltativamente, pu\u00f2 essere prodotta con verniciatura a polvere elettrostatica con un colore adatto a te dalla nostra ampia gamma di colori.<\/p>\n<p>Il tornello WR-242 garantisce un passaggio sicuro e veloce in caso di emergenza, grazie all&#8217;opzione del braccio cadente.<\/p>\n<p>Corpo Corpo esterno protetto dall&#8217;acqua 1,2 mm in acciaio inox 304<br \/>\nBraccia smontabili e montabili singolarmente Braccio in alluminio 35&#215;3 mm \/ Ops. Acciaio inossidabile<br \/>\nPeso ~43 kg<br \/>\nIndicatori Gli indicatori di deviazione sono disponibili di serie<br \/>\nTemperatura di esercizio &#8211; 20 \/ + 60 \u00b0C<br \/>\nAccessori Braccio di caduta automatico\/Unit\u00e0 di controllo remoto\/Pulsante di controllo\/Contatore\/Lettore di schede\/Fotocellula di perdita<br \/>\nEnergia 176-264 V 50-60 Hz AC\/24 V DC Standby ~15 W. max. Istantaneo ~60 W<br \/>\nDimensioni 250 x 1040 x 980 mm<\/p>\n","protected":false},"excerpt":{"rendered":"<p>Il modello WR-242 \u00e8 progettato per gli ambienti in cui l&#8217;aspetto decorativo \u00e8 in primo piano, grazie al design del piede cilindrico e alla parte superiore inclinata. Due lettori di carte WR-553 Mifare possono essere integrati sul tornello WR-242. Il tornello WR-242 pu\u00f2 essere utilizzato come singolo o doppio lato. La selezione della direzione pu\u00f2 [&hellip;]<\/p>\n","protected":false},"featured_media":55243,"template":"","meta":[],"product_brand":[],"product_cat":[3856,4283],"product_tag":[],"yst_prominent_words":[],"class_list":{"0":"post-55240","1":"product","2":"type-product","3":"status-publish","4":"has-post-thumbnail","6":"product_cat-tornelli","7":"product_cat-tornelli-winsertech","9":"first","10":"instock","11":"taxable","12":"shipping-taxable","13":"purchasable","14":"product-type-simple"},"_links":{"self":[{"href":"https:\/\/osatech.ch\/shop\/index.php\/wp-json\/wp\/v2\/product\/55240","targetHints":{"allow":["GET"]}}],"collection":[{"href":"https:\/\/osatech.ch\/shop\/index.php\/wp-json\/wp\/v2\/product"}],"about":[{"href":"https:\/\/osatech.ch\/shop\/index.php\/wp-json\/wp\/v2\/types\/product"}],"wp:featuredmedia":[{"embeddable":true,"href":"https:\/\/osatech.ch\/shop\/index.php\/wp-json\/wp\/v2\/media\/55243"}],"wp:attachment":[{"href":"https:\/\/osatech.ch\/shop\/index.php\/wp-json\/wp\/v2\/media?parent=55240"}],"wp:term":[{"taxonomy":"product_brand","embeddable":true,"href":"https:\/\/osatech.ch\/shop\/index.php\/wp-json\/wp\/v2\/product_brand?post=55240"},{"taxonomy":"product_cat","embeddable":true,"href":"https:\/\/osatech.ch\/shop\/index.php\/wp-json\/wp\/v2\/product_cat?post=55240"},{"taxonomy":"product_tag","embeddable":true,"href":"https:\/\/osatech.ch\/shop\/index.php\/wp-json\/wp\/v2\/product_tag?post=55240"},{"taxonomy":"yst_prominent_words","embeddable":true,"href":"https:\/\/osatech.ch\/shop\/index.php\/wp-json\/wp\/v2\/yst_prominent_words?post=55240"}],"curies":[{"name":"wp","href":"https:\/\/api.w.org\/{rel}","templated":true}]}}