{"id":55211,"date":"2024-08-12T20:52:21","date_gmt":"2024-08-12T18:52:21","guid":{"rendered":"https:\/\/osatech.ch\/shop\/index.php\/prodotto\/tornello-tripoide-winsertech-wr-272"},"modified":"2024-08-28T14:35:32","modified_gmt":"2024-08-28T12:35:32","slug":"tornello-tripoide-winsertech-wr-272","status":"publish","type":"product","link":"https:\/\/osatech.ch\/shop\/index.php\/prodotto\/tornello-tripoide-winsertech-wr-272","title":{"rendered":"Tornello tripoide WINSERTECH WR-272"},"content":{"rendered":"<p>Il tornello WR-272 \u00e8 un prodotto realizzato appositamente per strutture e aziende che si occupano di igiene e pulizia.<\/p>\n<p>Due lettori di carte WR-501 Mifare possono essere integrati sul tornello WR-272. Il tornello WR-272 pu\u00f2 essere utilizzato come singolo o doppio lato. La selezione della direzione pu\u00f2 essere effettuata facilmente dagli utenti. Pu\u00f2 emettere un avviso acustico quando richiesto. La funzione di memoria pu\u00f2 essere utilizzata in pi\u00f9 passaggi. L&#8217;accesso remoto pu\u00f2 essere concesso o rimosso indipendentemente dalla persona che effettua il passaggio.<\/p>\n<p>Grazie ai sensori sensibili, \u00e8 possibile ottenere informazioni sulla posizione, il movimento e la direzione dei bracci del tornello WR-272. Durante la commutazione, l&#8217;output dei dati \u00e8 disponibile per i venditori o altri sistemi di controllo.<\/p>\n<p>Tutte le parti meccaniche e i sistemi di controllo elettromeccanici sono prodotti nei nostri stabilimenti. La serie WR-272, che pu\u00f2 essere utilizzata all&#8217;interno e all&#8217;esterno, \u00e8 generalmente prodotta in acciaio inossidabile. Facoltativamente, pu\u00f2 essere prodotta con verniciatura a polvere elettrostatica con un colore adatto a te dalla nostra ampia gamma di colori.<\/p>\n<p>Il tornello WR-272 garantisce un passaggio sicuro e veloce in caso di emergenza, grazie all&#8217;opzione del braccio cadente.<\/p>\n<p>Corpo Corpo esterno protetto dall&#8217;acqua 1,2 mm in acciaio inox 304<br \/>\nI bracci possono essere smontati e montati uno per uno. Braccio in alluminio 35x3mm \/ Ops. Acciaio inossidabile<br \/>\nPeso ~20 kg<br \/>\nIndicatori Gli indicatori di deviazione sono disponibili di serie<br \/>\nTemperatura di esercizio &#8211; 20 \/ + 60 \u00b0C<br \/>\nAccessori Braccio di caduta automatico\/Unit\u00e0 di controllo remoto\/Pulsante di controllo\/Contatore\/Lettore di schede\/Fotocellula di perdita<br \/>\nEnergia 176-264 V 50-60 Hz AC\/24 V DC Standby ~15 W. max. Istantaneo ~60 W<br \/>\nDimensioni 300 x 450 x 270 mm<\/p>\n","protected":false},"excerpt":{"rendered":"<p>Il tornello WR-272 \u00e8 un prodotto realizzato appositamente per strutture e aziende che si occupano di igiene e pulizia. Due lettori di carte WR-501 Mifare possono essere integrati sul tornello WR-272. Il tornello WR-272 pu\u00f2 essere utilizzato come singolo o doppio lato. La selezione della direzione pu\u00f2 essere effettuata facilmente dagli utenti. Pu\u00f2 emettere un [&hellip;]<\/p>\n","protected":false},"featured_media":55214,"template":"","meta":[],"product_brand":[],"product_cat":[3856,4283],"product_tag":[],"yst_prominent_words":[],"class_list":{"0":"post-55211","1":"product","2":"type-product","3":"status-publish","4":"has-post-thumbnail","6":"product_cat-tornelli","7":"product_cat-tornelli-winsertech","9":"first","10":"instock","11":"taxable","12":"shipping-taxable","13":"purchasable","14":"product-type-simple"},"_links":{"self":[{"href":"https:\/\/osatech.ch\/shop\/index.php\/wp-json\/wp\/v2\/product\/55211","targetHints":{"allow":["GET"]}}],"collection":[{"href":"https:\/\/osatech.ch\/shop\/index.php\/wp-json\/wp\/v2\/product"}],"about":[{"href":"https:\/\/osatech.ch\/shop\/index.php\/wp-json\/wp\/v2\/types\/product"}],"wp:featuredmedia":[{"embeddable":true,"href":"https:\/\/osatech.ch\/shop\/index.php\/wp-json\/wp\/v2\/media\/55214"}],"wp:attachment":[{"href":"https:\/\/osatech.ch\/shop\/index.php\/wp-json\/wp\/v2\/media?parent=55211"}],"wp:term":[{"taxonomy":"product_brand","embeddable":true,"href":"https:\/\/osatech.ch\/shop\/index.php\/wp-json\/wp\/v2\/product_brand?post=55211"},{"taxonomy":"product_cat","embeddable":true,"href":"https:\/\/osatech.ch\/shop\/index.php\/wp-json\/wp\/v2\/product_cat?post=55211"},{"taxonomy":"product_tag","embeddable":true,"href":"https:\/\/osatech.ch\/shop\/index.php\/wp-json\/wp\/v2\/product_tag?post=55211"},{"taxonomy":"yst_prominent_words","embeddable":true,"href":"https:\/\/osatech.ch\/shop\/index.php\/wp-json\/wp\/v2\/yst_prominent_words?post=55211"}],"curies":[{"name":"wp","href":"https:\/\/api.w.org\/{rel}","templated":true}]}}