{"id":55206,"date":"2024-08-12T20:50:22","date_gmt":"2024-08-12T18:50:22","guid":{"rendered":"https:\/\/osatech.ch\/shop\/index.php\/prodotto\/tornello-tripoide-winsertech-wr-wr-274"},"modified":"2024-08-28T14:35:29","modified_gmt":"2024-08-28T12:35:29","slug":"tornello-tripoide-winsertech-wr-wr-274","status":"publish","type":"product","link":"https:\/\/osatech.ch\/shop\/index.php\/prodotto\/tornello-tripoide-winsertech-wr-wr-274","title":{"rendered":"Tornello tripoide WINSERTECH WR-WR-274"},"content":{"rendered":"<p>Il tornello WR-274 Token unit pu\u00f2 funzionare sia con monete che con denaro. Entrambi possono essere attivati \u200b\u200bcontemporaneamente. Pu\u00f2 funzionare a lungo senza svuotare i suoi gettoni con la sua camera per le monete con una capacit\u00e0 di 5000 monete.<\/p>\n<p>Il meccanismo a gettoni nel tornello WR-274 \u00e8 solo nella direzione di ingresso. Il tornello pu\u00f2 essere rilasciato nella direzione di uscita, oppure la direzione di uscita pu\u00f2 essere mantenuta bloccata in base alla richiesta dell&#8217;utente.<\/p>\n<p>Il tornello WR-274 pu\u00f2 essere utilizzato come singolo o doppio lato. La selezione della direzione pu\u00f2 essere effettuata facilmente dagli utenti. Pu\u00f2 emettere un avviso acustico quando richiesto. La funzione di memoria pu\u00f2 essere utilizzata in pi\u00f9 passaggi. \u00c8 possibile effettuare lo scambio con due monete. L&#8217;accesso remoto pu\u00f2 essere concesso o rimosso indipendentemente dalla persona che effettua lo scambio.<\/p>\n<p>Grazie ai sensori sensibili, \u00e8 possibile ottenere informazioni sulla posizione, il movimento e la direzione dei bracci del tornello WR-274. Durante la commutazione, l&#8217;output dei dati \u00e8 disponibile per i venditori o altri sistemi di controllo.<\/p>\n<p>Tutte le parti meccaniche e i sistemi di controllo elettromeccanici sono prodotti nei nostri stabilimenti. La serie WR-274, che pu\u00f2 essere utilizzata all&#8217;interno e all&#8217;esterno, \u00e8 generalmente prodotta in acciaio inossidabile. Facoltativamente, pu\u00f2 essere prodotta con verniciatura a polvere elettrostatica con un colore adatto a te dalla nostra ampia gamma di colori.<\/p>\n<p>Il tornello WR-274 garantisce un passaggio sicuro e veloce in caso di emergenza, grazie all&#8217;opzione del braccio cadente.<\/p>\n<p>Corpo Corpo esterno protetto dall&#8217;acqua 1,2 mm in acciaio inox 304<br \/>\nI bracci possono essere smontati e montati uno per uno. Braccio in alluminio 35x3mm \/ Ops. Acciaio inossidabile<br \/>\nPeso ~36 kg<br \/>\nIndicatori Gli indicatori di deviazione sono disponibili di serie<br \/>\nTemperatura di esercizio &#8211; 20 \/ + 60 \u00b0C<br \/>\nAccessori Braccio di caduta automatico\/Unit\u00e0 di controllo remoto\/Pulsante di controllo\/Contatore\/Lettore di schede\/Fotocellula di perdita<br \/>\nEnergia 176-264 V 50-60 Hz AC\/24 V DC Standby ~15 W. max. Istantaneo ~60 W<br \/>\nDimensioni 250 x 895 x 950 mm<\/p>\n","protected":false},"excerpt":{"rendered":"<p>Il tornello WR-274 Token unit pu\u00f2 funzionare sia con monete che con denaro. Entrambi possono essere attivati \u200b\u200bcontemporaneamente. Pu\u00f2 funzionare a lungo senza svuotare i suoi gettoni con la sua camera per le monete con una capacit\u00e0 di 5000 monete. Il meccanismo a gettoni nel tornello WR-274 \u00e8 solo nella direzione di ingresso. Il tornello [&hellip;]<\/p>\n","protected":false},"featured_media":55205,"template":"","meta":[],"product_brand":[],"product_cat":[3856,4283],"product_tag":[],"yst_prominent_words":[],"class_list":{"0":"post-55206","1":"product","2":"type-product","3":"status-publish","4":"has-post-thumbnail","6":"product_cat-tornelli","7":"product_cat-tornelli-winsertech","9":"first","10":"instock","11":"taxable","12":"shipping-taxable","13":"purchasable","14":"product-type-simple"},"_links":{"self":[{"href":"https:\/\/osatech.ch\/shop\/index.php\/wp-json\/wp\/v2\/product\/55206","targetHints":{"allow":["GET"]}}],"collection":[{"href":"https:\/\/osatech.ch\/shop\/index.php\/wp-json\/wp\/v2\/product"}],"about":[{"href":"https:\/\/osatech.ch\/shop\/index.php\/wp-json\/wp\/v2\/types\/product"}],"wp:featuredmedia":[{"embeddable":true,"href":"https:\/\/osatech.ch\/shop\/index.php\/wp-json\/wp\/v2\/media\/55205"}],"wp:attachment":[{"href":"https:\/\/osatech.ch\/shop\/index.php\/wp-json\/wp\/v2\/media?parent=55206"}],"wp:term":[{"taxonomy":"product_brand","embeddable":true,"href":"https:\/\/osatech.ch\/shop\/index.php\/wp-json\/wp\/v2\/product_brand?post=55206"},{"taxonomy":"product_cat","embeddable":true,"href":"https:\/\/osatech.ch\/shop\/index.php\/wp-json\/wp\/v2\/product_cat?post=55206"},{"taxonomy":"product_tag","embeddable":true,"href":"https:\/\/osatech.ch\/shop\/index.php\/wp-json\/wp\/v2\/product_tag?post=55206"},{"taxonomy":"yst_prominent_words","embeddable":true,"href":"https:\/\/osatech.ch\/shop\/index.php\/wp-json\/wp\/v2\/yst_prominent_words?post=55206"}],"curies":[{"name":"wp","href":"https:\/\/api.w.org\/{rel}","templated":true}]}}