{"id":55169,"date":"2024-08-12T20:23:21","date_gmt":"2024-08-12T18:23:21","guid":{"rendered":"https:\/\/osatech.ch\/shop\/index.php\/prodotto\/tornello-vip-winsertech-wr-312-b"},"modified":"2024-08-28T14:35:10","modified_gmt":"2024-08-28T12:35:10","slug":"tornello-vip-winsertech-wr-312-b","status":"publish","type":"product","link":"https:\/\/osatech.ch\/shop\/index.php\/prodotto\/tornello-vip-winsertech-wr-312-b","title":{"rendered":"Tornello VIP WINSERTECH WR-312-B"},"content":{"rendered":"<p>Tornelli WR Vip Progettati appositamente per passaggi VIP, passaggi per disabili o passaggi materiali.<\/p>\n<p>Sono disponibili due modelli diversi.<\/p>\n<p>Anta in plexiglass motorizzata bifacciale;<\/p>\n<p>Ala a U motorizzata bifacciale;<\/p>\n<p>Nei cancelli a battente viene utilizzato solo acciaio inossidabile, tutti prodotti nei nostri stabilimenti. Pu\u00f2 essere utilizzato facilmente all&#8217;interno e all&#8217;esterno. Quando richiesto, vengono aggiunti sul plexiglass i cartelli &#8220;STOP&#8221;, &#8220;PASS&#8221; e &#8220;disabili&#8221;.<\/p>\n<p>I corrimano motorizzati funzionano con 220 V CA. La tensione interna \u00e8 di 12 V o 24 V CC. Per aprire il corrimano \u00e8 sufficiente un solo grilletto. Dopodich\u00e9, si apre automaticamente grazie al motore del corrimano. Si chiude e si blocca automaticamente dopo un tempo impostato. Se lo si desidera, il processo di chiusura pu\u00f2 essere controllato con un pulsante. In caso di interruzione di corrente, il corrimano si sposta nella posizione libera e pu\u00f2 essere aperto spingendolo leggermente a mano.<\/p>\n<p>Corpo L&#8217;intero corpo \u00e8 realizzato in acciaio inossidabile di qualit\u00e0 304 da 1,5 mm ed \u00e8 costituito da un corpo cilindrico monolitico.<br \/>\nBracci 38&#215;2 mm profilo alluminio plexi medio<br \/>\nPeso ~40 kg<br \/>\nIndicatori Gli indicatori di guida sono disponibili di serie<br \/>\nTemperatura di esercizio &#8211; 20 \/ + 60 \u00b0C<br \/>\nAccessori Unit\u00e0 di controllo remoto \/ Contatore \/ Lettore di schede \/ Sensore fotocellula (di sicurezza)<br \/>\nEnergia 176-264 V 50 Hz Standby ~15 W. &#8211; Max. ~40W<\/p>\n","protected":false},"excerpt":{"rendered":"<p>Tornelli WR Vip Progettati appositamente per passaggi VIP, passaggi per disabili o passaggi materiali. Sono disponibili due modelli diversi. Anta in plexiglass motorizzata bifacciale; Ala a U motorizzata bifacciale; Nei cancelli a battente viene utilizzato solo acciaio inossidabile, tutti prodotti nei nostri stabilimenti. Pu\u00f2 essere utilizzato facilmente all&#8217;interno e all&#8217;esterno. Quando richiesto, vengono aggiunti sul [&hellip;]<\/p>\n","protected":false},"featured_media":56025,"template":"","meta":[],"product_brand":[],"product_cat":[3856,4283],"product_tag":[],"yst_prominent_words":[],"class_list":{"0":"post-55169","1":"product","2":"type-product","3":"status-publish","4":"has-post-thumbnail","6":"product_cat-tornelli","7":"product_cat-tornelli-winsertech","9":"first","10":"instock","11":"taxable","12":"shipping-taxable","13":"purchasable","14":"product-type-simple"},"_links":{"self":[{"href":"https:\/\/osatech.ch\/shop\/index.php\/wp-json\/wp\/v2\/product\/55169","targetHints":{"allow":["GET"]}}],"collection":[{"href":"https:\/\/osatech.ch\/shop\/index.php\/wp-json\/wp\/v2\/product"}],"about":[{"href":"https:\/\/osatech.ch\/shop\/index.php\/wp-json\/wp\/v2\/types\/product"}],"wp:featuredmedia":[{"embeddable":true,"href":"https:\/\/osatech.ch\/shop\/index.php\/wp-json\/wp\/v2\/media\/56025"}],"wp:attachment":[{"href":"https:\/\/osatech.ch\/shop\/index.php\/wp-json\/wp\/v2\/media?parent=55169"}],"wp:term":[{"taxonomy":"product_brand","embeddable":true,"href":"https:\/\/osatech.ch\/shop\/index.php\/wp-json\/wp\/v2\/product_brand?post=55169"},{"taxonomy":"product_cat","embeddable":true,"href":"https:\/\/osatech.ch\/shop\/index.php\/wp-json\/wp\/v2\/product_cat?post=55169"},{"taxonomy":"product_tag","embeddable":true,"href":"https:\/\/osatech.ch\/shop\/index.php\/wp-json\/wp\/v2\/product_tag?post=55169"},{"taxonomy":"yst_prominent_words","embeddable":true,"href":"https:\/\/osatech.ch\/shop\/index.php\/wp-json\/wp\/v2\/yst_prominent_words?post=55169"}],"curies":[{"name":"wp","href":"https:\/\/api.w.org\/{rel}","templated":true}]}}