{"id":55098,"date":"2024-08-12T18:34:22","date_gmt":"2024-08-12T16:34:22","guid":{"rendered":"https:\/\/osatech.ch\/shop\/index.php\/prodotto\/speedgate-a-doppia-anta-wr-220-turnstiles"},"modified":"2024-08-28T14:06:24","modified_gmt":"2024-08-28T12:06:24","slug":"speedgate-a-doppia-anta-wr-220-turnstiles","status":"publish","type":"product","link":"https:\/\/osatech.ch\/shop\/index.php\/prodotto\/speedgate-a-doppia-anta-wr-220-turnstiles","title":{"rendered":"Speedgate a doppia anta WR-220 TURNSTILES"},"content":{"rendered":"<p>I tornelli WR-220 Rapid Transit sono appositamente progettati per ingressi di piazze dove ci sono transizioni pesanti. Hanno un funzionamento rapido e silenzioso.<\/p>\n<p>L&#8217;unit\u00e0 di controllo elettronica del tornello WR-220 Fast Access monitora i movimenti delle persone che entrano ed escono dai tornelli lungo il tornello con l&#8217;ausilio di sensori ottici. In questo modo, l&#8217;unit\u00e0 di controllo elettronica decide i movimenti della persona che attraversa il tornello in base alla posizione.<\/p>\n<p>Il tornello WR-220 Quick Access pu\u00f2 funzionare in posizione normalmente aperta o normalmente chiusa a seconda del passaggio da entrambe le direzioni o da una sola direzione. Le alette del tornello WR-220 Quick Access si muovono ad alta velocit\u00e0 con un motore elettromeccanico. Le intrusioni vengono rilevate da ottiche appositamente posizionate.<\/p>\n<p>I pannelli laterali del tornello WR-220 Quick Access sono realizzati in plexiglas, la piastra superiore \u00e8 in granito e le altre parti metalliche visibili sono realizzate in acciaio inossidabile AISI 304, mentre tutte le parti interne del telaio sono realizzate in acciaio zincato. Inoltre, pu\u00f2 essere offerto opzionalmente con design specifici per il cliente con diverse opzioni di tavolo superiore e pannello laterale.<\/p>\n<p>Con l&#8217;unit\u00e0 di raccolta delle tessere dei visitatori integrata offerta come opzione nel tornello WR-220 Fast Pass, le tessere dei visitatori che sono entrati nella struttura con le loro tessere vengono raccolte nello slot di raccolta delle tessere WR-222 all&#8217;uscita. I tornelli WR-220 Fast Access, che sono prodotti in conformit\u00e0 con tutti i tipi di lettori, possono essere facilmente applicati ai sistemi di controllo degli accessi pi\u00f9 complessi.<\/p>\n<p>Il tornello ad accesso rapido WR-220 pu\u00f2 opzionalmente passare alla posizione aperta in caso di interruzione di corrente.<\/p>\n<p>Corpo Il telaio principale \u00e8 in acciaio zincato, i pannelli laterali e frontali sono in acciaio inossidabile di qualit\u00e0 304, il pannello superiore \u00e8 in acciaio inossidabile di qualit\u00e0 304<br \/>\nBracci Movimento angolare, plexiglass 10 mm (Opt.: vetro temperato antiurto 10 mm)<br \/>\nPeso Corpo singolo ~ 75 kg Corpo doppio ~ 90 kg<br \/>\nIndicatori Gli indicatori di deviazione sono disponibili di serie<br \/>\nTemperatura di esercizio -20 +60\u00b0C<br \/>\nAccessori Pannelli laterali in plexiglass colorato speciale, piano in vetro nero, rivestimento a membrana, granito<br \/>\nEnergia 176-264 VAC 50 Hz Standby 10 W &#8211; Transizione 80 W<\/p>\n","protected":false},"excerpt":{"rendered":"<p>I tornelli WR-220 Rapid Transit sono appositamente progettati per ingressi di piazze dove ci sono transizioni pesanti. Hanno un funzionamento rapido e silenzioso. L&#8217;unit\u00e0 di controllo elettronica del tornello WR-220 Fast Access monitora i movimenti delle persone che entrano ed escono dai tornelli lungo il tornello con l&#8217;ausilio di sensori ottici. In questo modo, l&#8217;unit\u00e0 [&hellip;]<\/p>\n","protected":false},"featured_media":55097,"template":"","meta":[],"product_brand":[],"product_cat":[4081,4294],"product_tag":[],"yst_prominent_words":[],"class_list":{"0":"post-55098","1":"product","2":"type-product","3":"status-publish","4":"has-post-thumbnail","6":"product_cat-speed-gate","7":"product_cat-speedgate-winsertech","9":"first","10":"instock","11":"taxable","12":"shipping-taxable","13":"purchasable","14":"product-type-simple"},"_links":{"self":[{"href":"https:\/\/osatech.ch\/shop\/index.php\/wp-json\/wp\/v2\/product\/55098","targetHints":{"allow":["GET"]}}],"collection":[{"href":"https:\/\/osatech.ch\/shop\/index.php\/wp-json\/wp\/v2\/product"}],"about":[{"href":"https:\/\/osatech.ch\/shop\/index.php\/wp-json\/wp\/v2\/types\/product"}],"wp:featuredmedia":[{"embeddable":true,"href":"https:\/\/osatech.ch\/shop\/index.php\/wp-json\/wp\/v2\/media\/55097"}],"wp:attachment":[{"href":"https:\/\/osatech.ch\/shop\/index.php\/wp-json\/wp\/v2\/media?parent=55098"}],"wp:term":[{"taxonomy":"product_brand","embeddable":true,"href":"https:\/\/osatech.ch\/shop\/index.php\/wp-json\/wp\/v2\/product_brand?post=55098"},{"taxonomy":"product_cat","embeddable":true,"href":"https:\/\/osatech.ch\/shop\/index.php\/wp-json\/wp\/v2\/product_cat?post=55098"},{"taxonomy":"product_tag","embeddable":true,"href":"https:\/\/osatech.ch\/shop\/index.php\/wp-json\/wp\/v2\/product_tag?post=55098"},{"taxonomy":"yst_prominent_words","embeddable":true,"href":"https:\/\/osatech.ch\/shop\/index.php\/wp-json\/wp\/v2\/yst_prominent_words?post=55098"}],"curies":[{"name":"wp","href":"https:\/\/api.w.org\/{rel}","templated":true}]}}