{"id":55055,"date":"2024-08-12T16:53:21","date_gmt":"2024-08-12T14:53:21","guid":{"rendered":"https:\/\/osatech.ch\/shop\/index.php\/prodotto\/jablotron-ja-156e-tastiera-schermo-tattile-senza-fili-con-lettore-rfid-antracite"},"modified":"2025-11-28T16:15:33","modified_gmt":"2025-11-28T15:15:33","slug":"jablotron-ja-156e-tastiera-schermo-tattile-senza-fili-con-lettore-rfid-antracite","status":"publish","type":"product","link":"https:\/\/osatech.ch\/shop\/index.php\/prodotto\/jablotron-ja-156e-tastiera-schermo-tattile-senza-fili-con-lettore-rfid-antracite","title":{"rendered":"Jablotron JA-156E Tastiera schermo tattile senza fili con lettore RFID, antracite"},"content":{"rendered":"<p>Jablotron JA-156E Tastiera schermo tattile senza fili con lettore RFID, antracite<\/p>\n<p>La tastiera \u00e8 un componente senza fili del sistema JABLOTRON ed \u00e8 progettata per essere azionata al tatto.<br \/>\nQuesto prodotto \u00e8 compatibile con i pannelli di controllo JA-103K e JA-107K.<\/p>\n","protected":false},"excerpt":{"rendered":"<p>Jablotron JA-156E Tastiera schermo tattile senza fili con lettore RFID, antracite La tastiera \u00e8 un componente senza fili del sistema JABLOTRON ed \u00e8 progettata per essere azionata al tatto. Questo prodotto \u00e8 compatibile con i pannelli di controllo JA-103K e JA-107K.<\/p>\n","protected":false},"featured_media":228408,"template":"","meta":[],"product_brand":[],"product_cat":[3999,4104],"product_tag":[],"yst_prominent_words":[],"class_list":{"0":"post-55055","1":"product","2":"type-product","3":"status-publish","4":"has-post-thumbnail","6":"product_cat-allarmi-casa-e-ufficio-jablotron","7":"product_cat-tastiere-jablotron-allarmi-casa-e-ufficio-jablotron","9":"first","10":"instock","11":"taxable","12":"shipping-taxable","13":"purchasable","14":"product-type-simple"},"_links":{"self":[{"href":"https:\/\/osatech.ch\/shop\/index.php\/wp-json\/wp\/v2\/product\/55055","targetHints":{"allow":["GET"]}}],"collection":[{"href":"https:\/\/osatech.ch\/shop\/index.php\/wp-json\/wp\/v2\/product"}],"about":[{"href":"https:\/\/osatech.ch\/shop\/index.php\/wp-json\/wp\/v2\/types\/product"}],"wp:featuredmedia":[{"embeddable":true,"href":"https:\/\/osatech.ch\/shop\/index.php\/wp-json\/wp\/v2\/media\/228408"}],"wp:attachment":[{"href":"https:\/\/osatech.ch\/shop\/index.php\/wp-json\/wp\/v2\/media?parent=55055"}],"wp:term":[{"taxonomy":"product_brand","embeddable":true,"href":"https:\/\/osatech.ch\/shop\/index.php\/wp-json\/wp\/v2\/product_brand?post=55055"},{"taxonomy":"product_cat","embeddable":true,"href":"https:\/\/osatech.ch\/shop\/index.php\/wp-json\/wp\/v2\/product_cat?post=55055"},{"taxonomy":"product_tag","embeddable":true,"href":"https:\/\/osatech.ch\/shop\/index.php\/wp-json\/wp\/v2\/product_tag?post=55055"},{"taxonomy":"yst_prominent_words","embeddable":true,"href":"https:\/\/osatech.ch\/shop\/index.php\/wp-json\/wp\/v2\/yst_prominent_words?post=55055"}],"curies":[{"name":"wp","href":"https:\/\/api.w.org\/{rel}","templated":true}]}}