{"id":54909,"date":"2024-08-11T20:31:22","date_gmt":"2024-08-11T18:31:22","guid":{"rendered":"https:\/\/osatech.ch\/shop\/index.php\/prodotto\/totem-multimediale-da-interno-t85-extra-monofacciale-4k"},"modified":"2024-08-28T14:40:00","modified_gmt":"2024-08-28T12:40:00","slug":"totem-multimediale-da-interno-t85-extra-monofacciale-4k","status":"publish","type":"product","link":"https:\/\/osatech.ch\/shop\/index.php\/prodotto\/totem-multimediale-da-interno-t85-extra-monofacciale-4k","title":{"rendered":"Totem multimediale da interno T85&#8243; extra monofacciale 4K"},"content":{"rendered":"<p>Sorpresa e informazione per il tuo pubblico con soluzioni all&#8217;avanguardia:<br \/>\nPerfetti per veicolare contenuti multimediali promozionali e informativi, i totem della serie T extra catturano l&#8217;attenzione del pubblico, migliorando la loro esperienza d&#8217;acquisto. Questi totem offrono una comunicazione innovativa a tutto schermo con una profondit\u00e0 di soli 17,6 cm (esclusa la base). Realizzati con un telaio in alluminio e dotati di monitor Samsung SMART Signage professionale, si distinguono per la loro versatilit\u00e0, adattandosi facilmente a diverse esigenze di spazio e comunicazione. L&#8217;estetica raffinata del prodotto \u00e8 ulteriormente valorizzata dalla possibilit\u00e0 di scegliere tra una struttura bianca o nera, garantendo un perfetto abbinamento visivo in ogni contesto.<\/p>\n<p>Colore Struttura: Bianco, Nero<br \/>\nPollici: 85&#8243; Samsung<br \/>\nRisoluzione: 2160 x 3840 (16:9)<br \/>\nLuminosit\u00e0\/Candelaggio: 350 nit<br \/>\nIngombro: 109,9 x 237 x 70 cm<br \/>\nPlayer Integrato: Samsung MagicInfo<br \/>\nConsegnato montato: Si<br \/>\nTouch screen: No<br \/>\nPeso: 95 Kg<\/p>\n<p>Dalla seguente offerta sono esclusi:<br \/>\n-&gt; Personalizzazione grafica esterno totem<br \/>\n-&gt; Ruote<br \/>\n-&gt; Player di riproduzione<br \/>\n-&gt; Tutti gli accessori non descritti nell&#8217;offerta <\/p>\n","protected":false},"excerpt":{"rendered":"<p>Sorpresa e informazione per il tuo pubblico con soluzioni all&#8217;avanguardia: Perfetti per veicolare contenuti multimediali promozionali e informativi, i totem della serie T extra catturano l&#8217;attenzione del pubblico, migliorando la loro esperienza d&#8217;acquisto. Questi totem offrono una comunicazione innovativa a tutto schermo con una profondit\u00e0 di soli 17,6 cm (esclusa la base). Realizzati con un [&hellip;]<\/p>\n","protected":false},"featured_media":54912,"template":"","meta":[],"product_brand":[],"product_cat":[3955,4128],"product_tag":[],"yst_prominent_words":[],"class_list":{"0":"post-54909","1":"product","2":"type-product","3":"status-publish","4":"has-post-thumbnail","6":"product_cat-totem","7":"product_cat-totem-da-interno","9":"first","10":"instock","11":"taxable","12":"shipping-taxable","13":"purchasable","14":"product-type-simple"},"_links":{"self":[{"href":"https:\/\/osatech.ch\/shop\/index.php\/wp-json\/wp\/v2\/product\/54909","targetHints":{"allow":["GET"]}}],"collection":[{"href":"https:\/\/osatech.ch\/shop\/index.php\/wp-json\/wp\/v2\/product"}],"about":[{"href":"https:\/\/osatech.ch\/shop\/index.php\/wp-json\/wp\/v2\/types\/product"}],"wp:featuredmedia":[{"embeddable":true,"href":"https:\/\/osatech.ch\/shop\/index.php\/wp-json\/wp\/v2\/media\/54912"}],"wp:attachment":[{"href":"https:\/\/osatech.ch\/shop\/index.php\/wp-json\/wp\/v2\/media?parent=54909"}],"wp:term":[{"taxonomy":"product_brand","embeddable":true,"href":"https:\/\/osatech.ch\/shop\/index.php\/wp-json\/wp\/v2\/product_brand?post=54909"},{"taxonomy":"product_cat","embeddable":true,"href":"https:\/\/osatech.ch\/shop\/index.php\/wp-json\/wp\/v2\/product_cat?post=54909"},{"taxonomy":"product_tag","embeddable":true,"href":"https:\/\/osatech.ch\/shop\/index.php\/wp-json\/wp\/v2\/product_tag?post=54909"},{"taxonomy":"yst_prominent_words","embeddable":true,"href":"https:\/\/osatech.ch\/shop\/index.php\/wp-json\/wp\/v2\/yst_prominent_words?post=54909"}],"curies":[{"name":"wp","href":"https:\/\/api.w.org\/{rel}","templated":true}]}}