{"id":44908,"date":"2024-05-20T11:07:17","date_gmt":"2024-05-20T09:07:17","guid":{"rendered":"https:\/\/osatech.ch\/shop\/index.php\/prodotto\/condizionatore-mono-panasonic-professional-cs-z25ykea-9000-btu"},"modified":"2026-03-12T14:56:59","modified_gmt":"2026-03-12T13:56:59","slug":"condizionatore-mono-panasonic-professional-cs-z25ykea-9000-btu","status":"publish","type":"product","link":"https:\/\/osatech.ch\/shop\/index.php\/prodotto\/condizionatore-mono-panasonic-professional-cs-z25ykea-9000-btu","title":{"rendered":"Condizionatore Mono Panasonic Professional CS-Z25YKEA 9000 BTU"},"content":{"rendered":"<p>Unit\u00e0 interna CS-Z25YKEA<br \/>\nUnit\u00e0 esterna CU-Z25YKEA<\/p>\n<p>Linea completa ad alta efficienza anche a -25\u00b0C.<br \/>\nQuesto climatizzatore a parete \u00e8 stato appositamente progettato per applicazioni professionali quali per esempio le sale server, dove \u00e8 necessario raffrescare l&#8217;ambiente interno anche quando la temperatura esterna \u00e8 bassa. Inoltre, questo climatizzatore \u00e8 dotato di un sistema di commutazione automatica, per mantenere la temperatura interna anche in caso di forti variazioni della temperatura esterna.<\/p>\n<p>Sistema progettato in funzione dell\u2019uso continuo 24\/7.<br \/>\nNuovo telecomando a filo, con modalit\u00e0 di rotazione opzionale.<br \/>\nValori SEER \/ SCOP migliorati per ottenere un&#8217;efficienza energetica di prim&#8217;ordine.<br \/>\nAerowings 2.0, per un migliore controllo del flusso d&#8217;aria.<br \/>\nWi-Fi integrato per una connettivit\u00e0 istantanea tramite App Panasonic Comfort Cloud.<br \/>\nCompatibile con Google Assistant e Amazon Alexa.<br \/>\nTelaio e componenti progettati per una pi\u00f9 facile installazione.<\/p>\n","protected":false},"excerpt":{"rendered":"<p>Unit\u00e0 interna CS-Z25YKEA Unit\u00e0 esterna CU-Z25YKEA Linea completa ad alta efficienza anche a -25\u00b0C. Questo climatizzatore a parete \u00e8 stato appositamente progettato per applicazioni professionali quali per esempio le sale server, dove \u00e8 necessario raffrescare l&#8217;ambiente interno anche quando la temperatura esterna \u00e8 bassa. Inoltre, questo climatizzatore \u00e8 dotato di un sistema di commutazione automatica, [&hellip;]<\/p>\n","protected":false},"featured_media":44907,"template":"","meta":[],"product_brand":[],"product_cat":[3953,4274],"product_tag":[],"yst_prominent_words":[],"class_list":{"0":"post-44908","1":"product","2":"type-product","3":"status-publish","4":"has-post-thumbnail","6":"product_cat-condizionatori-con-unita-esterna","7":"product_cat-panasonic","9":"first","10":"instock","11":"taxable","12":"shipping-taxable","13":"purchasable","14":"product-type-simple"},"_links":{"self":[{"href":"https:\/\/osatech.ch\/shop\/index.php\/wp-json\/wp\/v2\/product\/44908","targetHints":{"allow":["GET"]}}],"collection":[{"href":"https:\/\/osatech.ch\/shop\/index.php\/wp-json\/wp\/v2\/product"}],"about":[{"href":"https:\/\/osatech.ch\/shop\/index.php\/wp-json\/wp\/v2\/types\/product"}],"wp:featuredmedia":[{"embeddable":true,"href":"https:\/\/osatech.ch\/shop\/index.php\/wp-json\/wp\/v2\/media\/44907"}],"wp:attachment":[{"href":"https:\/\/osatech.ch\/shop\/index.php\/wp-json\/wp\/v2\/media?parent=44908"}],"wp:term":[{"taxonomy":"product_brand","embeddable":true,"href":"https:\/\/osatech.ch\/shop\/index.php\/wp-json\/wp\/v2\/product_brand?post=44908"},{"taxonomy":"product_cat","embeddable":true,"href":"https:\/\/osatech.ch\/shop\/index.php\/wp-json\/wp\/v2\/product_cat?post=44908"},{"taxonomy":"product_tag","embeddable":true,"href":"https:\/\/osatech.ch\/shop\/index.php\/wp-json\/wp\/v2\/product_tag?post=44908"},{"taxonomy":"yst_prominent_words","embeddable":true,"href":"https:\/\/osatech.ch\/shop\/index.php\/wp-json\/wp\/v2\/yst_prominent_words?post=44908"}],"curies":[{"name":"wp","href":"https:\/\/api.w.org\/{rel}","templated":true}]}}