{"id":41563,"date":"2024-05-17T15:34:19","date_gmt":"2024-05-17T13:34:19","guid":{"rendered":"https:\/\/osatech.ch\/shop\/index.php\/prodotto\/condizionatore-mono-hisense-energy-ultra-ke50mr01g-18000-btu"},"modified":"2026-03-12T15:04:59","modified_gmt":"2026-03-12T14:04:59","slug":"condizionatore-mono-hisense-energy-ultra-ke50mr01g-18000-btu","status":"publish","type":"product","link":"https:\/\/osatech.ch\/shop\/index.php\/prodotto\/condizionatore-mono-hisense-energy-ultra-ke50mr01g-18000-btu","title":{"rendered":"Condizionatore Mono Hisense Energy Ultra KE50MR01G 18000 BTU"},"content":{"rendered":"<p>Unit\u00e0 interna KE50MR01G<br \/>\nUnit\u00e0 esterna AS50MR01W<\/p>\n<p>Il telecomando pu\u00f2 impostare differenti angolazioni delle alette, fino a 6 in direzione sopra\/sotto, 3 in direzione sinistra\/destra e tante opzioni di regolazione dell\u2019aria per le diverse esigenze di funzionamento.<\/p>\n<p>I climatizzatori Inverter Hisense racchiudono tecnologie avanzate per garantire efficienza, risparmio energetico, silenziosit\u00e0 e comfort.<\/p>\n<p>I climatizzatori Hisense si gestiscono comodamente dentro e fuori casa con un dispositivo mobile e una connessione Wi-Fi. ConnectLife \u00e8 l&#8217;App semplice da usare e con un\u2019interfaccia intuitiva che permette di controllare il climatizzatore ovunque ci si trovi. L\u2019App \u00e8 disponibile per iOS e Android.<\/p>\n<p>La tecnologia di pulizia brevettata da Hisense assicura il massimo delle prestazioni dell\u2019unit\u00e0 interna ed esterna. Il processo di auto-pulizia tramite ciclo di congelamento, sbrinamento e asciugatura ad alte temperature rimuove polvere, batteri dalle unit\u00e0 in modo semplice ed efficace per mantenere il condizionatore pulito e sicuro. La funzione Self-Clean si attiva da telecomando ed \u00e8 disponibile su tutte le unit\u00e0 interne a parete e sulle unit\u00e0 esterne monosplit.<\/p>\n<p>&#8211; Controllo Wi-Fi<br \/>\n&#8211; Controllo Smart Voice<br \/>\n&#8211; HI-NANO<br \/>\n&#8211; 19 db(A)<br \/>\n&#8211; Self-Clean<br \/>\n&#8211; Unit\u00e0 universale<br \/>\n&#8211; Display LED<\/p>\n","protected":false},"excerpt":{"rendered":"<p>Unit\u00e0 interna KE50MR01G Unit\u00e0 esterna AS50MR01W Il telecomando pu\u00f2 impostare differenti angolazioni delle alette, fino a 6 in direzione sopra\/sotto, 3 in direzione sinistra\/destra e tante opzioni di regolazione dell\u2019aria per le diverse esigenze di funzionamento. I climatizzatori Inverter Hisense racchiudono tecnologie avanzate per garantire efficienza, risparmio energetico, silenziosit\u00e0 e comfort. I climatizzatori Hisense si [&hellip;]<\/p>\n","protected":false},"featured_media":41562,"template":"","meta":[],"product_brand":[],"product_cat":[3953,4271],"product_tag":[],"yst_prominent_words":[],"class_list":{"0":"post-41563","1":"product","2":"type-product","3":"status-publish","4":"has-post-thumbnail","6":"product_cat-condizionatori-con-unita-esterna","7":"product_cat-hisense","9":"first","10":"instock","11":"taxable","12":"shipping-taxable","13":"purchasable","14":"product-type-simple"},"_links":{"self":[{"href":"https:\/\/osatech.ch\/shop\/index.php\/wp-json\/wp\/v2\/product\/41563","targetHints":{"allow":["GET"]}}],"collection":[{"href":"https:\/\/osatech.ch\/shop\/index.php\/wp-json\/wp\/v2\/product"}],"about":[{"href":"https:\/\/osatech.ch\/shop\/index.php\/wp-json\/wp\/v2\/types\/product"}],"wp:featuredmedia":[{"embeddable":true,"href":"https:\/\/osatech.ch\/shop\/index.php\/wp-json\/wp\/v2\/media\/41562"}],"wp:attachment":[{"href":"https:\/\/osatech.ch\/shop\/index.php\/wp-json\/wp\/v2\/media?parent=41563"}],"wp:term":[{"taxonomy":"product_brand","embeddable":true,"href":"https:\/\/osatech.ch\/shop\/index.php\/wp-json\/wp\/v2\/product_brand?post=41563"},{"taxonomy":"product_cat","embeddable":true,"href":"https:\/\/osatech.ch\/shop\/index.php\/wp-json\/wp\/v2\/product_cat?post=41563"},{"taxonomy":"product_tag","embeddable":true,"href":"https:\/\/osatech.ch\/shop\/index.php\/wp-json\/wp\/v2\/product_tag?post=41563"},{"taxonomy":"yst_prominent_words","embeddable":true,"href":"https:\/\/osatech.ch\/shop\/index.php\/wp-json\/wp\/v2\/yst_prominent_words?post=41563"}],"curies":[{"name":"wp","href":"https:\/\/api.w.org\/{rel}","templated":true}]}}