{"id":41539,"date":"2024-05-17T15:24:19","date_gmt":"2024-05-17T13:24:19","guid":{"rendered":"https:\/\/osatech.ch\/shop\/index.php\/prodotto\/condizionatore-mono-hisense-pro-plus-qe35xv2ag-12000-btu"},"modified":"2026-03-12T15:04:53","modified_gmt":"2026-03-12T14:04:53","slug":"condizionatore-mono-hisense-pro-plus-qe35xv2ag-12000-btu","status":"publish","type":"product","link":"https:\/\/osatech.ch\/shop\/index.php\/prodotto\/condizionatore-mono-hisense-pro-plus-qe35xv2ag-12000-btu","title":{"rendered":"Condizionatore Mono Hisense Pro Plus QE35XV2AG 12000 BTU"},"content":{"rendered":"<p>Unit\u00e0 interna QE35XV2AG<br \/>\nUnit\u00e0 esterna QE35XV2XW<\/p>\n<p>I climatizzatori Energy Pro Plus, sono dotati di un rilevatore di presenza \u00abSmart Eye\u00bb che, tramite scansione a infrarossi, individua la posizione delle persone in ambiente e l\u2019attivit\u00e0 in corso e regola il flusso d\u2019aria di conseguenza. \u00abSmart Eye\u00bb si attiva direttamente dal telecomando.<\/p>\n<p>Il telecomando pu\u00f2 impostare differenti angolazioni delle alette, fino a 6 in direzione sopra\/sotto, 3 in direzione sinistra\/destra e tante opzioni di regolazione dell\u2019aria per le diverse esigenze di funzionamento.<\/p>\n<p>Con Energy Pro Plus \u00e8 possibile scegliere fra due modalit\u00e0 di direzione del flusso d&#8217;aria in relazione alla presenza di persone in ambiente. In modalit\u00e0 diretta il flusso d&#8217;aria \u00e8 indirizzato sulla persona, in modalit\u00e0 indiretta il flusso \u00e8 veicolato nelle zone dove il climatizzatore non rileva la presenza di persone.<\/p>\n<p>La nuova app ConnectLife \u00e8 compatibile con Alexa e Google Assistant: grazie all\u2019interazione vocale, \u00e8 possibile accendere, spegnere, regolare la temperatura e impostare la modalit\u00e0 di funzionamento desiderata (raffrescamento o riscaldamento). Trovi ConnectLife nelle Skill di Alexa e nel catalogo di Google Assistant.<\/p>\n<p>La tecnologia di pulizia brevettata da Hisense assicura il massimo delle prestazioni dell\u2019unit\u00e0 interna ed esterna. Il processo di auto-pulizia tramite ciclo di congelamento, sbrinamento e asciugatura ad alte temperature rimuove polvere, batteri dalle unit\u00e0 in modo semplice ed efficace per mantenere il condizionatore pulito e sicuro. La funzione Self-Clean si attiva da telecomando ed \u00e8 disponibile su tutte le unit\u00e0 interne a parete e sulle unit\u00e0 esterne monosplit.<\/p>\n<p>&#8211; Regolazione automatica del \ufb02usso d&#8217;aria<br \/>\n&#8211; Controllo Wi-Fi<br \/>\n&#8211; Controllo Smart Voice<br \/>\n&#8211; 19 db(A)<br \/>\n&#8211; HI-NANO<br \/>\n&#8211; Flusso d&#8217;aria diretto\/indiretto<br \/>\n&#8211; Smart Eye<br \/>\n&#8211; AI Smart<\/p>\n","protected":false},"excerpt":{"rendered":"<p>Unit\u00e0 interna QE35XV2AG Unit\u00e0 esterna QE35XV2XW I climatizzatori Energy Pro Plus, sono dotati di un rilevatore di presenza \u00abSmart Eye\u00bb che, tramite scansione a infrarossi, individua la posizione delle persone in ambiente e l\u2019attivit\u00e0 in corso e regola il flusso d\u2019aria di conseguenza. \u00abSmart Eye\u00bb si attiva direttamente dal telecomando. Il telecomando pu\u00f2 impostare differenti [&hellip;]<\/p>\n","protected":false},"featured_media":41538,"template":"","meta":[],"product_brand":[],"product_cat":[3953,4271],"product_tag":[],"yst_prominent_words":[],"class_list":{"0":"post-41539","1":"product","2":"type-product","3":"status-publish","4":"has-post-thumbnail","6":"product_cat-condizionatori-con-unita-esterna","7":"product_cat-hisense","9":"first","10":"instock","11":"taxable","12":"shipping-taxable","13":"purchasable","14":"product-type-simple"},"_links":{"self":[{"href":"https:\/\/osatech.ch\/shop\/index.php\/wp-json\/wp\/v2\/product\/41539","targetHints":{"allow":["GET"]}}],"collection":[{"href":"https:\/\/osatech.ch\/shop\/index.php\/wp-json\/wp\/v2\/product"}],"about":[{"href":"https:\/\/osatech.ch\/shop\/index.php\/wp-json\/wp\/v2\/types\/product"}],"wp:featuredmedia":[{"embeddable":true,"href":"https:\/\/osatech.ch\/shop\/index.php\/wp-json\/wp\/v2\/media\/41538"}],"wp:attachment":[{"href":"https:\/\/osatech.ch\/shop\/index.php\/wp-json\/wp\/v2\/media?parent=41539"}],"wp:term":[{"taxonomy":"product_brand","embeddable":true,"href":"https:\/\/osatech.ch\/shop\/index.php\/wp-json\/wp\/v2\/product_brand?post=41539"},{"taxonomy":"product_cat","embeddable":true,"href":"https:\/\/osatech.ch\/shop\/index.php\/wp-json\/wp\/v2\/product_cat?post=41539"},{"taxonomy":"product_tag","embeddable":true,"href":"https:\/\/osatech.ch\/shop\/index.php\/wp-json\/wp\/v2\/product_tag?post=41539"},{"taxonomy":"yst_prominent_words","embeddable":true,"href":"https:\/\/osatech.ch\/shop\/index.php\/wp-json\/wp\/v2\/yst_prominent_words?post=41539"}],"curies":[{"name":"wp","href":"https:\/\/api.w.org\/{rel}","templated":true}]}}